{"id":4777,"date":"2024-06-24T20:09:48","date_gmt":"2024-06-24T17:09:48","guid":{"rendered":"https:\/\/ecoshop.ee\/?post_type=product&#038;p=4777"},"modified":"2025-12-25T19:35:23","modified_gmt":"2025-12-25T16:35:23","slug":"plona-rakinama-kamstine-pinigine-su-kisene-kortelems","status":"publish","type":"product","link":"https:\/\/ecoshop.ee\/lt\/rahakotid\/ohuke-kaarditaskuga-lukustatav-korgist-rahakott\/","title":{"rendered":"Plona kam\u0161tin\u0117 pinigin\u0117 su ki\u0161ene kortel\u0117ms ir spyna"},"content":{"rendered":"<p>Plona kam\u0161tin\u0117 pinigin\u0117 su korteli\u0173 skyreliais, pasi\u017eyminti gra\u017eiu nat\u016brali\u0173 ir metalini\u0173 spalv\u0173 deriniu bei maksimaliu funkcionalumu. Pinigin\u0117je yra 8 korteli\u0173 skyreliai, 1 skyrius pinigams ir 1 pagrindin\u0117 u\u017etraukiama ki\u0161en\u0117. Kompakti\u0161kiausiu b\u016bdu sutvarkykite visus savo kasdienius daiktus. \u0160i pinigin\u0117 si\u016bloma dviem skirtingais deriniais. Griebkite savo m\u0117gstamiausi\u0105 dabar!<\/p>\n<p>Kam\u0161tis nat\u016braliai atsparus vandeniui ir dar patvaresnis nei oda. Be to, kam\u0161\u010dio gamyba yra energij\u0105 taupanti, nes nereikia kirsti med\u017ei\u0173, o tik surinkti j\u0173 \u017eiev\u0119, kuri laikui b\u0117gant atsinaujina. Kam\u0161\u010dio lengvumas ir patogumas daro j\u012f idealiu pasirinkimu kasdieniam d\u0117v\u0117jimui.<\/p>\n<p><strong>Dydis:<\/strong><\/p>\n<ul>\n<li>Ilgis: 17 cm<\/li>\n<li>Plotis: 9 cm<\/li>\n<li>storis: 1 cm<\/li>\n<\/ul>","protected":false},"excerpt":{"rendered":"<p>\u00d5huke kaarditaskuga korgist rahakott mis pakub kauni loodusliku ja metallikv\u00e4rvi kombinatsioon koos maksimaalse funktsionaalsusega. Rahakotil on 8 kaarditaskut, 1 rahasahtel ja 1&hellip;<\/p>","protected":false},"featured_media":4784,"comment_status":"open","ping_status":"closed","template":"","meta":{"wprm-recipe-roundup-name":"","wprm-recipe-roundup-description":""},"product_brand":[],"product_cat":[241],"product_tag":[219],"class_list":{"0":"post-4777","1":"product","2":"type-product","3":"status-publish","4":"has-post-thumbnail","6":"product_cat-rahakotid","7":"product_tag-rahakott","9":"first","10":"instock","11":"taxable","12":"shipping-taxable","13":"purchasable","14":"product-type-variable"},"supplier_id":null,"supplier_sku":"","barcode":null,"atum_controlled":true,"out_stock_date":null,"out_stock_threshold":null,"inheritable":false,"inbound_stock":0,"stock_on_hold":0,"sold_today":0,"sales_last_days":0,"reserved_stock":0,"customer_returns":0,"warehouse_damage":0,"lost_in_post":0,"other_logs":0,"out_stock_days":0,"lost_sales":0,"has_location":false,"update_date":"2026-03-07T01:16:10","atum_locations":[],"atum_stock_status":"instock","restock_status":false,"low_stock_amount":"","sales_update_date":"2026-03-07T01:16:10","calc_backorders":null,"aioseo_notices":[],"_links":{"self":[{"href":"https:\/\/ecoshop.ee\/lt\/wp-json\/wp\/v2\/product\/4777","targetHints":{"allow":["GET"]}}],"collection":[{"href":"https:\/\/ecoshop.ee\/lt\/wp-json\/wp\/v2\/product"}],"about":[{"href":"https:\/\/ecoshop.ee\/lt\/wp-json\/wp\/v2\/types\/product"}],"replies":[{"embeddable":true,"href":"https:\/\/ecoshop.ee\/lt\/wp-json\/wp\/v2\/comments?post=4777"}],"version-history":[{"count":0,"href":"https:\/\/ecoshop.ee\/lt\/wp-json\/wp\/v2\/product\/4777\/revisions"}],"wp:featuredmedia":[{"embeddable":true,"href":"https:\/\/ecoshop.ee\/lt\/wp-json\/wp\/v2\/media\/4784"}],"wp:attachment":[{"href":"https:\/\/ecoshop.ee\/lt\/wp-json\/wp\/v2\/media?parent=4777"}],"wp:term":[{"taxonomy":"product_brand","embeddable":true,"href":"https:\/\/ecoshop.ee\/lt\/wp-json\/wp\/v2\/product_brand?post=4777"},{"taxonomy":"product_cat","embeddable":true,"href":"https:\/\/ecoshop.ee\/lt\/wp-json\/wp\/v2\/product_cat?post=4777"},{"taxonomy":"product_tag","embeddable":true,"href":"https:\/\/ecoshop.ee\/lt\/wp-json\/wp\/v2\/product_tag?post=4777"}],"curies":[{"name":"wp","href":"https:\/\/api.w.org\/{rel}","templated":true}]}}