{"id":4792,"date":"2024-06-24T21:01:38","date_gmt":"2024-06-24T18:01:38","guid":{"rendered":"https:\/\/ecoshop.ee\/?post_type=product&#038;p=4792"},"modified":"2024-11-10T16:07:27","modified_gmt":"2024-11-10T13:07:27","slug":"elegantiskas-kamstinis-laikrodis","status":"publish","type":"product","link":"https:\/\/ecoshop.ee\/lt\/kaekellad-ja-ehted\/elegantne-korgist-kaekell\/","title":{"rendered":"Eleganti\u0161kas kam\u0161tinis laikrodis"},"content":{"rendered":"<p>Eleganti\u0161kas kam\u0161tinis laikrodis su med\u017eio ra\u0161to ciferblatu, pagamintas tvariai ir rank\u0173 darbo. Meistri\u0161kas kam\u0161tin\u0117s medienos apdirbimas suteikia jai mink\u0161tumo ir lankstumo, tod\u0117l j\u0105 patogu ir patogu ne\u0161ioti. Reguliuojamas dir\u017eelis u\u017etikrina puik\u0173 prigludim\u0105. \u0160is kam\u0161tinis laikrodis supakuotas unikalioje dovan\u0173 d\u0117\u017eut\u0117je, tod\u0117l tai puiki dovana draugams, giminai\u010diams ir kolegoms.<\/p>\n<p>Kam\u0161tis nat\u016braliai atsparus vandeniui ir dar patvaresnis nei oda. Be to, kam\u0161\u010dio gamyba yra energij\u0105 taupanti, nes nereikia kirsti med\u017ei\u0173, o tik surinkti j\u0173 \u017eiev\u0119, kuri laikui b\u0117gant atsinaujina. Kam\u0161\u010dio lengvumas ir patogumas daro j\u012f idealiu pasirinkimu kasdieniam d\u0117v\u0117jimui.<\/p>\n<p><strong>Dydis:<\/strong><\/p>\n<ul>\n<li>Ilgis: 25 cm<\/li>\n<li>Ciferblato plotis: 4 cm<\/li>\n<li>Plotis: 2 cm<\/li>\n<\/ul>","protected":false},"excerpt":{"rendered":"<p>Elegantne korgist rihmaga k\u00e4ekell puidumustriga sihverplaadiga, j\u00e4tkusuutlikult toodetud ja k\u00e4sit\u00f6\u00f6na valmistatud. Oskuslik korgit\u00f6\u00f6tlemine teeb selle pehmeks ja painduvaks muutes selle kandmise sujuvaks&hellip;<\/p>","protected":false},"featured_media":4793,"comment_status":"open","ping_status":"closed","template":"","meta":{"wprm-recipe-roundup-name":"","wprm-recipe-roundup-description":""},"product_brand":[],"product_cat":[243],"product_tag":[222],"class_list":{"0":"post-4792","1":"product","2":"type-product","3":"status-publish","4":"has-post-thumbnail","6":"product_cat-kaekellad-ja-ehted","7":"product_tag-kell","9":"first","10":"outofstock","11":"taxable","12":"shipping-taxable","13":"purchasable","14":"product-type-simple"},"supplier_id":9159,"supplier_sku":"","barcode":null,"atum_controlled":true,"out_stock_date":"2024-11-10 15:05:39","out_stock_threshold":null,"inheritable":false,"inbound_stock":0,"stock_on_hold":0,"sold_today":0,"sales_last_days":0,"reserved_stock":0,"customer_returns":0,"warehouse_damage":0,"lost_in_post":0,"other_logs":0,"out_stock_days":481,"lost_sales":1992,"has_location":false,"update_date":"2026-03-07T01:16:01","atum_locations":[],"atum_stock_status":"outofstock","restock_status":false,"low_stock_amount":"","sales_update_date":"2026-03-07T01:16:01","calc_backorders":null,"aioseo_notices":[],"_links":{"self":[{"href":"https:\/\/ecoshop.ee\/lt\/wp-json\/wp\/v2\/product\/4792","targetHints":{"allow":["GET"]}}],"collection":[{"href":"https:\/\/ecoshop.ee\/lt\/wp-json\/wp\/v2\/product"}],"about":[{"href":"https:\/\/ecoshop.ee\/lt\/wp-json\/wp\/v2\/types\/product"}],"replies":[{"embeddable":true,"href":"https:\/\/ecoshop.ee\/lt\/wp-json\/wp\/v2\/comments?post=4792"}],"version-history":[{"count":0,"href":"https:\/\/ecoshop.ee\/lt\/wp-json\/wp\/v2\/product\/4792\/revisions"}],"wp:featuredmedia":[{"embeddable":true,"href":"https:\/\/ecoshop.ee\/lt\/wp-json\/wp\/v2\/media\/4793"}],"wp:attachment":[{"href":"https:\/\/ecoshop.ee\/lt\/wp-json\/wp\/v2\/media?parent=4792"}],"wp:term":[{"taxonomy":"product_brand","embeddable":true,"href":"https:\/\/ecoshop.ee\/lt\/wp-json\/wp\/v2\/product_brand?post=4792"},{"taxonomy":"product_cat","embeddable":true,"href":"https:\/\/ecoshop.ee\/lt\/wp-json\/wp\/v2\/product_cat?post=4792"},{"taxonomy":"product_tag","embeddable":true,"href":"https:\/\/ecoshop.ee\/lt\/wp-json\/wp\/v2\/product_tag?post=4792"}],"curies":[{"name":"wp","href":"https:\/\/api.w.org\/{rel}","templated":true}]}}