{"id":4801,"date":"2024-06-24T21:40:00","date_gmt":"2024-06-24T18:40:00","guid":{"rendered":"https:\/\/ecoshop.ee\/?post_type=product&#038;p=4801"},"modified":"2025-12-25T19:44:33","modified_gmt":"2025-12-25T16:44:33","slug":"kamstine-uzrasu-knygele-su-korteliu-kisene-ir-rasiklio-laikikliu","status":"publish","type":"product","link":"https:\/\/ecoshop.ee\/lt\/tarvikud\/korgist-markmik-kaarditasku-ja-pliiatsihoidjaga\/","title":{"rendered":"Kam\u0161tin\u0117 u\u017era\u0161\u0173 knygel\u0117 su korteli\u0173 ki\u0161ene ir ra\u0161iklio laikikliu"},"content":{"rendered":"<p>Kam\u0161tin\u0117 u\u017era\u0161in\u0117 \u2013 eleganti\u0161kas funkcionalumo ir stiliaus derinys, si\u016bloma trij\u0173 gra\u017ei\u0173 spalv\u0173: nat\u016bralios, bordo ir rudos. Pakelkite savo kasdienio dienora\u0161\u010dio ra\u0161ymo patirt\u012f \u012f kit\u0105 lyg\u012f ir palikite ilgalaik\u012f \u012fsp\u016bd\u012f su \u0161ia gra\u017eiai pagaminta u\u017era\u0161ine. Vienas i\u0161skirtiniausi\u0173 \u0161ios u\u017era\u0161in\u0117s savybi\u0173 \u2013 speciali korteli\u0173 ki\u0161en\u0117, kurioje telpa iki keturi\u0173 banko ar vizitini\u0173 korteli\u0173, tod\u0117l ji yra universalus pagalbininkas atliekant kasdienius reikalus.<\/p>\n<p>Idealiai tinkantis \u012fvairiems tikslams, \u0161is u\u017era\u0161\u0173 knygut\u0117 gali b\u016bti j\u016bs\u0173 asmeninis ra\u0161ymo \u017eurnalas, kelioni\u0173 \u017eurnalas, profesionalus verslo u\u017era\u0161\u0173 knygut\u0117, kolegijos\/mokyklos kursini\u0173 darb\u0173 \u017eurnalas, planavimo priemon\u0117, u\u017era\u0161\u0173 knygel\u0117 ir dar daugiau. Tai taip pat puikus pasirinkimas kaip dovana draugams ir \u0161eimos nariams, suteikianti elegancijos ir prakti\u0161kumo j\u0173 kasdieniam gyvenimui.<\/p>\n<p><strong>Didelisused:<\/strong><\/p>\n<ul>\n<li>Ilgis: 21 cm<\/li>\n<li>Plotis 14 cm<\/li>\n<li>Storis: 1,5 cm<\/li>\n<\/ul>","protected":false},"excerpt":{"rendered":"<p>Korgist m\u00e4rkmik &#8211; funktsionaalsuse ja stiili elegantne kombinatsioon, saadaval kolmes kaunis v\u00e4rvitoonis: naturaalne, veinipunane ja pruun. T\u00f5sta oma igap\u00e4evase p\u00e4evikupidamise kogemus uuele&hellip;<\/p>","protected":false},"featured_media":4805,"comment_status":"open","ping_status":"closed","template":"","meta":{"wprm-recipe-roundup-name":"","wprm-recipe-roundup-description":""},"product_brand":[],"product_cat":[245],"product_tag":[223],"class_list":{"0":"post-4801","1":"product","2":"type-product","3":"status-publish","4":"has-post-thumbnail","6":"product_cat-tarvikud","7":"product_tag-markmik","9":"first","10":"instock","11":"taxable","12":"shipping-taxable","13":"purchasable","14":"product-type-variable"},"supplier_id":null,"supplier_sku":"","barcode":null,"atum_controlled":true,"out_stock_date":null,"out_stock_threshold":null,"inheritable":false,"inbound_stock":0,"stock_on_hold":0,"sold_today":0,"sales_last_days":0,"reserved_stock":0,"customer_returns":0,"warehouse_damage":0,"lost_in_post":0,"other_logs":0,"out_stock_days":0,"lost_sales":0,"has_location":false,"update_date":"2026-03-07T01:16:10","atum_locations":[],"atum_stock_status":"instock","restock_status":false,"low_stock_amount":"","sales_update_date":"2026-03-07T01:16:10","calc_backorders":null,"aioseo_notices":[],"_links":{"self":[{"href":"https:\/\/ecoshop.ee\/lt\/wp-json\/wp\/v2\/product\/4801","targetHints":{"allow":["GET"]}}],"collection":[{"href":"https:\/\/ecoshop.ee\/lt\/wp-json\/wp\/v2\/product"}],"about":[{"href":"https:\/\/ecoshop.ee\/lt\/wp-json\/wp\/v2\/types\/product"}],"replies":[{"embeddable":true,"href":"https:\/\/ecoshop.ee\/lt\/wp-json\/wp\/v2\/comments?post=4801"}],"version-history":[{"count":0,"href":"https:\/\/ecoshop.ee\/lt\/wp-json\/wp\/v2\/product\/4801\/revisions"}],"wp:featuredmedia":[{"embeddable":true,"href":"https:\/\/ecoshop.ee\/lt\/wp-json\/wp\/v2\/media\/4805"}],"wp:attachment":[{"href":"https:\/\/ecoshop.ee\/lt\/wp-json\/wp\/v2\/media?parent=4801"}],"wp:term":[{"taxonomy":"product_brand","embeddable":true,"href":"https:\/\/ecoshop.ee\/lt\/wp-json\/wp\/v2\/product_brand?post=4801"},{"taxonomy":"product_cat","embeddable":true,"href":"https:\/\/ecoshop.ee\/lt\/wp-json\/wp\/v2\/product_cat?post=4801"},{"taxonomy":"product_tag","embeddable":true,"href":"https:\/\/ecoshop.ee\/lt\/wp-json\/wp\/v2\/product_tag?post=4801"}],"curies":[{"name":"wp","href":"https:\/\/api.w.org\/{rel}","templated":true}]}}