{"id":4821,"date":"2024-06-25T21:30:37","date_gmt":"2024-06-25T18:30:37","guid":{"rendered":"https:\/\/ecoshop.ee\/?post_type=product&#038;p=4821"},"modified":"2024-11-09T01:37:16","modified_gmt":"2024-11-08T22:37:16","slug":"moteriskas-verinys-is-naturalios-kamstines-medziagos-2","status":"publish","type":"product","link":"https:\/\/ecoshop.ee\/lt\/kaekellad-ja-ehted\/naturaalsest-korgist-naiste-kaekell\/","title":{"rendered":"Moteri\u0161kas laikrodis, pagamintas i\u0161 nat\u016bralios kam\u0161tin\u0117s med\u017eiagos"},"content":{"rendered":"<p>Atraskite nesenstan\u010dio gro\u017eio ir tvarumo derin\u012f su m\u016bs\u0173 nat\u016bralios kam\u0161tin\u0117s med\u017eiagos moteri\u0161ku laikrod\u017eiu. Pagamintas i\u0161 auk\u0161tos kokyb\u0117s kam\u0161tin\u0117s med\u017eiagos, \u0161is laikrodis yra lengvas, patvarus ir tuo pa\u010diu metu draugi\u0161kas aplinkai. Unikalus laikrod\u017eio dizainas i\u0161ry\u0161kina nat\u016brali\u0105 kam\u0161tin\u0117s med\u017eiagos tekst\u016br\u0105, suteikdamas bet kokiai aprangai eleganti\u0161ko ir modernaus akcento.<\/p>\n<p>\u0160io laikrod\u017eio ciferblatas kruop\u0161\u010diai sukurtas siekiant ai\u0161kumo ir stiliaus, o reguliuojamas kam\u0161tinis dir\u017eelis suteikia patogumo ir priglunda prie bet kokio rie\u0161o.<\/p>\n<p>Eleganti\u0161koje dovan\u0173 d\u0117\u017eut\u0117je supakuotas \u0161is nat\u016bralaus kam\u0161\u010dio laikrodis yra puiki dovana draugams, \u0161eimos nariams ar sau. Tai puikus pasirinkimas s\u0105moningam vartotojui, vertinan\u010diam ir mad\u0105, ir tvarum\u0105.<\/p>\n<p><strong>Didelisused:<\/strong><\/p>\n<ul>\n<li>Ilgis: 22 cm<\/li>\n<li>Ciferblato plotis: 3,5 cm<\/li>\n<li>Dir\u017eelio plotis: 1,4 cm<\/li>\n<\/ul>","protected":false},"excerpt":{"rendered":"<p>Avasta ajatu ilu ja j\u00e4tkusuutlikkuse kombinatsioon meie looduslikust korgist naiste k\u00e4ekellaga. Valmistatud kvaliteetsest korgimaterjalist mis teeb selle kella \u00fchtaegu kergeks, vastupidavaks ja&hellip;<\/p>","protected":false},"featured_media":4827,"comment_status":"open","ping_status":"closed","template":"","meta":{"wprm-recipe-roundup-name":"","wprm-recipe-roundup-description":""},"product_brand":[],"product_cat":[243],"product_tag":[222],"class_list":{"0":"post-4821","1":"product","2":"type-product","3":"status-publish","4":"has-post-thumbnail","6":"product_cat-kaekellad-ja-ehted","7":"product_tag-kell","9":"first","10":"instock","11":"taxable","12":"shipping-taxable","13":"purchasable","14":"product-type-variable"},"supplier_id":null,"supplier_sku":"","barcode":null,"atum_controlled":true,"out_stock_date":null,"out_stock_threshold":null,"inheritable":false,"inbound_stock":0,"stock_on_hold":0,"sold_today":0,"sales_last_days":0,"reserved_stock":0,"customer_returns":0,"warehouse_damage":0,"lost_in_post":0,"other_logs":0,"out_stock_days":0,"lost_sales":0,"has_location":false,"update_date":"2026-03-07T01:16:01","atum_locations":[],"atum_stock_status":"instock","restock_status":false,"low_stock_amount":"","sales_update_date":"2026-03-07T01:16:01","calc_backorders":null,"aioseo_notices":[],"_links":{"self":[{"href":"https:\/\/ecoshop.ee\/lt\/wp-json\/wp\/v2\/product\/4821","targetHints":{"allow":["GET"]}}],"collection":[{"href":"https:\/\/ecoshop.ee\/lt\/wp-json\/wp\/v2\/product"}],"about":[{"href":"https:\/\/ecoshop.ee\/lt\/wp-json\/wp\/v2\/types\/product"}],"replies":[{"embeddable":true,"href":"https:\/\/ecoshop.ee\/lt\/wp-json\/wp\/v2\/comments?post=4821"}],"version-history":[{"count":0,"href":"https:\/\/ecoshop.ee\/lt\/wp-json\/wp\/v2\/product\/4821\/revisions"}],"wp:featuredmedia":[{"embeddable":true,"href":"https:\/\/ecoshop.ee\/lt\/wp-json\/wp\/v2\/media\/4827"}],"wp:attachment":[{"href":"https:\/\/ecoshop.ee\/lt\/wp-json\/wp\/v2\/media?parent=4821"}],"wp:term":[{"taxonomy":"product_brand","embeddable":true,"href":"https:\/\/ecoshop.ee\/lt\/wp-json\/wp\/v2\/product_brand?post=4821"},{"taxonomy":"product_cat","embeddable":true,"href":"https:\/\/ecoshop.ee\/lt\/wp-json\/wp\/v2\/product_cat?post=4821"},{"taxonomy":"product_tag","embeddable":true,"href":"https:\/\/ecoshop.ee\/lt\/wp-json\/wp\/v2\/product_tag?post=4821"}],"curies":[{"name":"wp","href":"https:\/\/api.w.org\/{rel}","templated":true}]}}