{"id":4832,"date":"2024-06-25T22:16:24","date_gmt":"2024-06-25T19:16:24","guid":{"rendered":"https:\/\/ecoshop.ee\/?post_type=product&#038;p=4832"},"modified":"2025-12-25T19:40:47","modified_gmt":"2025-12-25T16:40:47","slug":"auksine-kamstine-moteriska-kuprine-su-raisteliu-uzsegimu","status":"publish","type":"product","link":"https:\/\/ecoshop.ee\/lt\/kotid\/kuldne-korgist-naiste-seljakott-tombekinnisega\/","title":{"rendered":"Auksin\u0117 kam\u0161tin\u0117 moteri\u0161ka kuprin\u0117 su rai\u0161teliu u\u017esegimu"},"content":{"rendered":"<p>Pristatome tobul\u0105 stiliaus ir funkcionalumo derin\u012f \u2013 auksin\u0119 kam\u0161tin\u0119 moteri\u0161k\u0105 kuprin\u0119 su rai\u0161teliu. Pagaminta i\u0161 auk\u0161tos kokyb\u0117s kam\u0161tienos, \u0161i kuprin\u0117 patrauks ak\u012f unikaliu ir ry\u0161kiu auksiniu dizainu. Patogus rai\u0161telio u\u017esegimas leid\u017eia greitai ir lengvai pasiekti savo daiktus, o magnetinio u\u017esegimo ki\u0161en\u0117je vertingi daiktai laikomi saugiai.<\/p>\n<p>Kuprin\u0117s viduje yra erdvus pagrindinis skyrius su pertvara, kad daiktai b\u016bt\u0173 tvarkingai sud\u0117ti. Be to, reguliuojami pe\u010di\u0173 dir\u017eeliai u\u017etikrina patog\u0173 ir individual\u0173 prigludim\u0105, tod\u0117l \u0161i kuprin\u0117 idealiai tinka kasdieniam ne\u0161iojimui.<\/p>\n<p>Papildykite savo garderob\u0105 \u0161ia stilinga ir prakti\u0161ka kam\u0161tine kuprine, kurioje dera tvarumas ir modernus dizainas. Puikiai tinka pasivaik\u0161\u010diojimams mieste, darbui ar mokyklai, tuo pa\u010diu u\u017etikrinant komfort\u0105 ir stili\u0173.<\/p>\n<p><strong>Didelisused:<\/strong><\/p>\n<ul>\n<li>Ilgis: 26 cm<\/li>\n<li>Plotis: 23 cm<\/li>\n<li>Storis: 14 cm<\/li>\n<\/ul>","protected":false},"excerpt":{"rendered":"<p>Tutvustame stiili ja funktsionaalsuse t\u00e4iuslikku kombinatsiooni \u2013 kuldne korgist naiste seljakott t\u00f5mbekinnisega. Valmistatud k\u00f5rgekvaliteedilisest korgist seljakott p\u00fc\u00fcab pilke oma ainulaadse ja silmatorkava&hellip;<\/p>","protected":false},"featured_media":4833,"comment_status":"open","ping_status":"closed","template":"","meta":{"wprm-recipe-roundup-name":"","wprm-recipe-roundup-description":""},"product_brand":[],"product_cat":[242],"product_tag":[202],"class_list":{"0":"post-4832","1":"product","2":"type-product","3":"status-publish","4":"has-post-thumbnail","6":"product_cat-kotid","7":"product_tag-kott","9":"first","10":"instock","11":"taxable","12":"shipping-taxable","13":"purchasable","14":"product-type-simple"},"supplier_id":9159,"supplier_sku":"","barcode":null,"atum_controlled":true,"out_stock_date":null,"out_stock_threshold":null,"inheritable":false,"inbound_stock":0,"stock_on_hold":0,"sold_today":0,"sales_last_days":0,"reserved_stock":0,"customer_returns":0,"warehouse_damage":0,"lost_in_post":0,"other_logs":0,"out_stock_days":0,"lost_sales":0,"has_location":false,"update_date":"2026-03-07T01:16:03","atum_locations":[],"atum_stock_status":"instock","restock_status":false,"low_stock_amount":"","sales_update_date":"2026-03-07T01:16:03","calc_backorders":null,"aioseo_notices":[],"_links":{"self":[{"href":"https:\/\/ecoshop.ee\/lt\/wp-json\/wp\/v2\/product\/4832","targetHints":{"allow":["GET"]}}],"collection":[{"href":"https:\/\/ecoshop.ee\/lt\/wp-json\/wp\/v2\/product"}],"about":[{"href":"https:\/\/ecoshop.ee\/lt\/wp-json\/wp\/v2\/types\/product"}],"replies":[{"embeddable":true,"href":"https:\/\/ecoshop.ee\/lt\/wp-json\/wp\/v2\/comments?post=4832"}],"version-history":[{"count":0,"href":"https:\/\/ecoshop.ee\/lt\/wp-json\/wp\/v2\/product\/4832\/revisions"}],"wp:featuredmedia":[{"embeddable":true,"href":"https:\/\/ecoshop.ee\/lt\/wp-json\/wp\/v2\/media\/4833"}],"wp:attachment":[{"href":"https:\/\/ecoshop.ee\/lt\/wp-json\/wp\/v2\/media?parent=4832"}],"wp:term":[{"taxonomy":"product_brand","embeddable":true,"href":"https:\/\/ecoshop.ee\/lt\/wp-json\/wp\/v2\/product_brand?post=4832"},{"taxonomy":"product_cat","embeddable":true,"href":"https:\/\/ecoshop.ee\/lt\/wp-json\/wp\/v2\/product_cat?post=4832"},{"taxonomy":"product_tag","embeddable":true,"href":"https:\/\/ecoshop.ee\/lt\/wp-json\/wp\/v2\/product_tag?post=4832"}],"curies":[{"name":"wp","href":"https:\/\/api.w.org\/{rel}","templated":true}]}}