{"id":4839,"date":"2024-06-25T23:00:54","date_gmt":"2024-06-25T20:00:54","guid":{"rendered":"https:\/\/ecoshop.ee\/?post_type=product&#038;p=4839"},"modified":"2025-12-25T19:44:33","modified_gmt":"2025-12-25T16:44:33","slug":"kamstinio-vyno-aksesuaru-rinkinys","status":"publish","type":"product","link":"https:\/\/ecoshop.ee\/lt\/tarvikud\/korgist-veiniaksessuaaride-komplekt\/","title":{"rendered":"Kam\u0161tinio vyno aksesuar\u0173 rinkinys"},"content":{"rendered":"<p>Pristatome m\u016bs\u0173 eleganti\u0161k\u0105 kam\u0161tini\u0173 vyno aksesuar\u0173 rinkin\u012f, skirt\u0105 pagerinti j\u016bs\u0173 vyno g\u0117rimo patirt\u012f ir suteikti rafinuotumo bet kokiam susib\u016brimui. \u0160is rinkinys si\u016blo kompakti\u0161k\u0105, ta\u010diau stiling\u0105 sprendim\u0105 bet kuriam vyno m\u0117g\u0117jui.<\/p>\n<p><strong>\u012e rinkin\u012f \u012feina:<\/strong><\/p>\n<ul>\n<li>Vyno atidarytuvas: auk\u0161tos kokyb\u0117s vyno atidarytuvas, kuris lengvai i\u0161ima kam\u0161t\u012f i\u0161 j\u016bs\u0173 m\u0117gstamiausi\u0173 vyno buteli\u0173. Ergonomi\u0161kas dizainas u\u017etikrina patog\u0173 su\u0117mim\u0105 ir skland\u0173 veikim\u0105.<\/li>\n<li>Vyno pilstykl\u0117: Vyno pilstykl\u0117 u\u017etikrina kontroliuojam\u0105 ir sandar\u0173 pilstym\u0105. Kruop\u0161\u010diai suprojektuotas snapelis u\u017etikrina tolyg\u0173 vyno tek\u0117jim\u0105 ir apsaugo nuo d\u0117mi\u0173.<\/li>\n<li>Vyno kam\u0161tis: i\u0161saugokite nebaigto vyno skon\u012f ir aromat\u0105 naudodami vyno kam\u0161t\u012f. Pagamintas i\u0161 patvari\u0173 med\u017eiag\u0173, kam\u0161tis u\u017etikrina hermeti\u0161k\u0105 sandarum\u0105, tod\u0117l vynas ilgiau i\u0161lieka \u0161vie\u017eesnis.<\/li>\n<li>Vyno butelio apykakl\u0117: pilstymas tampa lengvas ir kontroliuojamas, u\u017etikrinant skland\u0173 ir tiksl\u0173 vyno tek\u0117jim\u0105 be nuot\u0117ki\u0173 ar d\u0117mi\u0173.<\/li>\n<\/ul>\n<p>Rinkinys pagamintas i\u0161 auk\u0161tos kokyb\u0117s med\u017eiag\u0173 ir kruop\u0161\u010diai apgalvot\u0173 detali\u0173, derinant funkcionalum\u0105 ir estetik\u0105. Kiekvienas gaminys sukurtas tam, kad pagerint\u0173 j\u016bs\u0173 vyno g\u0117rimo patirt\u012f. Kompakti\u0161k\u0105 kam\u0161tin\u0119 d\u0117\u017eut\u0119 lengva laikyti ir transportuoti. Idealus aksesuaras vakarien\u0117s stalams, piknikams ar vyno degustacijos renginiams ir puiki dovana vyno m\u0117g\u0117jams.<\/p>","protected":false},"excerpt":{"rendered":"<p>Tutvustame meie elegantset korgist veiniaksessuaaride komplekti, mis on loodud t\u00e4iendama sinu veinijoomise kogemust, lisades rafineeritust igale koosviibimisele. See komplekt pakub kompaktset kuid&hellip;<\/p>","protected":false},"featured_media":4844,"comment_status":"open","ping_status":"closed","template":"","meta":{"wprm-recipe-roundup-name":"","wprm-recipe-roundup-description":""},"product_brand":[],"product_cat":[245],"product_tag":[224],"class_list":{"0":"post-4839","1":"product","2":"type-product","3":"status-publish","4":"has-post-thumbnail","6":"product_cat-tarvikud","7":"product_tag-veinitarvikud","9":"first","10":"instock","11":"taxable","12":"shipping-taxable","13":"purchasable","14":"product-type-variable"},"supplier_id":null,"supplier_sku":"","barcode":null,"atum_controlled":true,"out_stock_date":"2025-03-27 13:13:32","out_stock_threshold":null,"inheritable":true,"inbound_stock":0,"stock_on_hold":0,"sold_today":0,"sales_last_days":0,"reserved_stock":0,"customer_returns":0,"warehouse_damage":0,"lost_in_post":0,"other_logs":0,"out_stock_days":344,"lost_sales":0,"has_location":false,"update_date":"2026-03-07T01:16:04","atum_locations":[],"atum_stock_status":"instock","restock_status":false,"low_stock_amount":"","sales_update_date":"2026-03-07T01:16:04","calc_backorders":null,"aioseo_notices":[],"_links":{"self":[{"href":"https:\/\/ecoshop.ee\/lt\/wp-json\/wp\/v2\/product\/4839","targetHints":{"allow":["GET"]}}],"collection":[{"href":"https:\/\/ecoshop.ee\/lt\/wp-json\/wp\/v2\/product"}],"about":[{"href":"https:\/\/ecoshop.ee\/lt\/wp-json\/wp\/v2\/types\/product"}],"replies":[{"embeddable":true,"href":"https:\/\/ecoshop.ee\/lt\/wp-json\/wp\/v2\/comments?post=4839"}],"version-history":[{"count":0,"href":"https:\/\/ecoshop.ee\/lt\/wp-json\/wp\/v2\/product\/4839\/revisions"}],"wp:featuredmedia":[{"embeddable":true,"href":"https:\/\/ecoshop.ee\/lt\/wp-json\/wp\/v2\/media\/4844"}],"wp:attachment":[{"href":"https:\/\/ecoshop.ee\/lt\/wp-json\/wp\/v2\/media?parent=4839"}],"wp:term":[{"taxonomy":"product_brand","embeddable":true,"href":"https:\/\/ecoshop.ee\/lt\/wp-json\/wp\/v2\/product_brand?post=4839"},{"taxonomy":"product_cat","embeddable":true,"href":"https:\/\/ecoshop.ee\/lt\/wp-json\/wp\/v2\/product_cat?post=4839"},{"taxonomy":"product_tag","embeddable":true,"href":"https:\/\/ecoshop.ee\/lt\/wp-json\/wp\/v2\/product_tag?post=4839"}],"curies":[{"name":"wp","href":"https:\/\/api.w.org\/{rel}","templated":true}]}}