{"id":4866,"date":"2024-06-27T21:20:11","date_gmt":"2024-06-27T18:20:11","guid":{"rendered":"https:\/\/ecoshop.ee\/?post_type=product&#038;p=4866"},"modified":"2024-11-09T01:37:16","modified_gmt":"2024-11-08T22:37:16","slug":"grazus-kamstinis-fontanas-su-tradiciniu-portugalu-amuletu","status":"publish","type":"product","link":"https:\/\/ecoshop.ee\/lt\/kaekellad-ja-ehted\/kaunis-korgist-kaevoru-traditsioonilise-portugali-amuletiga\/","title":{"rendered":"Gra\u017ei kam\u0161tin\u0117 apyrank\u0117 su tradiciniu amuletu"},"content":{"rendered":"<p>Gra\u017ei kam\u0161tin\u0117 apyrank\u0117 \u2013 aksesuaras, kuriame sujungtas tradicinis portugali\u0161kas amuletas ir patvari kam\u0161tin\u0117 virvel\u0117, pagaminta i\u0161 tikros portugali\u0161kos \u0105\u017euolo medienos. Kam\u0161tis i\u0161gaunamas tvariai ir nekenkia med\u017eiui. Apyrank\u0117je naudojamas patogus magnetinis u\u017esegimas, kuris u\u017etikrina lengv\u0105 u\u017esegim\u0105 ir saug\u0173 ne\u0161iojim\u0105.<\/p>","protected":false},"excerpt":{"rendered":"<p>Kaunis korgist k\u00e4ev\u00f5ru \u2013 aksessuaar, mis \u00fchendab endas traditsioonilise Portugali amuleti ja vastupidava korgist n\u00f6\u00f6ri mis valmistatud ehtsast Portugali tammepuidust. Korgi tootmine&hellip;<\/p>","protected":false},"featured_media":4870,"comment_status":"open","ping_status":"closed","template":"","meta":{"wprm-recipe-roundup-name":"","wprm-recipe-roundup-description":""},"product_brand":[],"product_cat":[243],"product_tag":[225],"class_list":{"0":"post-4866","1":"product","2":"type-product","3":"status-publish","4":"has-post-thumbnail","6":"product_cat-kaekellad-ja-ehted","7":"product_tag-kaevoru","9":"first","10":"instock","11":"taxable","12":"shipping-taxable","13":"purchasable","14":"product-type-simple"},"supplier_id":9159,"supplier_sku":"","barcode":null,"atum_controlled":true,"out_stock_date":null,"out_stock_threshold":null,"inheritable":false,"inbound_stock":0,"stock_on_hold":0,"sold_today":0,"sales_last_days":0,"reserved_stock":0,"customer_returns":0,"warehouse_damage":0,"lost_in_post":0,"other_logs":0,"out_stock_days":0,"lost_sales":0,"has_location":false,"update_date":"2026-03-07T01:16:01","atum_locations":[],"atum_stock_status":"instock","restock_status":false,"low_stock_amount":"","sales_update_date":"2026-03-07T01:16:01","calc_backorders":null,"aioseo_notices":[],"_links":{"self":[{"href":"https:\/\/ecoshop.ee\/lt\/wp-json\/wp\/v2\/product\/4866","targetHints":{"allow":["GET"]}}],"collection":[{"href":"https:\/\/ecoshop.ee\/lt\/wp-json\/wp\/v2\/product"}],"about":[{"href":"https:\/\/ecoshop.ee\/lt\/wp-json\/wp\/v2\/types\/product"}],"replies":[{"embeddable":true,"href":"https:\/\/ecoshop.ee\/lt\/wp-json\/wp\/v2\/comments?post=4866"}],"version-history":[{"count":0,"href":"https:\/\/ecoshop.ee\/lt\/wp-json\/wp\/v2\/product\/4866\/revisions"}],"wp:featuredmedia":[{"embeddable":true,"href":"https:\/\/ecoshop.ee\/lt\/wp-json\/wp\/v2\/media\/4870"}],"wp:attachment":[{"href":"https:\/\/ecoshop.ee\/lt\/wp-json\/wp\/v2\/media?parent=4866"}],"wp:term":[{"taxonomy":"product_brand","embeddable":true,"href":"https:\/\/ecoshop.ee\/lt\/wp-json\/wp\/v2\/product_brand?post=4866"},{"taxonomy":"product_cat","embeddable":true,"href":"https:\/\/ecoshop.ee\/lt\/wp-json\/wp\/v2\/product_cat?post=4866"},{"taxonomy":"product_tag","embeddable":true,"href":"https:\/\/ecoshop.ee\/lt\/wp-json\/wp\/v2\/product_tag?post=4866"}],"curies":[{"name":"wp","href":"https:\/\/api.w.org\/{rel}","templated":true}]}}