{"id":5521,"date":"2024-07-12T23:36:52","date_gmt":"2024-07-12T20:36:52","guid":{"rendered":"https:\/\/ecoshop.ee\/?post_type=product&#038;p=5521"},"modified":"2024-11-09T01:27:02","modified_gmt":"2024-11-08T22:27:02","slug":"uzrakinamas-rastuotas-kamstinis-krepsys-per-peti","status":"publish","type":"product","link":"https:\/\/ecoshop.ee\/lt\/kotid\/lukustatav-mustriga-korgist-crossbody-kott\/","title":{"rendered":"U\u017erakinamas ra\u0161tuotas kam\u0161tinis krep\u0161ys per pet\u012f"},"content":{"rendered":"<p>\u0160is strukt\u016brizuotas kam\u0161tinis krep\u0161ys per pet\u012f su kam\u0161tiniu dir\u017eeliu turi u\u017etrauktuku u\u017esegam\u0105 ki\u0161en\u0119 gale, kurioje patogu laikyti kasdienius daiktus. Priekyje yra gra\u017eus spalvingas ra\u0161tas, kur\u012f papildo kaimi\u0161kos nat\u016bralios kam\u0161tin\u0117s detal\u0117s vir\u0161uje ir gale. \u0160is \u017eavus krep\u0161ys yra puikus pasirinkimas vegani\u0161kam gyvenimo b\u016bdui, nes jis pagamintas ekologi\u0161kai ir tvariai i\u0161 \u0105\u017euolo \u017eiev\u0117s.<\/p>\n<p>Med\u017eiaga ir apdaila:<\/p>\n<ul>\n<li>Med\u017eiaga: Kam\u0161tis<\/li>\n<li>Pamu\u0161alas: 35% medviln\u0117, 65% poliesteris<\/li>\n<\/ul>\n<p>Dydis:<\/p>\n<ul>\n<li>Ilgis: 23 cm<\/li>\n<li>Plotis: 16 cm<\/li>\n<li>Svoris: 150 g<\/li>\n<\/ul>","protected":false},"excerpt":{"rendered":"<p>See struktureeritud korkist crossbody kott, millel on korkist rihm, on varustatud tagumisel k\u00fcljel asuva lukuga taskuga, kuhu saad mugavalt oma igap\u00e4evased tarvikud&hellip;<\/p>","protected":false},"featured_media":5524,"comment_status":"open","ping_status":"closed","template":"","meta":{"wprm-recipe-roundup-name":"","wprm-recipe-roundup-description":""},"product_brand":[],"product_cat":[242],"product_tag":[202],"class_list":{"0":"post-5521","1":"product","2":"type-product","3":"status-publish","4":"has-post-thumbnail","6":"product_cat-kotid","7":"product_tag-kott","9":"first","10":"instock","11":"taxable","12":"shipping-taxable","13":"purchasable","14":"product-type-variable"},"supplier_id":null,"supplier_sku":"","barcode":null,"atum_controlled":true,"out_stock_date":null,"out_stock_threshold":null,"inheritable":false,"inbound_stock":0,"stock_on_hold":0,"sold_today":0,"sales_last_days":0,"reserved_stock":0,"customer_returns":0,"warehouse_damage":0,"lost_in_post":0,"other_logs":0,"out_stock_days":0,"lost_sales":0,"has_location":false,"update_date":"2026-03-07T01:16:04","atum_locations":[],"atum_stock_status":"instock","restock_status":false,"low_stock_amount":"","sales_update_date":"2026-03-07T01:16:04","calc_backorders":null,"aioseo_notices":[],"_links":{"self":[{"href":"https:\/\/ecoshop.ee\/lt\/wp-json\/wp\/v2\/product\/5521","targetHints":{"allow":["GET"]}}],"collection":[{"href":"https:\/\/ecoshop.ee\/lt\/wp-json\/wp\/v2\/product"}],"about":[{"href":"https:\/\/ecoshop.ee\/lt\/wp-json\/wp\/v2\/types\/product"}],"replies":[{"embeddable":true,"href":"https:\/\/ecoshop.ee\/lt\/wp-json\/wp\/v2\/comments?post=5521"}],"version-history":[{"count":0,"href":"https:\/\/ecoshop.ee\/lt\/wp-json\/wp\/v2\/product\/5521\/revisions"}],"wp:featuredmedia":[{"embeddable":true,"href":"https:\/\/ecoshop.ee\/lt\/wp-json\/wp\/v2\/media\/5524"}],"wp:attachment":[{"href":"https:\/\/ecoshop.ee\/lt\/wp-json\/wp\/v2\/media?parent=5521"}],"wp:term":[{"taxonomy":"product_brand","embeddable":true,"href":"https:\/\/ecoshop.ee\/lt\/wp-json\/wp\/v2\/product_brand?post=5521"},{"taxonomy":"product_cat","embeddable":true,"href":"https:\/\/ecoshop.ee\/lt\/wp-json\/wp\/v2\/product_cat?post=5521"},{"taxonomy":"product_tag","embeddable":true,"href":"https:\/\/ecoshop.ee\/lt\/wp-json\/wp\/v2\/product_tag?post=5521"}],"curies":[{"name":"wp","href":"https:\/\/api.w.org\/{rel}","templated":true}]}}