{"id":5554,"date":"2024-07-13T20:44:11","date_gmt":"2024-07-13T17:44:11","guid":{"rendered":"https:\/\/ecoshop.ee\/?post_type=product&#038;p=5554"},"modified":"2024-11-09T01:29:16","modified_gmt":"2024-11-08T22:29:16","slug":"kamstiniu-piniginiu-rinkinys-dovanu-dezuteje","status":"publish","type":"product","link":"https:\/\/ecoshop.ee\/lt\/rahakotid\/kinkekarbis-korgist-rahakottide-komplekt\/","title":{"rendered":"Kam\u0161tini\u0173 pinigini\u0173 rinkinys dovan\u0173 d\u0117\u017eut\u0117je"},"content":{"rendered":"<p>Lengvo ir kompakti\u0161ko dizaino kam\u0161tini\u0173 pinigini\u0173 rinkinys. Kam\u0161tis mink\u0161tas, patogus laikyti, atsparus vandeniui ir lengvai valomas. Idealiai tinka kasdieniam monet\u0173 ir banko korteli\u0173 laikymui. Greita, paprasta ir prakti\u0161ka kasdieniam naudojimui. Rinkin\u012f sudaro ilga pinigin\u0117 ir korteli\u0173 ki\u0161en\u0117l\u0117, abu gra\u017eioje dovan\u0173 d\u0117\u017eut\u0117je.<\/p>\n<p>&nbsp;<\/p>\n<p><strong>Med\u017eiaga:<\/strong><\/p>\n<ul>\n<li>I\u0161orin\u0117 med\u017eiaga: kam\u0161tis<\/li>\n<li>Pamu\u0161alas: 100% poliesteris<\/li>\n<\/ul>\n<p>&nbsp;<\/p>\n<p><strong>Didelisused:<\/strong><\/p>\n<ul>\n<li>Ilga pinigin\u0117: Ilgis: 19; Plotis: 10; Storis: 2,5 cm<\/li>\n<li>Korteli\u0173 ki\u0161en\u0117: Ilgis: 11; Plotis: 7; Storis: 2,5 cm<\/li>\n<\/ul>","protected":false},"excerpt":{"rendered":"<p>Kerge ja kompaktse disainiga korgist rahakottide komplekt. Kork on pehme, mugav k\u00e4es hoida, veekindel ja kergesti puhastatav. Ideaalne igap\u00e4evaseks m\u00fcndi- ja pangakaartide&hellip;<\/p>","protected":false},"featured_media":5555,"comment_status":"open","ping_status":"closed","template":"","meta":{"wprm-recipe-roundup-name":"","wprm-recipe-roundup-description":""},"product_brand":[],"product_cat":[241],"product_tag":[219],"class_list":{"0":"post-5554","1":"product","2":"type-product","3":"status-publish","4":"has-post-thumbnail","6":"product_cat-rahakotid","7":"product_tag-rahakott","9":"first","10":"instock","11":"taxable","12":"shipping-taxable","13":"purchasable","14":"product-type-simple"},"supplier_id":9159,"supplier_sku":"","barcode":null,"atum_controlled":true,"out_stock_date":null,"out_stock_threshold":null,"inheritable":false,"inbound_stock":0,"stock_on_hold":0,"sold_today":0,"sales_last_days":0,"reserved_stock":0,"customer_returns":0,"warehouse_damage":0,"lost_in_post":0,"other_logs":0,"out_stock_days":0,"lost_sales":0,"has_location":false,"update_date":"2026-03-07T01:16:04","atum_locations":[],"atum_stock_status":"instock","restock_status":false,"low_stock_amount":"","sales_update_date":"2026-03-07T01:16:04","calc_backorders":null,"aioseo_notices":[],"_links":{"self":[{"href":"https:\/\/ecoshop.ee\/lt\/wp-json\/wp\/v2\/product\/5554","targetHints":{"allow":["GET"]}}],"collection":[{"href":"https:\/\/ecoshop.ee\/lt\/wp-json\/wp\/v2\/product"}],"about":[{"href":"https:\/\/ecoshop.ee\/lt\/wp-json\/wp\/v2\/types\/product"}],"replies":[{"embeddable":true,"href":"https:\/\/ecoshop.ee\/lt\/wp-json\/wp\/v2\/comments?post=5554"}],"version-history":[{"count":0,"href":"https:\/\/ecoshop.ee\/lt\/wp-json\/wp\/v2\/product\/5554\/revisions"}],"wp:featuredmedia":[{"embeddable":true,"href":"https:\/\/ecoshop.ee\/lt\/wp-json\/wp\/v2\/media\/5555"}],"wp:attachment":[{"href":"https:\/\/ecoshop.ee\/lt\/wp-json\/wp\/v2\/media?parent=5554"}],"wp:term":[{"taxonomy":"product_brand","embeddable":true,"href":"https:\/\/ecoshop.ee\/lt\/wp-json\/wp\/v2\/product_brand?post=5554"},{"taxonomy":"product_cat","embeddable":true,"href":"https:\/\/ecoshop.ee\/lt\/wp-json\/wp\/v2\/product_cat?post=5554"},{"taxonomy":"product_tag","embeddable":true,"href":"https:\/\/ecoshop.ee\/lt\/wp-json\/wp\/v2\/product_tag?post=5554"}],"curies":[{"name":"wp","href":"https:\/\/api.w.org\/{rel}","templated":true}]}}