{"id":5559,"date":"2024-07-13T21:06:16","date_gmt":"2024-07-13T18:06:16","guid":{"rendered":"https:\/\/ecoshop.ee\/?post_type=product&#038;p=5559"},"modified":"2025-12-25T19:40:49","modified_gmt":"2025-12-25T16:40:49","slug":"naturalaus-kamscio-krepsys-su-geometriniu-rastu","status":"publish","type":"product","link":"https:\/\/ecoshop.ee\/lt\/kotid\/geomeetrilise-mustriga-naturaalsest-korgist-kandekott\/","title":{"rendered":"Nat\u016bralaus kam\u0161\u010dio krep\u0161ys su geometriniu ra\u0161tu"},"content":{"rendered":"<p><strong>Eleganti\u0161kas stilius ir novatori\u0161ka koncepcija<\/strong><br \/>\nTrikampio ra\u0161tas kartu su nat\u016bralia kam\u0161tine med\u017eiaga daro \u0161\u012f krep\u0161\u012f unikal\u0173. Medien\u0105 primenanti kam\u0161\u010dio tekst\u016bra suteikia jam mink\u0161tumo, lengvumo ir patvarumo.<\/p>\n<p><strong>Ypa\u010d patogus ir universalus<\/strong><br \/>\nJis pasi\u017eymi labai funkcionaliu dizainu, kuris tinka \u012fvairiems stiliams ir d\u0117v\u0117jimo b\u016bdams.<\/p>\n<p><strong>Madinga ir erdvi<\/strong><br \/>\n\u0160iame krep\u0161yje tilps viskas, ko jums reikia i\u0161einant, pavyzd\u017eiui, mobilusis telefonas, plan\u0161etinis kompiuteris, \u017eurnalai, kosmetika, ne\u0161iojamas akumuliatorius, pinigin\u0117, kasdieniai aksesuarai ir kt. D\u0117l plonos formos j\u012f galima sulankstyti ir laikyti plok\u0161\u010diai, kai jis tu\u0161\u010dias.<\/p>\n<p><strong>Auk\u0161tos kokyb\u0117s med\u017eiagos<\/strong><br \/>\nPagaminta i\u0161 auk\u0161tos kokyb\u0117s kam\u0161tin\u0117s med\u017eiagos ir mink\u0161to vidinio pamu\u0161alo, su patvariu u\u017etrauktuku ir sustiprintomis si\u016bl\u0117mis.<\/p>\n<p><strong>Dydis:<\/strong><\/p>\n<ul>\n<li>Ilgis 25 cm<\/li>\n<li>Plotis: 20 cm<\/li>\n<li>Storis: 7 cm<\/li>\n<li>Pe\u010di\u0173 grandin\u0117l\u0117: 120 cm<\/li>\n<\/ul>","protected":false},"excerpt":{"rendered":"<p>\u0160ikk stiil ja innovatiivne kontseptsioon Kolmnurkmuster koos loodusliku korkmaterjaliga muudab selle koti ainulaadseks. Puidulaadne korgist tekstuur pakub pehmust, kergust ja vastupidavat disaini.&hellip;<\/p>","protected":false},"featured_media":5563,"comment_status":"open","ping_status":"closed","template":"","meta":{"wprm-recipe-roundup-name":"","wprm-recipe-roundup-description":""},"product_brand":[],"product_cat":[242],"product_tag":[202],"class_list":{"0":"post-5559","1":"product","2":"type-product","3":"status-publish","4":"has-post-thumbnail","6":"product_cat-kotid","7":"product_tag-kott","9":"first","10":"instock","11":"taxable","12":"shipping-taxable","13":"purchasable","14":"product-type-variable"},"supplier_id":null,"supplier_sku":"","barcode":null,"atum_controlled":true,"out_stock_date":null,"out_stock_threshold":null,"inheritable":false,"inbound_stock":0,"stock_on_hold":0,"sold_today":0,"sales_last_days":0,"reserved_stock":0,"customer_returns":0,"warehouse_damage":0,"lost_in_post":0,"other_logs":0,"out_stock_days":0,"lost_sales":0,"has_location":false,"update_date":"2026-03-07T01:16:04","atum_locations":[],"atum_stock_status":"instock","restock_status":false,"low_stock_amount":"","sales_update_date":"2026-03-07T01:16:04","calc_backorders":null,"aioseo_notices":[],"_links":{"self":[{"href":"https:\/\/ecoshop.ee\/lt\/wp-json\/wp\/v2\/product\/5559","targetHints":{"allow":["GET"]}}],"collection":[{"href":"https:\/\/ecoshop.ee\/lt\/wp-json\/wp\/v2\/product"}],"about":[{"href":"https:\/\/ecoshop.ee\/lt\/wp-json\/wp\/v2\/types\/product"}],"replies":[{"embeddable":true,"href":"https:\/\/ecoshop.ee\/lt\/wp-json\/wp\/v2\/comments?post=5559"}],"version-history":[{"count":0,"href":"https:\/\/ecoshop.ee\/lt\/wp-json\/wp\/v2\/product\/5559\/revisions"}],"wp:featuredmedia":[{"embeddable":true,"href":"https:\/\/ecoshop.ee\/lt\/wp-json\/wp\/v2\/media\/5563"}],"wp:attachment":[{"href":"https:\/\/ecoshop.ee\/lt\/wp-json\/wp\/v2\/media?parent=5559"}],"wp:term":[{"taxonomy":"product_brand","embeddable":true,"href":"https:\/\/ecoshop.ee\/lt\/wp-json\/wp\/v2\/product_brand?post=5559"},{"taxonomy":"product_cat","embeddable":true,"href":"https:\/\/ecoshop.ee\/lt\/wp-json\/wp\/v2\/product_cat?post=5559"},{"taxonomy":"product_tag","embeddable":true,"href":"https:\/\/ecoshop.ee\/lt\/wp-json\/wp\/v2\/product_tag?post=5559"}],"curies":[{"name":"wp","href":"https:\/\/api.w.org\/{rel}","templated":true}]}}