{"id":5576,"date":"2024-07-13T21:33:43","date_gmt":"2024-07-13T18:33:43","guid":{"rendered":"https:\/\/ecoshop.ee\/?post_type=product&#038;p=5576"},"modified":"2025-12-25T19:36:48","modified_gmt":"2025-12-25T16:36:48","slug":"moteriskas-geliu-rasto-kamstinis-tekejimas","status":"publish","type":"product","link":"https:\/\/ecoshop.ee\/lt\/rihmad\/lillemustriga-korgist-naiste-voo\/","title":{"rendered":"Moteri\u0161kas kam\u0161tinis dir\u017eas su g\u0117li\u0173 ra\u0161tu"},"content":{"rendered":"<p>\u0160is kam\u0161tinis moteri\u0161kas dir\u017eas pagamintas i\u0161 auk\u0161tos kokyb\u0117s dvipusio kam\u0161tinio pluo\u0161to, tod\u0117l yra ne tik ekologi\u0161kas, bet ir patvarus. Dir\u017eas turi auk\u0161tos kokyb\u0117s aukso atspalvio metaline sagtimi, u\u017etikrinan\u010dia patog\u0173 ir reguliuojam\u0105 prigludim\u0105 skirtingoms k\u016bno formoms.<\/p>\n<p>&nbsp;<\/p>\n<p><strong>Didelisused:<\/strong><\/p>\n<ul>\n<li>Plotis: 2,8 cm<\/li>\n<li>Ilgis: 110 cm<\/li>\n<\/ul>","protected":false},"excerpt":{"rendered":"<p>See korgist naiste v\u00f6\u00f6 on valmistatud kvaliteetsest kahepoolsest korkmaterjalist, muutes selle mitte ainult keskkonnas\u00f5bralikuks, vaid ka vastupidavaks. V\u00f6\u00f6 on varustatud kvaliteetse kullatooni&hellip;<\/p>","protected":false},"featured_media":5578,"comment_status":"open","ping_status":"closed","template":"","meta":{"wprm-recipe-roundup-name":"","wprm-recipe-roundup-description":""},"product_brand":[],"product_cat":[244],"product_tag":[214],"class_list":{"0":"post-5576","1":"product","2":"type-product","3":"status-publish","4":"has-post-thumbnail","6":"product_cat-rihmad","7":"product_tag-voo","9":"first","10":"instock","11":"taxable","12":"shipping-taxable","13":"purchasable","14":"product-type-simple"},"supplier_id":9159,"supplier_sku":"","barcode":null,"atum_controlled":true,"out_stock_date":null,"out_stock_threshold":null,"inheritable":false,"inbound_stock":0,"stock_on_hold":0,"sold_today":0,"sales_last_days":0,"reserved_stock":0,"customer_returns":0,"warehouse_damage":0,"lost_in_post":0,"other_logs":0,"out_stock_days":0,"lost_sales":0,"has_location":false,"update_date":"2026-03-07T01:16:04","atum_locations":[],"atum_stock_status":"instock","restock_status":false,"low_stock_amount":"","sales_update_date":"2026-03-07T01:16:04","calc_backorders":null,"aioseo_notices":[],"_links":{"self":[{"href":"https:\/\/ecoshop.ee\/lt\/wp-json\/wp\/v2\/product\/5576","targetHints":{"allow":["GET"]}}],"collection":[{"href":"https:\/\/ecoshop.ee\/lt\/wp-json\/wp\/v2\/product"}],"about":[{"href":"https:\/\/ecoshop.ee\/lt\/wp-json\/wp\/v2\/types\/product"}],"replies":[{"embeddable":true,"href":"https:\/\/ecoshop.ee\/lt\/wp-json\/wp\/v2\/comments?post=5576"}],"version-history":[{"count":0,"href":"https:\/\/ecoshop.ee\/lt\/wp-json\/wp\/v2\/product\/5576\/revisions"}],"wp:featuredmedia":[{"embeddable":true,"href":"https:\/\/ecoshop.ee\/lt\/wp-json\/wp\/v2\/media\/5578"}],"wp:attachment":[{"href":"https:\/\/ecoshop.ee\/lt\/wp-json\/wp\/v2\/media?parent=5576"}],"wp:term":[{"taxonomy":"product_brand","embeddable":true,"href":"https:\/\/ecoshop.ee\/lt\/wp-json\/wp\/v2\/product_brand?post=5576"},{"taxonomy":"product_cat","embeddable":true,"href":"https:\/\/ecoshop.ee\/lt\/wp-json\/wp\/v2\/product_cat?post=5576"},{"taxonomy":"product_tag","embeddable":true,"href":"https:\/\/ecoshop.ee\/lt\/wp-json\/wp\/v2\/product_tag?post=5576"}],"curies":[{"name":"wp","href":"https:\/\/api.w.org\/{rel}","templated":true}]}}