{"id":5579,"date":"2024-07-14T21:51:19","date_gmt":"2024-07-14T18:51:19","guid":{"rendered":"https:\/\/ecoshop.ee\/?post_type=product&#038;p=5579"},"modified":"2024-11-09T01:29:17","modified_gmt":"2024-11-08T22:29:17","slug":"rastuotas-kamstinis-krepsys-per-peti","status":"publish","type":"product","link":"https:\/\/ecoshop.ee\/lt\/kotid\/mustriga-korgist-crossbody-kott\/","title":{"rendered":"Ra\u0161tuotas kam\u0161tinis krep\u0161ys per pet\u012f"},"content":{"rendered":"<p>Strukt\u016brizuotas krep\u0161ys, pagamintas i\u0161 nat\u016bralios kam\u0161tin\u0117s med\u017eiagos su kam\u0161tiniu dir\u017eeliu ir u\u017etrauktuku. U\u017etrauktuku u\u017esegama ki\u0161en\u0117 nugar\u0117l\u0117je padeda susitvarkyti kasdienius daiktus ir raktus. \u0160is ma\u017eas krep\u0161ys su \u017eavingu ra\u0161tu yra puikus pasirinkimas tvariam gyvenimo b\u016bdui, nes jis pagamintas i\u0161 kam\u0161tienos, kuri ekologi\u0161kai ir tvariai gaunama i\u0161 \u0105\u017euol\u0173. Auk\u0161tos kokyb\u0117s kam\u0161tis yra ekologi\u0161kas, tvarus, labai mink\u0161tas, lankstus ir patvarus!<\/p>\n<p>&nbsp;<\/p>\n<p>Med\u017eiagos:<\/p>\n<ul>\n<li>Pagrindinis: kam\u0161tis<\/li>\n<li>Kita: dirbtin\u0117 oda<\/li>\n<\/ul>\n<p>Dydis ir tinkamumas:<\/p>\n<ul>\n<li>Ilgis: 20 cm<\/li>\n<li>Plotis: 14 cm<\/li>\n<li>Dugno storis: 7 cm<\/li>\n<\/ul>","protected":false},"excerpt":{"rendered":"<p>Looduslikust korgist struktuurne kott, millel on korgist rihm ja lukuga kinnitus. Tagak\u00fcljel asetsev t\u00f5mblukuga tasku aitab organiseerida igap\u00e4evaseid asju ja v\u00f5tmeid. See&hellip;<\/p>","protected":false},"featured_media":5638,"comment_status":"open","ping_status":"closed","template":"","meta":{"wprm-recipe-roundup-name":"","wprm-recipe-roundup-description":""},"product_brand":[],"product_cat":[242],"product_tag":[202],"class_list":{"0":"post-5579","1":"product","2":"type-product","3":"status-publish","4":"has-post-thumbnail","6":"product_cat-kotid","7":"product_tag-kott","9":"first","10":"instock","11":"taxable","12":"shipping-taxable","13":"purchasable","14":"product-type-variable"},"supplier_id":null,"supplier_sku":"","barcode":null,"atum_controlled":true,"out_stock_date":null,"out_stock_threshold":null,"inheritable":false,"inbound_stock":0,"stock_on_hold":0,"sold_today":0,"sales_last_days":0,"reserved_stock":0,"customer_returns":0,"warehouse_damage":0,"lost_in_post":0,"other_logs":0,"out_stock_days":0,"lost_sales":0,"has_location":false,"update_date":"2026-03-07T01:16:04","atum_locations":[],"atum_stock_status":"instock","restock_status":false,"low_stock_amount":"","sales_update_date":"2026-03-07T01:16:04","calc_backorders":null,"aioseo_notices":[],"_links":{"self":[{"href":"https:\/\/ecoshop.ee\/lt\/wp-json\/wp\/v2\/product\/5579","targetHints":{"allow":["GET"]}}],"collection":[{"href":"https:\/\/ecoshop.ee\/lt\/wp-json\/wp\/v2\/product"}],"about":[{"href":"https:\/\/ecoshop.ee\/lt\/wp-json\/wp\/v2\/types\/product"}],"replies":[{"embeddable":true,"href":"https:\/\/ecoshop.ee\/lt\/wp-json\/wp\/v2\/comments?post=5579"}],"version-history":[{"count":0,"href":"https:\/\/ecoshop.ee\/lt\/wp-json\/wp\/v2\/product\/5579\/revisions"}],"wp:featuredmedia":[{"embeddable":true,"href":"https:\/\/ecoshop.ee\/lt\/wp-json\/wp\/v2\/media\/5638"}],"wp:attachment":[{"href":"https:\/\/ecoshop.ee\/lt\/wp-json\/wp\/v2\/media?parent=5579"}],"wp:term":[{"taxonomy":"product_brand","embeddable":true,"href":"https:\/\/ecoshop.ee\/lt\/wp-json\/wp\/v2\/product_brand?post=5579"},{"taxonomy":"product_cat","embeddable":true,"href":"https:\/\/ecoshop.ee\/lt\/wp-json\/wp\/v2\/product_cat?post=5579"},{"taxonomy":"product_tag","embeddable":true,"href":"https:\/\/ecoshop.ee\/lt\/wp-json\/wp\/v2\/product_tag?post=5579"}],"curies":[{"name":"wp","href":"https:\/\/api.w.org\/{rel}","templated":true}]}}