{"id":56404,"date":"2025-01-25T21:31:27","date_gmt":"2025-01-25T19:31:27","guid":{"rendered":"https:\/\/ecoshop.ee\/?post_type=product&#038;p=56404"},"modified":"2026-05-08T21:37:34","modified_gmt":"2026-05-08T18:37:34","slug":"bettr-baltyminga-lesiu-sriuba-30-g","status":"publish","type":"product","link":"https:\/\/ecoshop.ee\/lt\/hommikusook-ja-granolad\/bettr-proteiinirohke-laatsesupp-30g\/","title":{"rendered":"Bett&#039;r daug baltym\u0173 turinti l\u0119\u0161i\u0173 sriuba, 30 g"},"content":{"rendered":"<p>\u201eBett&#039;r\u201c l\u0119\u0161i\u0173 sriuba \u2013 puikus pasirinkimas norint greitai ir sveikai pavalgyti bet kada ir bet kur. \u0160ioje gard\u017eioje sriuboje gausu baltym\u0173 ir skaidul\u0173, tod\u0117l ji puikiai tinka veganams ir tiems, kurie netoleruoja glitimo. 100% ekologi\u0161ka ir be dirbtini\u0173 kvapi\u0173j\u0173 med\u017eiag\u0173 bei da\u017eikli\u0173. \u0160i sriuba \u2013 puikus pasirinkimas keliaujant.<\/p>\n<p>Pamir\u0161kite ilg\u0105 virimo laik\u0105! \u201eBett&#039;r\u201c greitai paruo\u0161iama daug baltym\u0173 turinti sriuba paruo\u0161iama akimirksniu \u2013 tereikia u\u017epilti kar\u0161tu vandeniu, i\u0161mai\u0161yti ir m\u0117gautis. Kompakti\u0161k\u0105 pakuot\u0119 lengva pasiimti su savimi, nesvarbu, ar einate \u012f biur\u0105, ar \u012f \u017eyg\u012f, tod\u0117l tai puikus u\u017ekandis bet kuriuo metu.<\/p>","protected":false},"excerpt":{"rendered":"<p>Bett&#8217;r l\u00e4\u00e4tsesupp on ideaalne valik kiireks ja tervislikuks toiduks igal ajal ja igas kohas. See maitsev supp on rikas valkude ja kiudainete&hellip;<\/p>","protected":false},"featured_media":56405,"comment_status":"open","ping_status":"closed","template":"","meta":{"wprm-recipe-roundup-name":"","wprm-recipe-roundup-description":""},"product_brand":[11995],"product_cat":[514],"product_tag":[297,522],"class_list":{"0":"post-56404","1":"product","2":"type-product","3":"status-publish","4":"has-post-thumbnail","6":"product_brand-bettr","7":"product_cat-hommikusook-ja-granolad","8":"product_tag-mahe","9":"product_tag-supp","10":"j79_wcxd_expiry_type-best-before","12":"first","13":"instock","14":"taxable","15":"shipping-taxable","16":"purchasable","17":"product-type-simple"},"supplier_id":9165,"supplier_sku":"","barcode":"3800233782752","atum_controlled":true,"out_stock_date":null,"out_stock_threshold":null,"inheritable":false,"inbound_stock":0,"stock_on_hold":0,"sold_today":0,"sales_last_days":0,"reserved_stock":0,"customer_returns":0,"warehouse_damage":0,"lost_in_post":0,"other_logs":0,"out_stock_days":170,"lost_sales":80,"has_location":false,"update_date":"2026-05-08T18:37:35","atum_locations":[],"atum_stock_status":"instock","restock_status":false,"low_stock_amount":"","sales_update_date":"2026-04-06T20:18:52","calc_backorders":null,"aioseo_notices":[],"_links":{"self":[{"href":"https:\/\/ecoshop.ee\/lt\/wp-json\/wp\/v2\/product\/56404","targetHints":{"allow":["GET"]}}],"collection":[{"href":"https:\/\/ecoshop.ee\/lt\/wp-json\/wp\/v2\/product"}],"about":[{"href":"https:\/\/ecoshop.ee\/lt\/wp-json\/wp\/v2\/types\/product"}],"replies":[{"embeddable":true,"href":"https:\/\/ecoshop.ee\/lt\/wp-json\/wp\/v2\/comments?post=56404"}],"version-history":[{"count":1,"href":"https:\/\/ecoshop.ee\/lt\/wp-json\/wp\/v2\/product\/56404\/revisions"}],"predecessor-version":[{"id":396143,"href":"https:\/\/ecoshop.ee\/lt\/wp-json\/wp\/v2\/product\/56404\/revisions\/396143"}],"wp:featuredmedia":[{"embeddable":true,"href":"https:\/\/ecoshop.ee\/lt\/wp-json\/wp\/v2\/media\/56405"}],"wp:attachment":[{"href":"https:\/\/ecoshop.ee\/lt\/wp-json\/wp\/v2\/media?parent=56404"}],"wp:term":[{"taxonomy":"product_brand","embeddable":true,"href":"https:\/\/ecoshop.ee\/lt\/wp-json\/wp\/v2\/product_brand?post=56404"},{"taxonomy":"product_cat","embeddable":true,"href":"https:\/\/ecoshop.ee\/lt\/wp-json\/wp\/v2\/product_cat?post=56404"},{"taxonomy":"product_tag","embeddable":true,"href":"https:\/\/ecoshop.ee\/lt\/wp-json\/wp\/v2\/product_tag?post=56404"}],"curies":[{"name":"wp","href":"https:\/\/api.w.org\/{rel}","templated":true}]}}