{"id":56409,"date":"2025-01-25T21:54:36","date_gmt":"2025-01-25T19:54:36","guid":{"rendered":"https:\/\/ecoshop.ee\/?post_type=product&#038;p=56409"},"modified":"2026-05-07T10:11:17","modified_gmt":"2026-05-07T07:11:17","slug":"bettr-daug-baltymu-turinti-avinzirniu-sriuba-30-g","status":"publish","type":"product","link":"https:\/\/ecoshop.ee\/lt\/hommikusook-ja-granolad\/bettr-proteiinirohke-kikerhernesupp-30g\/","title":{"rendered":"Bett&#039;r daug baltym\u0173 turinti avin\u017eirni\u0173 sriuba, 30 g"},"content":{"rendered":"<p>\u201eBett&#039;r\u201c avin\u017eirni\u0173 sriuba \u2013 puikus sveikas patiekalas u\u017eimtam gyvenimo b\u016bdui. \u0160i gardi sriuba yra pilna baltym\u0173 ir skaidul\u0173, tod\u0117l tinka veganams ir tiems, kurie netoleruoja glitimo. 100% ekologi\u0161ka ir be dirbtini\u0173 kvapi\u0173j\u0173 med\u017eiag\u0173 ar da\u017eikli\u0173. \u0160i\u0105 sriub\u0105 greitai ir lengvai pagaminsite.<\/p>\n<p>J\u012f lengva paruo\u0161ti \u2013 tereikia u\u017epilti kar\u0161tu vandeniu, i\u0161mai\u0161yti ir m\u0117gautis. Kompakti\u0161ka pakuot\u0117 idealiai tinka pasiimti su savimi, nesvarbu, ar esate biure, ar keliaujate p\u0117s\u010diomis. Sveikas ir skanus maistas bet kada ir bet kur.<\/p>","protected":false},"excerpt":{"rendered":"<p>Bett\u2019r kikerhernesupp on ideaalne lahendus tervislikuks toiduks kiire elustiili puhul. See maitsev supp on t\u00e4is valke ja kiudaineid, sobides veganitele ja gluteenitalumatusega&hellip;<\/p>","protected":false},"featured_media":56410,"comment_status":"open","ping_status":"closed","template":"","meta":{"wprm-recipe-roundup-name":"","wprm-recipe-roundup-description":""},"product_brand":[11995],"product_cat":[514],"product_tag":[297,522],"class_list":{"0":"post-56409","1":"product","2":"type-product","3":"status-publish","4":"has-post-thumbnail","6":"product_brand-bettr","7":"product_cat-hommikusook-ja-granolad","8":"product_tag-mahe","9":"product_tag-supp","10":"j79_wcxd_expiry_type-best-before","12":"first","13":"instock","14":"taxable","15":"shipping-taxable","16":"purchasable","17":"product-type-simple"},"supplier_id":9165,"supplier_sku":"","barcode":"3800233782769","atum_controlled":true,"out_stock_date":null,"out_stock_threshold":null,"inheritable":false,"inbound_stock":0,"stock_on_hold":0,"sold_today":6,"sales_last_days":6,"reserved_stock":0,"customer_returns":0,"warehouse_damage":0,"lost_in_post":0,"other_logs":0,"out_stock_days":0,"lost_sales":0,"has_location":false,"update_date":"2026-05-07T18:22:36","atum_locations":[],"atum_stock_status":"instock","restock_status":false,"low_stock_amount":"","sales_update_date":"2026-05-07T18:22:36","calc_backorders":null,"aioseo_notices":[],"_links":{"self":[{"href":"https:\/\/ecoshop.ee\/lt\/wp-json\/wp\/v2\/product\/56409","targetHints":{"allow":["GET"]}}],"collection":[{"href":"https:\/\/ecoshop.ee\/lt\/wp-json\/wp\/v2\/product"}],"about":[{"href":"https:\/\/ecoshop.ee\/lt\/wp-json\/wp\/v2\/types\/product"}],"replies":[{"embeddable":true,"href":"https:\/\/ecoshop.ee\/lt\/wp-json\/wp\/v2\/comments?post=56409"}],"version-history":[{"count":0,"href":"https:\/\/ecoshop.ee\/lt\/wp-json\/wp\/v2\/product\/56409\/revisions"}],"wp:featuredmedia":[{"embeddable":true,"href":"https:\/\/ecoshop.ee\/lt\/wp-json\/wp\/v2\/media\/56410"}],"wp:attachment":[{"href":"https:\/\/ecoshop.ee\/lt\/wp-json\/wp\/v2\/media?parent=56409"}],"wp:term":[{"taxonomy":"product_brand","embeddable":true,"href":"https:\/\/ecoshop.ee\/lt\/wp-json\/wp\/v2\/product_brand?post=56409"},{"taxonomy":"product_cat","embeddable":true,"href":"https:\/\/ecoshop.ee\/lt\/wp-json\/wp\/v2\/product_cat?post=56409"},{"taxonomy":"product_tag","embeddable":true,"href":"https:\/\/ecoshop.ee\/lt\/wp-json\/wp\/v2\/product_tag?post=56409"}],"curies":[{"name":"wp","href":"https:\/\/api.w.org\/{rel}","templated":true}]}}