{"id":5726,"date":"2024-07-16T14:42:03","date_gmt":"2024-07-16T11:42:03","guid":{"rendered":"https:\/\/ecoshop.ee\/?post_type=product&#038;p=5726"},"modified":"2025-12-25T19:43:05","modified_gmt":"2025-12-25T16:43:05","slug":"kamstinis-telefono-stovas","status":"publish","type":"product","link":"https:\/\/ecoshop.ee\/lt\/tarvikud\/korgist-telefonialus\/","title":{"rendered":"Kam\u0161tinis telefono stovas"},"content":{"rendered":"<p>M\u016bs\u0173 kam\u0161tinis telefono laikiklis \u2013 puikus aksesuaras j\u016bs\u0173 stalui ar naktiniam staliukui. Pagamintas i\u0161 nat\u016bralios kam\u0161tin\u0117s med\u017eiagos 100%, \u0161is laikiklis laiko j\u016bs\u0173 telefon\u0105 idealiu matymo kampu, puikiai tinkantis vaizdo skambu\u010diams, medijos per\u017ei\u016brai ar prane\u0161im\u0173 tikrinimui.<\/p>\n<p>Kam\u0161tiena yra tvari ir suteikia neslid\u0173 pavir\u0161i\u0173, kuris tvirtai laiko j\u016bs\u0173 prietais\u0105 vietoje. Minimalistinis dizainas ir kompakti\u0161kas dydis daro j\u012f prakti\u0161ku bet kurios erdv\u0117s papildymu, o kam\u0161tiena suteikia nat\u016bralumo.<\/p>\n<p>&nbsp;<\/p>\n<p><strong>Matmenys:<\/strong><\/p>\n<ul>\n<li>Ilgis: 13 cm<\/li>\n<li>Plotis: 8 cm<\/li>\n<li>Auk\u0161tis: 2 cm<\/li>\n<\/ul>","protected":false},"excerpt":{"rendered":"<p>Meie korgist telefonialus on ideaalne aksessuaar teie lauale v\u00f5i \u00f6\u00f6kapile. Valmistatud 100% looduslikust korgist, see hoidik toetab telefoni ideaalse vaatenurga all, sobides&hellip;<\/p>","protected":false},"featured_media":5727,"comment_status":"open","ping_status":"closed","template":"","meta":{"wprm-recipe-roundup-name":"","wprm-recipe-roundup-description":""},"product_brand":[],"product_cat":[245],"product_tag":[252],"class_list":{"0":"post-5726","1":"product","2":"type-product","3":"status-publish","4":"has-post-thumbnail","6":"product_cat-tarvikud","7":"product_tag-telefonialus","9":"first","10":"instock","11":"taxable","12":"shipping-taxable","13":"purchasable","14":"product-type-simple"},"supplier_id":9159,"supplier_sku":"","barcode":null,"atum_controlled":true,"out_stock_date":null,"out_stock_threshold":null,"inheritable":false,"inbound_stock":0,"stock_on_hold":0,"sold_today":0,"sales_last_days":0,"reserved_stock":0,"customer_returns":0,"warehouse_damage":0,"lost_in_post":0,"other_logs":0,"out_stock_days":0,"lost_sales":0,"has_location":false,"update_date":"2026-03-07T01:16:09","atum_locations":[],"atum_stock_status":"instock","restock_status":false,"low_stock_amount":"","sales_update_date":"2026-03-07T01:16:09","calc_backorders":null,"aioseo_notices":[],"_links":{"self":[{"href":"https:\/\/ecoshop.ee\/lt\/wp-json\/wp\/v2\/product\/5726","targetHints":{"allow":["GET"]}}],"collection":[{"href":"https:\/\/ecoshop.ee\/lt\/wp-json\/wp\/v2\/product"}],"about":[{"href":"https:\/\/ecoshop.ee\/lt\/wp-json\/wp\/v2\/types\/product"}],"replies":[{"embeddable":true,"href":"https:\/\/ecoshop.ee\/lt\/wp-json\/wp\/v2\/comments?post=5726"}],"version-history":[{"count":0,"href":"https:\/\/ecoshop.ee\/lt\/wp-json\/wp\/v2\/product\/5726\/revisions"}],"wp:featuredmedia":[{"embeddable":true,"href":"https:\/\/ecoshop.ee\/lt\/wp-json\/wp\/v2\/media\/5727"}],"wp:attachment":[{"href":"https:\/\/ecoshop.ee\/lt\/wp-json\/wp\/v2\/media?parent=5726"}],"wp:term":[{"taxonomy":"product_brand","embeddable":true,"href":"https:\/\/ecoshop.ee\/lt\/wp-json\/wp\/v2\/product_brand?post=5726"},{"taxonomy":"product_cat","embeddable":true,"href":"https:\/\/ecoshop.ee\/lt\/wp-json\/wp\/v2\/product_cat?post=5726"},{"taxonomy":"product_tag","embeddable":true,"href":"https:\/\/ecoshop.ee\/lt\/wp-json\/wp\/v2\/product_tag?post=5726"}],"curies":[{"name":"wp","href":"https:\/\/api.w.org\/{rel}","templated":true}]}}