{"id":5732,"date":"2024-07-16T15:03:44","date_gmt":"2024-07-16T12:03:44","guid":{"rendered":"https:\/\/ecoshop.ee\/?post_type=product&#038;p=5732"},"modified":"2025-12-25T19:36:48","modified_gmt":"2025-12-25T16:36:48","slug":"klasikinis-vyriskas-kamstinis-dirzas-be-skyliu","status":"publish","type":"product","link":"https:\/\/ecoshop.ee\/lt\/rihmad\/klassikaline-meeste-auguvaba-korgist-puksirihm\/","title":{"rendered":"Klasikinis vyri\u0161kas kam\u0161tinis dir\u017eas be skyli\u0173"},"content":{"rendered":"<p>Klasikinis skyli\u0173 neturintis kam\u0161tinis dir\u017eas \u2013 nesenstan\u010dio elegancijos ir novatori\u0161ko funkcionalumo derinys. Dir\u017eas neturi skyli\u0173, o gale yra i\u0161manus reguliavimo mechanizmas, leid\u017eiantis tiksliai reguliuoti ilg\u012f iki 23 cm.<\/p>\n<p>Ilg\u012f reguliuoti paprasta: atsegkite stiling\u0105 juod\u0105 sagt\u012f, sureguliuokite dir\u017eel\u012f ir v\u0117l u\u017esekite spustel\u0117jimu. \u0160is dizainas u\u017etikrina patogum\u0105 ir prisitaiko prie juosmens apimties poky\u010di\u0173. Dvipusis prabangus juodas kam\u0161tis i\u0161laikys savo gro\u017e\u012f laikui b\u0117gant. Rinkit\u0117s m\u016bs\u0173 kam\u0161tinius kelni\u0173 dir\u017eus, jei vertinate tvar\u0173 ir stiling\u0105 meistri\u0161kum\u0105!<\/p>\n<p>&nbsp;<\/p>\n<p><strong>Didelisused:<\/strong><\/p>\n<ul>\n<li>Ilgis: 120 cm<\/li>\n<li>Plotis: 3,5 cm<\/li>\n<\/ul>","protected":false},"excerpt":{"rendered":"<p>Klassikaline auguvaba korgist p\u00fcksirihm \u2013 ajatu elegantsi ja uuendusliku funktsionaalsuse kooslus. V\u00f6\u00f6l puuduvad augud ja selle tagak\u00fcljel on nutikas reguleerimismehhanism, mis v\u00f5imaldab&hellip;<\/p>","protected":false},"featured_media":5733,"comment_status":"open","ping_status":"closed","template":"","meta":{"wprm-recipe-roundup-name":"","wprm-recipe-roundup-description":""},"product_brand":[],"product_cat":[244],"product_tag":[],"class_list":{"0":"post-5732","1":"product","2":"type-product","3":"status-publish","4":"has-post-thumbnail","6":"product_cat-rihmad","8":"first","9":"instock","10":"taxable","11":"shipping-taxable","12":"purchasable","13":"product-type-simple"},"supplier_id":9159,"supplier_sku":"","barcode":null,"atum_controlled":true,"out_stock_date":null,"out_stock_threshold":null,"inheritable":false,"inbound_stock":0,"stock_on_hold":0,"sold_today":0,"sales_last_days":0,"reserved_stock":0,"customer_returns":0,"warehouse_damage":0,"lost_in_post":0,"other_logs":0,"out_stock_days":0,"lost_sales":0,"has_location":false,"update_date":"2026-03-07T01:16:09","atum_locations":[],"atum_stock_status":"instock","restock_status":false,"low_stock_amount":"","sales_update_date":"2026-03-07T01:16:09","calc_backorders":null,"aioseo_notices":[],"_links":{"self":[{"href":"https:\/\/ecoshop.ee\/lt\/wp-json\/wp\/v2\/product\/5732","targetHints":{"allow":["GET"]}}],"collection":[{"href":"https:\/\/ecoshop.ee\/lt\/wp-json\/wp\/v2\/product"}],"about":[{"href":"https:\/\/ecoshop.ee\/lt\/wp-json\/wp\/v2\/types\/product"}],"replies":[{"embeddable":true,"href":"https:\/\/ecoshop.ee\/lt\/wp-json\/wp\/v2\/comments?post=5732"}],"version-history":[{"count":0,"href":"https:\/\/ecoshop.ee\/lt\/wp-json\/wp\/v2\/product\/5732\/revisions"}],"wp:featuredmedia":[{"embeddable":true,"href":"https:\/\/ecoshop.ee\/lt\/wp-json\/wp\/v2\/media\/5733"}],"wp:attachment":[{"href":"https:\/\/ecoshop.ee\/lt\/wp-json\/wp\/v2\/media?parent=5732"}],"wp:term":[{"taxonomy":"product_brand","embeddable":true,"href":"https:\/\/ecoshop.ee\/lt\/wp-json\/wp\/v2\/product_brand?post=5732"},{"taxonomy":"product_cat","embeddable":true,"href":"https:\/\/ecoshop.ee\/lt\/wp-json\/wp\/v2\/product_cat?post=5732"},{"taxonomy":"product_tag","embeddable":true,"href":"https:\/\/ecoshop.ee\/lt\/wp-json\/wp\/v2\/product_tag?post=5732"}],"curies":[{"name":"wp","href":"https:\/\/api.w.org\/{rel}","templated":true}]}}