{"id":5754,"date":"2024-07-16T19:01:03","date_gmt":"2024-07-16T16:01:03","guid":{"rendered":"https:\/\/ecoshop.ee\/?post_type=product&#038;p=5754"},"modified":"2025-12-25T19:35:24","modified_gmt":"2025-12-25T16:35:24","slug":"plona-kamstine-kisene-kortelems","status":"publish","type":"product","link":"https:\/\/ecoshop.ee\/lt\/rahakotid\/ohuke-korgist-kaarditasku\/","title":{"rendered":"Plonas kam\u0161tini\u0173 korteli\u0173 d\u0117klas"},"content":{"rendered":"<p>Plonas kam\u0161tinis korteli\u0173 d\u0117klas, pagamintas i\u0161 nat\u016bralios, tvarios ir patvarios kam\u0161tin\u0117s med\u017eiagos. Galima \u012fsigyti juodos, rudos ir nat\u016bralios spalvos. Talpina iki 5 korteli\u0173 ir turi permatom\u0105 asmens tapatyb\u0117s kortel\u0117s skyrel\u012f bei ma\u017e\u0105 ki\u0161en\u0117l\u0119 pinigams. Korteli\u0173 d\u0117klas yra kompakti\u0161kas ir plonas, tod\u0117l j\u012f lengva ne\u0161iotis.<\/p>\n<p>Korteli\u0173 ki\u0161en\u0117l\u0117s turi RFID apsaug\u0105, kad j\u016bs\u0173 asmenin\u0117 informacija b\u016bt\u0173 saugi. Idealus pasirinkimas tiems, kurie vertina ir stili\u0173, ir funkcionalum\u0105.<\/p>\n<p>&nbsp;<\/p>\n<p><strong>Didelisused:<\/strong><\/p>\n<ul>\n<li>Ilgis: 11 cm<\/li>\n<li>Plotis: 7 cm<\/li>\n<li>Storis: 0,5 cm<\/li>\n<\/ul>","protected":false},"excerpt":{"rendered":"<p>\u00d5huke korgist kaarditasku, valmistatud looduslikust, j\u00e4tkusuutlikust ja vastupidavast korgimaterjalist. Saadaval musta, pruuni ja naturaalse v\u00e4rvitooniga. Mahutab kuni 5 kaarti ja sisaldab l\u00e4bipaistvat&hellip;<\/p>","protected":false},"featured_media":5765,"comment_status":"open","ping_status":"closed","template":"","meta":{"wprm-recipe-roundup-name":"","wprm-recipe-roundup-description":""},"product_brand":[],"product_cat":[241],"product_tag":[258],"class_list":{"0":"post-5754","1":"product","2":"type-product","3":"status-publish","4":"has-post-thumbnail","6":"product_cat-rahakotid","7":"product_tag-kaarditasku","9":"first","10":"instock","11":"taxable","12":"shipping-taxable","13":"purchasable","14":"product-type-variable"},"supplier_id":null,"supplier_sku":"","barcode":null,"atum_controlled":true,"out_stock_date":null,"out_stock_threshold":null,"inheritable":false,"inbound_stock":0,"stock_on_hold":0,"sold_today":0,"sales_last_days":0,"reserved_stock":0,"customer_returns":0,"warehouse_damage":0,"lost_in_post":0,"other_logs":0,"out_stock_days":0,"lost_sales":0,"has_location":false,"update_date":"2026-03-07T01:16:09","atum_locations":[],"atum_stock_status":"instock","restock_status":false,"low_stock_amount":"","sales_update_date":"2026-03-07T01:16:09","calc_backorders":null,"aioseo_notices":[],"_links":{"self":[{"href":"https:\/\/ecoshop.ee\/lt\/wp-json\/wp\/v2\/product\/5754","targetHints":{"allow":["GET"]}}],"collection":[{"href":"https:\/\/ecoshop.ee\/lt\/wp-json\/wp\/v2\/product"}],"about":[{"href":"https:\/\/ecoshop.ee\/lt\/wp-json\/wp\/v2\/types\/product"}],"replies":[{"embeddable":true,"href":"https:\/\/ecoshop.ee\/lt\/wp-json\/wp\/v2\/comments?post=5754"}],"version-history":[{"count":0,"href":"https:\/\/ecoshop.ee\/lt\/wp-json\/wp\/v2\/product\/5754\/revisions"}],"wp:featuredmedia":[{"embeddable":true,"href":"https:\/\/ecoshop.ee\/lt\/wp-json\/wp\/v2\/media\/5765"}],"wp:attachment":[{"href":"https:\/\/ecoshop.ee\/lt\/wp-json\/wp\/v2\/media?parent=5754"}],"wp:term":[{"taxonomy":"product_brand","embeddable":true,"href":"https:\/\/ecoshop.ee\/lt\/wp-json\/wp\/v2\/product_brand?post=5754"},{"taxonomy":"product_cat","embeddable":true,"href":"https:\/\/ecoshop.ee\/lt\/wp-json\/wp\/v2\/product_cat?post=5754"},{"taxonomy":"product_tag","embeddable":true,"href":"https:\/\/ecoshop.ee\/lt\/wp-json\/wp\/v2\/product_tag?post=5754"}],"curies":[{"name":"wp","href":"https:\/\/api.w.org\/{rel}","templated":true}]}}