{"id":5984,"date":"2024-07-18T13:43:55","date_gmt":"2024-07-18T10:43:55","guid":{"rendered":"https:\/\/ecoshop.ee\/?post_type=product&#038;p=5984"},"modified":"2024-11-09T01:31:31","modified_gmt":"2024-11-08T22:31:31","slug":"stilingas-naturalaus-kamscio-laikrodis-dovanu-dezuteje","status":"publish","type":"product","link":"https:\/\/ecoshop.ee\/lt\/kaekellad-ja-ehted\/naturaalsest-korgist-stiilne-kaekell-kinkekarbis\/","title":{"rendered":"Stilingas laikrodis, pagamintas i\u0161 nat\u016bralios kam\u0161tin\u0117s med\u017eiagos, dovan\u0173 d\u0117\u017eut\u0117je"},"content":{"rendered":"<p>\u0160is stilingas laikrodis \u2013 puiki dovana sau ar savo artimiesiems. Laikrodis turi du kei\u010diamus dir\u017eelius \u2013 vien\u0105 i\u0161 nat\u016bralios kam\u0161tin\u0117s med\u017eiagos, o kit\u0105 \u2013 bordo spalvos. Nat\u016brali kam\u0161tiena suteikia lengvumo ir patogumo, o unikalus kam\u0161tienos ra\u0161tas ir spalva \u2013 stiliaus. Nesenstantis ir universalus laikrod\u017eio dizainas puikiai tinka tiek kasdieniam ne\u0161iojimui, tiek formalesn\u0117ms progoms. \u0160is universalus ir ekologi\u0161kas aksesuaras yra puikus pasirinkimas, tinkantis tiek vyrams, tiek moterims.<\/p>\n<p>&nbsp;<\/p>\n<p><strong>Didelisused:<\/strong><\/p>\n<ul>\n<li>Ilgis: 23 cm<\/li>\n<li>Ciferblato plotis: 4 cm<\/li>\n<li>Dir\u017eelio plotis: 1,8 cm<\/li>\n<\/ul>","protected":false},"excerpt":{"rendered":"<p>See stiilne k\u00e4ekell on t\u00e4iuslik kingitus nii iseendale kui l\u00e4hedastele. Kellaga on kaasas kaks vahetatavat rihma \u2013 \u00fcks naturaalse v\u00e4rvusega korgist ja&hellip;<\/p>","protected":false},"featured_media":5985,"comment_status":"open","ping_status":"closed","template":"","meta":{"wprm-recipe-roundup-name":"","wprm-recipe-roundup-description":""},"product_brand":[],"product_cat":[243],"product_tag":[222],"class_list":{"0":"post-5984","1":"product","2":"type-product","3":"status-publish","4":"has-post-thumbnail","6":"product_cat-kaekellad-ja-ehted","7":"product_tag-kell","9":"first","10":"instock","11":"taxable","12":"shipping-taxable","13":"purchasable","14":"product-type-simple"},"supplier_id":9159,"supplier_sku":"","barcode":null,"atum_controlled":true,"out_stock_date":null,"out_stock_threshold":null,"inheritable":false,"inbound_stock":0,"stock_on_hold":0,"sold_today":0,"sales_last_days":0,"reserved_stock":0,"customer_returns":0,"warehouse_damage":0,"lost_in_post":0,"other_logs":0,"out_stock_days":0,"lost_sales":0,"has_location":false,"update_date":"2026-03-07T01:16:01","atum_locations":[],"atum_stock_status":"instock","restock_status":false,"low_stock_amount":"","sales_update_date":"2026-03-07T01:16:01","calc_backorders":null,"aioseo_notices":[],"_links":{"self":[{"href":"https:\/\/ecoshop.ee\/lt\/wp-json\/wp\/v2\/product\/5984","targetHints":{"allow":["GET"]}}],"collection":[{"href":"https:\/\/ecoshop.ee\/lt\/wp-json\/wp\/v2\/product"}],"about":[{"href":"https:\/\/ecoshop.ee\/lt\/wp-json\/wp\/v2\/types\/product"}],"replies":[{"embeddable":true,"href":"https:\/\/ecoshop.ee\/lt\/wp-json\/wp\/v2\/comments?post=5984"}],"version-history":[{"count":0,"href":"https:\/\/ecoshop.ee\/lt\/wp-json\/wp\/v2\/product\/5984\/revisions"}],"wp:featuredmedia":[{"embeddable":true,"href":"https:\/\/ecoshop.ee\/lt\/wp-json\/wp\/v2\/media\/5985"}],"wp:attachment":[{"href":"https:\/\/ecoshop.ee\/lt\/wp-json\/wp\/v2\/media?parent=5984"}],"wp:term":[{"taxonomy":"product_brand","embeddable":true,"href":"https:\/\/ecoshop.ee\/lt\/wp-json\/wp\/v2\/product_brand?post=5984"},{"taxonomy":"product_cat","embeddable":true,"href":"https:\/\/ecoshop.ee\/lt\/wp-json\/wp\/v2\/product_cat?post=5984"},{"taxonomy":"product_tag","embeddable":true,"href":"https:\/\/ecoshop.ee\/lt\/wp-json\/wp\/v2\/product_tag?post=5984"}],"curies":[{"name":"wp","href":"https:\/\/api.w.org\/{rel}","templated":true}]}}