{"id":6021,"date":"2024-07-18T15:18:10","date_gmt":"2024-07-18T12:18:10","guid":{"rendered":"https:\/\/ecoshop.ee\/?post_type=product&#038;p=6021"},"modified":"2025-12-25T19:43:05","modified_gmt":"2025-12-25T16:43:05","slug":"sirdies-formos-kamstine-laikymo-dezute","status":"publish","type":"product","link":"https:\/\/ecoshop.ee\/lt\/tarvikud\/sudamekujuline-korgist-hoiukarp\/","title":{"rendered":"\u0160irdies formos kam\u0161tin\u0117 laikymo d\u0117\u017eut\u0117"},"content":{"rendered":"<p>Atraskite m\u016bs\u0173 gra\u017eios ir eleganti\u0161kos kam\u0161tin\u0117s laikymo d\u0117\u017eut\u0117s \u017eaves\u012f ir prakti\u0161kum\u0105. \u0160is stilingas ir ekologi\u0161kas sprendimas idealiai tinka laikyti vertingus papuo\u0161alus, tokius kaip \u017eiedai ir karoliai. Mink\u0161tas vidus apsaugo papuo\u0161alus nuo \u012fbr\u0117\u017eim\u0173 ir pa\u017eeidim\u0173. Be to, kam\u0161tin\u0117 d\u0117\u017eut\u0117 puikiai tinka ekologi\u0161kai dovan\u0173 ar gamini\u0173 pakavimui. Kompakti\u0161ka ir nat\u016braliai atrodanti kam\u0161tin\u0117 d\u0117\u017eut\u0117 skirta visiems, kurie vertina tvark\u0105 ir draugi\u0161kum\u0105 aplinkai.<\/p>\n<p>&nbsp;<\/p>\n<p><strong>Didelisused:<\/strong><\/p>\n<ul>\n<li>Ilgis: 10 cm<\/li>\n<li>Plotis: 10 cm<\/li>\n<li>Auk\u0161tis: 4 cm<\/li>\n<\/ul>","protected":false},"excerpt":{"rendered":"<p>Avasta meie kauni ja elegantse korgist hoiukarbi v\u00f5lu ja praktilisus. See stiilne ja looduss\u00f5bralik lahendus sobib ideaalselt sinu v\u00e4\u00e4rtuslike ehete, nagu s\u00f5rmuste&hellip;<\/p>","protected":false},"featured_media":6022,"comment_status":"open","ping_status":"closed","template":"","meta":{"wprm-recipe-roundup-name":"","wprm-recipe-roundup-description":""},"product_brand":[],"product_cat":[245],"product_tag":[260],"class_list":{"0":"post-6021","1":"product","2":"type-product","3":"status-publish","4":"has-post-thumbnail","6":"product_cat-tarvikud","7":"product_tag-karp","9":"first","10":"instock","11":"taxable","12":"shipping-taxable","13":"purchasable","14":"product-type-simple"},"supplier_id":9159,"supplier_sku":"","barcode":null,"atum_controlled":true,"out_stock_date":null,"out_stock_threshold":null,"inheritable":false,"inbound_stock":0,"stock_on_hold":0,"sold_today":0,"sales_last_days":0,"reserved_stock":0,"customer_returns":0,"warehouse_damage":0,"lost_in_post":0,"other_logs":0,"out_stock_days":0,"lost_sales":0,"has_location":false,"update_date":"2026-03-07T01:16:09","atum_locations":[],"atum_stock_status":"instock","restock_status":false,"low_stock_amount":"","sales_update_date":"2026-03-07T01:16:09","calc_backorders":null,"aioseo_notices":[],"_links":{"self":[{"href":"https:\/\/ecoshop.ee\/lt\/wp-json\/wp\/v2\/product\/6021","targetHints":{"allow":["GET"]}}],"collection":[{"href":"https:\/\/ecoshop.ee\/lt\/wp-json\/wp\/v2\/product"}],"about":[{"href":"https:\/\/ecoshop.ee\/lt\/wp-json\/wp\/v2\/types\/product"}],"replies":[{"embeddable":true,"href":"https:\/\/ecoshop.ee\/lt\/wp-json\/wp\/v2\/comments?post=6021"}],"version-history":[{"count":0,"href":"https:\/\/ecoshop.ee\/lt\/wp-json\/wp\/v2\/product\/6021\/revisions"}],"wp:featuredmedia":[{"embeddable":true,"href":"https:\/\/ecoshop.ee\/lt\/wp-json\/wp\/v2\/media\/6022"}],"wp:attachment":[{"href":"https:\/\/ecoshop.ee\/lt\/wp-json\/wp\/v2\/media?parent=6021"}],"wp:term":[{"taxonomy":"product_brand","embeddable":true,"href":"https:\/\/ecoshop.ee\/lt\/wp-json\/wp\/v2\/product_brand?post=6021"},{"taxonomy":"product_cat","embeddable":true,"href":"https:\/\/ecoshop.ee\/lt\/wp-json\/wp\/v2\/product_cat?post=6021"},{"taxonomy":"product_tag","embeddable":true,"href":"https:\/\/ecoshop.ee\/lt\/wp-json\/wp\/v2\/product_tag?post=6021"}],"curies":[{"name":"wp","href":"https:\/\/api.w.org\/{rel}","templated":true}]}}