{"id":6034,"date":"2024-07-18T15:59:34","date_gmt":"2024-07-18T12:59:34","guid":{"rendered":"https:\/\/ecoshop.ee\/?post_type=product&#038;p=6034"},"modified":"2025-12-25T19:43:06","modified_gmt":"2025-12-25T16:43:06","slug":"antikvarinis-medinis-ir-kamstinis-sulankstomas-ventiliatorius","status":"publish","type":"product","link":"https:\/\/ecoshop.ee\/lt\/tarvikud\/antiikne-puidust-ja-korgist-volditav-lehvik\/","title":{"rendered":"Antikvarinis medinis ir kam\u0161tinis sulankstomas v\u0117duoklis"},"content":{"rendered":"<p>Gra\u017eus sulankstomas ventiliatorius i\u0161 nat\u016bralaus kam\u0161\u010dio, kuris jus v\u0117sins ir suteiks stilingumo! Jis pagamintas i\u0161 auk\u0161tos kokyb\u0117s kam\u0161\u010dio, kuris yra ekologi\u0161kas, mink\u0161tas, lankstus ir patvarus.<\/p>\n<p>&nbsp;<\/p>\n<p><strong>Med\u017eiagos:<\/strong><\/p>\n<ul>\n<li>Ekranas: Dangtelis<\/li>\n<li>Korpusas: Medis<\/li>\n<\/ul>\n<p><strong>Matmenys:<\/strong><\/p>\n<ul>\n<li>Atidarius: 23 x 41 x 2 cm<\/li>\n<li>U\u017edaryta: 23 x 6 x 2 cm<\/li>\n<li>Svoris: 80 g<\/li>\n<\/ul>","protected":false},"excerpt":{"rendered":"<p>Ilus looduslikust korgist volditav lehvik, mis hoiab sind jahedana ja stiilsena! See on valmistatud k\u00f5rgekvaliteedilisest korgist, mis on keskkonnas\u00f5bralik, pehme, paindlik ja&hellip;<\/p>","protected":false},"featured_media":6043,"comment_status":"open","ping_status":"closed","template":"","meta":{"wprm-recipe-roundup-name":"","wprm-recipe-roundup-description":""},"product_brand":[],"product_cat":[245],"product_tag":[395],"class_list":{"0":"post-6034","1":"product","2":"type-product","3":"status-publish","4":"has-post-thumbnail","6":"product_cat-tarvikud","7":"product_tag-lehvik","9":"first","10":"instock","11":"taxable","12":"shipping-taxable","13":"purchasable","14":"product-type-variable"},"supplier_id":null,"supplier_sku":"","barcode":null,"atum_controlled":true,"out_stock_date":null,"out_stock_threshold":null,"inheritable":false,"inbound_stock":0,"stock_on_hold":0,"sold_today":0,"sales_last_days":0,"reserved_stock":0,"customer_returns":0,"warehouse_damage":0,"lost_in_post":0,"other_logs":0,"out_stock_days":0,"lost_sales":0,"has_location":false,"update_date":"2026-03-07T01:16:09","atum_locations":[],"atum_stock_status":"instock","restock_status":false,"low_stock_amount":"","sales_update_date":"2026-03-07T01:16:09","calc_backorders":null,"aioseo_notices":[],"_links":{"self":[{"href":"https:\/\/ecoshop.ee\/lt\/wp-json\/wp\/v2\/product\/6034","targetHints":{"allow":["GET"]}}],"collection":[{"href":"https:\/\/ecoshop.ee\/lt\/wp-json\/wp\/v2\/product"}],"about":[{"href":"https:\/\/ecoshop.ee\/lt\/wp-json\/wp\/v2\/types\/product"}],"replies":[{"embeddable":true,"href":"https:\/\/ecoshop.ee\/lt\/wp-json\/wp\/v2\/comments?post=6034"}],"version-history":[{"count":0,"href":"https:\/\/ecoshop.ee\/lt\/wp-json\/wp\/v2\/product\/6034\/revisions"}],"wp:featuredmedia":[{"embeddable":true,"href":"https:\/\/ecoshop.ee\/lt\/wp-json\/wp\/v2\/media\/6043"}],"wp:attachment":[{"href":"https:\/\/ecoshop.ee\/lt\/wp-json\/wp\/v2\/media?parent=6034"}],"wp:term":[{"taxonomy":"product_brand","embeddable":true,"href":"https:\/\/ecoshop.ee\/lt\/wp-json\/wp\/v2\/product_brand?post=6034"},{"taxonomy":"product_cat","embeddable":true,"href":"https:\/\/ecoshop.ee\/lt\/wp-json\/wp\/v2\/product_cat?post=6034"},{"taxonomy":"product_tag","embeddable":true,"href":"https:\/\/ecoshop.ee\/lt\/wp-json\/wp\/v2\/product_tag?post=6034"}],"curies":[{"name":"wp","href":"https:\/\/api.w.org\/{rel}","templated":true}]}}