{"id":6048,"date":"2024-07-18T16:16:15","date_gmt":"2024-07-18T13:16:15","guid":{"rendered":"https:\/\/ecoshop.ee\/?post_type=product&#038;p=6048"},"modified":"2025-12-25T19:43:05","modified_gmt":"2025-12-25T16:43:05","slug":"menesinis-prieziuros-rinkinys-su-kamstiniu-laikymo-maiseliu","status":"publish","type":"product","link":"https:\/\/ecoshop.ee\/lt\/tarvikud\/korgist-hoiukotiga-kuunehoolduskomplekt\/","title":{"rendered":"Nag\u0173 prie\u017ei\u016bros rinkinys su kam\u0161tiniu mai\u0161eliu laikymui"},"content":{"rendered":"<p>\u0160is asmeninis nag\u0173 prie\u017ei\u016bros rinkinys yra puikus ne\u0161iojamas sprendimas j\u016bs\u0173 nag\u0173 prie\u017ei\u016bros poreikiams. Rinkin\u012f sudaro nag\u0173 kirpimo \u017eirklut\u0117s, odeli\u0173 kirpimo \u012frankis, nag\u0173 dild\u0117 ir pincetas. Priemon\u0117s patogiai supakuotos \u012f stiling\u0105 ir ekologi\u0161k\u0105 kam\u0161tin\u0119 laikymo d\u0117\u017eut\u0119, kurios matmenys yra 11 x 6 x 1,5 cm, tod\u0117l ji kompakti\u0161ka ir lengvai ne\u0161iojama. Su \u0161iuo b\u016btinu ir patogiu maniki\u016bro rinkiniu palaikykite savo nagus puikios b\u016bkl\u0117s.<\/p>","protected":false},"excerpt":{"rendered":"<p>See isiklik k\u00fc\u00fcnehoolduskomplekt on ideaalne kaasaskantav lahendus sinu k\u00fc\u00fcnte hooldamiseks. Komplekt sisaldab k\u00fc\u00fcnek\u00e4\u00e4re, k\u00fc\u00fcnenaha trimmerit, k\u00fc\u00fcneviili ja pintsette. T\u00f6\u00f6riistad on mugavalt pakitud&hellip;<\/p>","protected":false},"featured_media":6049,"comment_status":"open","ping_status":"closed","template":"","meta":{"wprm-recipe-roundup-name":"","wprm-recipe-roundup-description":""},"product_brand":[],"product_cat":[245],"product_tag":[],"class_list":{"0":"post-6048","1":"product","2":"type-product","3":"status-publish","4":"has-post-thumbnail","6":"product_cat-tarvikud","8":"first","9":"instock","10":"taxable","11":"shipping-taxable","12":"purchasable","13":"product-type-simple"},"supplier_id":9159,"supplier_sku":"","barcode":null,"atum_controlled":true,"out_stock_date":null,"out_stock_threshold":null,"inheritable":false,"inbound_stock":0,"stock_on_hold":0,"sold_today":0,"sales_last_days":0,"reserved_stock":0,"customer_returns":0,"warehouse_damage":0,"lost_in_post":0,"other_logs":0,"out_stock_days":0,"lost_sales":0,"has_location":false,"update_date":"2026-03-07T01:16:09","atum_locations":[],"atum_stock_status":"instock","restock_status":false,"low_stock_amount":"","sales_update_date":"2026-03-07T01:16:09","calc_backorders":null,"aioseo_notices":[],"_links":{"self":[{"href":"https:\/\/ecoshop.ee\/lt\/wp-json\/wp\/v2\/product\/6048","targetHints":{"allow":["GET"]}}],"collection":[{"href":"https:\/\/ecoshop.ee\/lt\/wp-json\/wp\/v2\/product"}],"about":[{"href":"https:\/\/ecoshop.ee\/lt\/wp-json\/wp\/v2\/types\/product"}],"replies":[{"embeddable":true,"href":"https:\/\/ecoshop.ee\/lt\/wp-json\/wp\/v2\/comments?post=6048"}],"version-history":[{"count":0,"href":"https:\/\/ecoshop.ee\/lt\/wp-json\/wp\/v2\/product\/6048\/revisions"}],"wp:featuredmedia":[{"embeddable":true,"href":"https:\/\/ecoshop.ee\/lt\/wp-json\/wp\/v2\/media\/6049"}],"wp:attachment":[{"href":"https:\/\/ecoshop.ee\/lt\/wp-json\/wp\/v2\/media?parent=6048"}],"wp:term":[{"taxonomy":"product_brand","embeddable":true,"href":"https:\/\/ecoshop.ee\/lt\/wp-json\/wp\/v2\/product_brand?post=6048"},{"taxonomy":"product_cat","embeddable":true,"href":"https:\/\/ecoshop.ee\/lt\/wp-json\/wp\/v2\/product_cat?post=6048"},{"taxonomy":"product_tag","embeddable":true,"href":"https:\/\/ecoshop.ee\/lt\/wp-json\/wp\/v2\/product_tag?post=6048"}],"curies":[{"name":"wp","href":"https:\/\/api.w.org\/{rel}","templated":true}]}}