{"id":6075,"date":"2024-07-18T21:17:37","date_gmt":"2024-07-18T18:17:37","guid":{"rendered":"https:\/\/ecoshop.ee\/?post_type=product&#038;p=6075"},"modified":"2025-12-25T19:43:06","modified_gmt":"2025-12-25T16:43:06","slug":"kamstiniai-ir-nerudijancio-plieno-naminiu-gyvuneliu-dubeneliai","status":"publish","type":"product","link":"https:\/\/ecoshop.ee\/lt\/tarvikud\/korgist-ja-roostevabast-terasest-lemmiklooma-soogikausid\/","title":{"rendered":"Kam\u0161tiniai ir ner\u016bdijan\u010dio plieno namini\u0173 gyv\u016bn\u0117li\u0173 duben\u0117liai"},"content":{"rendered":"<p>Augintini\u0173 \u0117dalo pad\u0117klas su dangteliu ir ner\u016bdijan\u010dio plieno duben\u0117liais yra puikus prakti\u0161kas ir stilingas pasirinkimas j\u016bs\u0173 namams ir augintiniui.<\/p>\n<p>Pagrindas pagamintas i\u0161 nat\u016brali\u0173 kam\u0161\u010di\u0173 granuli\u0173 100% ir suteikia stabil\u0173 bei ekologi\u0161k\u0105 maisto pad\u0117kl\u0105 j\u016bs\u0173 augintiniui. Kam\u0161tis yra ne tik tvarus, bet ir nat\u016braliai atsparus dr\u0117gmei bei kvapams, suteikdamas ilgaam\u017e\u0119 ir higieni\u0161k\u0105 erdv\u0119 j\u016bs\u0173 geriausiam draugui valgyti.<\/p>\n<p>&nbsp;<\/p>\n<p><strong>Matmenys:<\/strong><\/p>\n<ul>\n<li>Ilgis: 30 cm<\/li>\n<li>Plotis: 17 cm<\/li>\n<li>Auk\u0161tis: 5 cm<\/li>\n<\/ul>","protected":false},"excerpt":{"rendered":"<p>Korkalusega ja roostevabast terasest kaussidega s\u00f6\u00f6gialus on ideaalselt praktiline ja stiilne valik sinu koju ja lemmikloomale. P\u00f5hi on valmistatud 100% looduslikest korkgraanulitest&hellip;<\/p>","protected":false},"featured_media":6076,"comment_status":"open","ping_status":"closed","template":"","meta":{"wprm-recipe-roundup-name":"","wprm-recipe-roundup-description":""},"product_brand":[],"product_cat":[245],"product_tag":[],"class_list":{"0":"post-6075","1":"product","2":"type-product","3":"status-publish","4":"has-post-thumbnail","6":"product_cat-tarvikud","8":"first","9":"instock","10":"taxable","11":"shipping-taxable","12":"purchasable","13":"product-type-simple"},"supplier_id":9159,"supplier_sku":"","barcode":null,"atum_controlled":true,"out_stock_date":null,"out_stock_threshold":null,"inheritable":false,"inbound_stock":0,"stock_on_hold":0,"sold_today":0,"sales_last_days":0,"reserved_stock":0,"customer_returns":0,"warehouse_damage":0,"lost_in_post":0,"other_logs":0,"out_stock_days":0,"lost_sales":0,"has_location":false,"update_date":"2026-03-07T01:16:09","atum_locations":[],"atum_stock_status":"instock","restock_status":false,"low_stock_amount":"","sales_update_date":"2026-03-07T01:16:09","calc_backorders":null,"aioseo_notices":[],"_links":{"self":[{"href":"https:\/\/ecoshop.ee\/lt\/wp-json\/wp\/v2\/product\/6075","targetHints":{"allow":["GET"]}}],"collection":[{"href":"https:\/\/ecoshop.ee\/lt\/wp-json\/wp\/v2\/product"}],"about":[{"href":"https:\/\/ecoshop.ee\/lt\/wp-json\/wp\/v2\/types\/product"}],"replies":[{"embeddable":true,"href":"https:\/\/ecoshop.ee\/lt\/wp-json\/wp\/v2\/comments?post=6075"}],"version-history":[{"count":0,"href":"https:\/\/ecoshop.ee\/lt\/wp-json\/wp\/v2\/product\/6075\/revisions"}],"wp:featuredmedia":[{"embeddable":true,"href":"https:\/\/ecoshop.ee\/lt\/wp-json\/wp\/v2\/media\/6076"}],"wp:attachment":[{"href":"https:\/\/ecoshop.ee\/lt\/wp-json\/wp\/v2\/media?parent=6075"}],"wp:term":[{"taxonomy":"product_brand","embeddable":true,"href":"https:\/\/ecoshop.ee\/lt\/wp-json\/wp\/v2\/product_brand?post=6075"},{"taxonomy":"product_cat","embeddable":true,"href":"https:\/\/ecoshop.ee\/lt\/wp-json\/wp\/v2\/product_cat?post=6075"},{"taxonomy":"product_tag","embeddable":true,"href":"https:\/\/ecoshop.ee\/lt\/wp-json\/wp\/v2\/product_tag?post=6075"}],"curies":[{"name":"wp","href":"https:\/\/api.w.org\/{rel}","templated":true}]}}