{"id":61922,"date":"2025-03-09T21:25:48","date_gmt":"2025-03-09T19:25:48","guid":{"rendered":"https:\/\/ecoshop.ee\/?post_type=product&#038;p=61922"},"modified":"2026-04-27T22:05:47","modified_gmt":"2026-04-27T19:05:47","slug":"clearspring-ekologiskas-obuoliu-sidro-actas-500-ml","status":"publish","type":"product","link":"https:\/\/ecoshop.ee\/lt\/piimad-ja-maarded\/clearspring-mahe-ounaaadikas-500ml\/","title":{"rendered":"Clearspring ekologi\u0161kas obuoli\u0173 sidro actas, 500 ml"},"content":{"rendered":"<p data-start=\"98\" data-end=\"364\">\u0160is gaivus ir vaisinis obuoli\u0173 sidro actas pagamintas ital\u0173 meistr\u0173, naudojant \u0161alto spaudimo ekologi\u0161kas obuoli\u0173 sultis. Nat\u016braliai fermentuotas, nepasterizuotas ir nefiltruotas \u2013 sud\u0117tyje yra \u201emotinos\u201c r\u016bg\u0161ties, kuri suteikia actui drumst\u0105 i\u0161vaizd\u0105 ir nat\u016bralias nuos\u0117das.<\/p>\n<p data-start=\"366\" data-end=\"484\" data-is-last-node=\"\" data-is-only-node=\"\">Puikiai tinka pada\u017eams ir salot\u0173 u\u017epilams arba vartokite 2 valgomuosius \u0161auk\u0161tus su vandeniu kaip kasdien\u012f sveik\u0105 tonik\u0105.<\/p>","protected":false},"excerpt":{"rendered":"<p>See v\u00e4rske ja puuviljane \u00f5una\u00e4\u00e4dikas on valmistatud Itaalia meistrite poolt, kasutades k\u00fclmpressitud mahedat \u00f5unamahla. Looduslikult fermenteeritud, past\u00f6riseerimata ja filtreerimata \u2013 sisaldab \u201eEmat\u201c,&hellip;<\/p>","protected":false},"featured_media":61924,"comment_status":"open","ping_status":"closed","template":"","meta":{"wprm-recipe-roundup-name":"","wprm-recipe-roundup-description":""},"product_brand":[12018],"product_cat":[325],"product_tag":[3655,297],"class_list":{"0":"post-61922","1":"product","2":"type-product","3":"status-publish","4":"has-post-thumbnail","6":"product_brand-clearspring","7":"product_cat-piimad-ja-maarded","8":"product_tag-aadikas","9":"product_tag-mahe","10":"j79_wcxd_expiry_type-best-before","12":"first","13":"instock","14":"taxable","15":"shipping-taxable","16":"purchasable","17":"product-type-simple"},"supplier_id":9160,"supplier_sku":"","barcode":"5021554003090","atum_controlled":true,"out_stock_date":null,"out_stock_threshold":null,"inheritable":false,"inbound_stock":0,"stock_on_hold":0,"sold_today":0,"sales_last_days":1,"reserved_stock":0,"customer_returns":0,"warehouse_damage":0,"lost_in_post":0,"other_logs":0,"out_stock_days":0,"lost_sales":0,"has_location":false,"update_date":"2026-04-30T12:07:59","atum_locations":[],"atum_stock_status":"instock","restock_status":true,"low_stock_amount":"","sales_update_date":"2026-04-30T12:07:59","calc_backorders":null,"aioseo_notices":[],"_links":{"self":[{"href":"https:\/\/ecoshop.ee\/lt\/wp-json\/wp\/v2\/product\/61922","targetHints":{"allow":["GET"]}}],"collection":[{"href":"https:\/\/ecoshop.ee\/lt\/wp-json\/wp\/v2\/product"}],"about":[{"href":"https:\/\/ecoshop.ee\/lt\/wp-json\/wp\/v2\/types\/product"}],"replies":[{"embeddable":true,"href":"https:\/\/ecoshop.ee\/lt\/wp-json\/wp\/v2\/comments?post=61922"}],"version-history":[{"count":0,"href":"https:\/\/ecoshop.ee\/lt\/wp-json\/wp\/v2\/product\/61922\/revisions"}],"wp:featuredmedia":[{"embeddable":true,"href":"https:\/\/ecoshop.ee\/lt\/wp-json\/wp\/v2\/media\/61924"}],"wp:attachment":[{"href":"https:\/\/ecoshop.ee\/lt\/wp-json\/wp\/v2\/media?parent=61922"}],"wp:term":[{"taxonomy":"product_brand","embeddable":true,"href":"https:\/\/ecoshop.ee\/lt\/wp-json\/wp\/v2\/product_brand?post=61922"},{"taxonomy":"product_cat","embeddable":true,"href":"https:\/\/ecoshop.ee\/lt\/wp-json\/wp\/v2\/product_cat?post=61922"},{"taxonomy":"product_tag","embeddable":true,"href":"https:\/\/ecoshop.ee\/lt\/wp-json\/wp\/v2\/product_tag?post=61922"}],"curies":[{"name":"wp","href":"https:\/\/api.w.org\/{rel}","templated":true}]}}