{"id":6270,"date":"2024-07-23T00:26:55","date_gmt":"2024-07-22T21:26:55","guid":{"rendered":"https:\/\/ecoshop.ee\/?post_type=product&#038;p=6270"},"modified":"2025-12-25T19:40:50","modified_gmt":"2025-12-25T16:40:50","slug":"moteriska-rankine-is-naturalaus-kamstienos-su-rastu","status":"publish","type":"product","link":"https:\/\/ecoshop.ee\/lt\/kotid\/mustriga-naturaalsest-korgist-naiste-kaekott\/","title":{"rendered":"Moteri\u0161ka rankin\u0117 i\u0161 nat\u016bralaus kam\u0161\u010dio su ra\u0161tu"},"content":{"rendered":"<p>\u0160i prabangi kam\u0161tin\u0117 moteri\u0161ka rankin\u0117 pagaminta i\u0161 nat\u016bralios kam\u0161tin\u0117s med\u017eiagos ir turi reguliuojam\u0105 pe\u010di\u0173 dir\u017eel\u012f, kad b\u016bt\u0173 u\u017etikrintas maksimalus komfortas. Priekin\u0117s ir galin\u0117s ki\u0161en\u0117s yra u\u017etrauktukais, tod\u0117l daiktai lengvai pasiekiami. Rankin\u0117s viduje yra kelios ki\u0161en\u0117s, kad j\u016bs\u0173 daiktai b\u016bt\u0173 tvarkingai sud\u0117ti. Kam\u0161tin\u0117 med\u017eiaga yra tvari, draugi\u0161ka aplinkai, patvari ir lengvai pri\u017ei\u016brima. Idealiai tinka kasdieniam naudojimui.<\/p>\n<p>&nbsp;<\/p>\n<p><strong>Matmenys:<\/strong><\/p>\n<ul>\n<li>Ilgis: 35 cm<\/li>\n<li>Plotis: 25 cm<\/li>\n<li>Storis: 15 cm<\/li>\n<\/ul>","protected":false},"excerpt":{"rendered":"<p>See luksuslik korgist naiste k\u00e4ekott on valmistatud looduslikust korgimaterjalist ning sellel on reguleeritav \u00f5larihm tagamaks maksimaalse mugavuse. Esi- ja tagataskud on lukuga,&hellip;<\/p>","protected":false},"featured_media":6276,"comment_status":"open","ping_status":"closed","template":"","meta":{"wprm-recipe-roundup-name":"","wprm-recipe-roundup-description":""},"product_brand":[],"product_cat":[242],"product_tag":[202],"class_list":{"0":"post-6270","1":"product","2":"type-product","3":"status-publish","4":"has-post-thumbnail","6":"product_cat-kotid","7":"product_tag-kott","9":"first","10":"instock","11":"taxable","12":"shipping-taxable","13":"purchasable","14":"product-type-variable"},"supplier_id":null,"supplier_sku":"","barcode":null,"atum_controlled":true,"out_stock_date":null,"out_stock_threshold":null,"inheritable":false,"inbound_stock":0,"stock_on_hold":0,"sold_today":0,"sales_last_days":0,"reserved_stock":0,"customer_returns":0,"warehouse_damage":0,"lost_in_post":0,"other_logs":0,"out_stock_days":0,"lost_sales":0,"has_location":false,"update_date":"2026-03-07T01:16:01","atum_locations":[],"atum_stock_status":"instock","restock_status":false,"low_stock_amount":"","sales_update_date":"2026-03-07T01:16:01","calc_backorders":null,"aioseo_notices":[],"_links":{"self":[{"href":"https:\/\/ecoshop.ee\/lt\/wp-json\/wp\/v2\/product\/6270","targetHints":{"allow":["GET"]}}],"collection":[{"href":"https:\/\/ecoshop.ee\/lt\/wp-json\/wp\/v2\/product"}],"about":[{"href":"https:\/\/ecoshop.ee\/lt\/wp-json\/wp\/v2\/types\/product"}],"replies":[{"embeddable":true,"href":"https:\/\/ecoshop.ee\/lt\/wp-json\/wp\/v2\/comments?post=6270"}],"version-history":[{"count":0,"href":"https:\/\/ecoshop.ee\/lt\/wp-json\/wp\/v2\/product\/6270\/revisions"}],"wp:featuredmedia":[{"embeddable":true,"href":"https:\/\/ecoshop.ee\/lt\/wp-json\/wp\/v2\/media\/6276"}],"wp:attachment":[{"href":"https:\/\/ecoshop.ee\/lt\/wp-json\/wp\/v2\/media?parent=6270"}],"wp:term":[{"taxonomy":"product_brand","embeddable":true,"href":"https:\/\/ecoshop.ee\/lt\/wp-json\/wp\/v2\/product_brand?post=6270"},{"taxonomy":"product_cat","embeddable":true,"href":"https:\/\/ecoshop.ee\/lt\/wp-json\/wp\/v2\/product_cat?post=6270"},{"taxonomy":"product_tag","embeddable":true,"href":"https:\/\/ecoshop.ee\/lt\/wp-json\/wp\/v2\/product_tag?post=6270"}],"curies":[{"name":"wp","href":"https:\/\/api.w.org\/{rel}","templated":true}]}}