{"id":6281,"date":"2024-07-23T00:54:43","date_gmt":"2024-07-22T21:54:43","guid":{"rendered":"https:\/\/ecoshop.ee\/?post_type=product&#038;p=6281"},"modified":"2025-12-25T19:40:50","modified_gmt":"2025-12-25T16:40:50","slug":"ekologiskas-rastuotas-kamstinis-kelioninis-krepsys","status":"publish","type":"product","link":"https:\/\/ecoshop.ee\/lt\/kotid\/keskkonnasobralik-mustriga-korgist-reisikott\/","title":{"rendered":"Ekologi\u0161kas ra\u0161tuotas kam\u0161tinis kelioninis krep\u0161ys"},"content":{"rendered":"<p>Ekologi\u0161kas kam\u0161tinis kelioninis krep\u0161ys, kuriame derinamas nat\u016bralus kam\u0161tis ir stilingas dizainas. \u0160is universalus kelioni\u0173 palydovas turi daug vidini\u0173 ki\u0161eni\u0173, kad j\u016bs\u0173 daiktai b\u016bt\u0173 tvarkingai sud\u0117ti. Nuimamas, reguliuojamas pe\u010di\u0173 dir\u017eelis suteikia lankstumo, tod\u0117l krep\u0161\u012f galite ne\u0161ioti rankoje arba ant peties. Kam\u0161\u010dio med\u017eiaga yra tvari, draugi\u0161ka aplinkai, atspari vandeniui, patvari ir lengvai pri\u017ei\u016brima. Idealus pasirinkimas kasdieniam naudojimui.<\/p>\n<p>&nbsp;<\/p>\n<p><strong>Matmenys<\/strong>:<\/p>\n<ul>\n<li>Ilgis: 30 cm<\/li>\n<li>Plotis: 21 cm<\/li>\n<li>Storis: 12 cm<\/li>\n<li>Dir\u017eelio ilgis: 65\u2013130 cm<\/li>\n<\/ul>","protected":false},"excerpt":{"rendered":"<p>Looduss\u00f5bralik korgist reisikott, mis \u00fchendab endas naturaalse korgi ja stiilse disaini. See mitmek\u00fclgne reisikaaslane on mitme sisemise taskuga, et hoida teie asjad&hellip;<\/p>","protected":false},"featured_media":6286,"comment_status":"open","ping_status":"closed","template":"","meta":{"wprm-recipe-roundup-name":"","wprm-recipe-roundup-description":""},"product_brand":[],"product_cat":[242],"product_tag":[202],"class_list":{"0":"post-6281","1":"product","2":"type-product","3":"status-publish","4":"has-post-thumbnail","6":"product_cat-kotid","7":"product_tag-kott","9":"first","10":"instock","11":"taxable","12":"shipping-taxable","13":"purchasable","14":"product-type-variable"},"supplier_id":null,"supplier_sku":"","barcode":null,"atum_controlled":true,"out_stock_date":null,"out_stock_threshold":null,"inheritable":false,"inbound_stock":0,"stock_on_hold":0,"sold_today":0,"sales_last_days":0,"reserved_stock":0,"customer_returns":0,"warehouse_damage":0,"lost_in_post":0,"other_logs":0,"out_stock_days":0,"lost_sales":0,"has_location":false,"update_date":"2026-03-07T01:16:01","atum_locations":[],"atum_stock_status":"instock","restock_status":false,"low_stock_amount":"","sales_update_date":"2026-03-07T01:16:01","calc_backorders":null,"aioseo_notices":[],"_links":{"self":[{"href":"https:\/\/ecoshop.ee\/lt\/wp-json\/wp\/v2\/product\/6281","targetHints":{"allow":["GET"]}}],"collection":[{"href":"https:\/\/ecoshop.ee\/lt\/wp-json\/wp\/v2\/product"}],"about":[{"href":"https:\/\/ecoshop.ee\/lt\/wp-json\/wp\/v2\/types\/product"}],"replies":[{"embeddable":true,"href":"https:\/\/ecoshop.ee\/lt\/wp-json\/wp\/v2\/comments?post=6281"}],"version-history":[{"count":0,"href":"https:\/\/ecoshop.ee\/lt\/wp-json\/wp\/v2\/product\/6281\/revisions"}],"wp:featuredmedia":[{"embeddable":true,"href":"https:\/\/ecoshop.ee\/lt\/wp-json\/wp\/v2\/media\/6286"}],"wp:attachment":[{"href":"https:\/\/ecoshop.ee\/lt\/wp-json\/wp\/v2\/media?parent=6281"}],"wp:term":[{"taxonomy":"product_brand","embeddable":true,"href":"https:\/\/ecoshop.ee\/lt\/wp-json\/wp\/v2\/product_brand?post=6281"},{"taxonomy":"product_cat","embeddable":true,"href":"https:\/\/ecoshop.ee\/lt\/wp-json\/wp\/v2\/product_cat?post=6281"},{"taxonomy":"product_tag","embeddable":true,"href":"https:\/\/ecoshop.ee\/lt\/wp-json\/wp\/v2\/product_tag?post=6281"}],"curies":[{"name":"wp","href":"https:\/\/api.w.org\/{rel}","templated":true}]}}