{"id":6370,"date":"2024-07-24T19:31:04","date_gmt":"2024-07-24T16:31:04","guid":{"rendered":"https:\/\/ecoshop.ee\/?post_type=product&#038;p=6370"},"modified":"2025-12-25T19:40:48","modified_gmt":"2025-12-25T16:40:48","slug":"elegantiska-kamstine-rankine-su-placiu-austu-dirzeliu","status":"publish","type":"product","link":"https:\/\/ecoshop.ee\/lt\/kotid\/elegantne-korgist-olakott-laia-kootud-rihmaga\/","title":{"rendered":"Eleganti\u0161kas kam\u0161tinis rankinukas su pla\u010diu austu dir\u017eeliu"},"content":{"rendered":"<p>Tvarus ir eleganti\u0161kas moteri\u0161kas kam\u0161tinis rankinukas su baltu ramuni\u0173 ra\u0161tu. \u0160is stilingas aksesuaras sujungia funkcionalum\u0105 ir nesenstant\u012f gro\u017e\u012f, tod\u0117l taps nepakei\u010diamu j\u016bs\u0173 kolekcijos papildymu. Kam\u0161tin\u0117 med\u017eiaga yra tvari, draugi\u0161ka aplinkai, patvari ir lengvai pri\u017ei\u016brima. Idealiai tinka kasdieniam naudojimui.<\/p>\n<p>&nbsp;<\/p>\n<p><strong>Ownused:<\/strong><\/p>\n<ul>\n<li>Stilingas balt\u0173 ramuni\u0173 ra\u0161tas: rankin\u0117s i\u0161or\u0117je yra subtilus balt\u0173 ramuni\u0173 ra\u0161tas, kuris suteikia j\u016bs\u0173 aprangai elegancijos.<\/li>\n<li>Patogus platus dir\u017eelis: platus austas dir\u017eelis u\u017etikrina patog\u0173 ir saug\u0173 prigludim\u0105, tod\u0117l galite ne\u0161iotis krep\u0161\u012f vis\u0105 dien\u0105 be diskomforto.<\/li>\n<li>Magnetinis u\u017esegimas: Krep\u0161ys turi patog\u0173 magnetin\u012f u\u017esegim\u0105, kuris apsaugo j\u016bs\u0173 daiktus ir leid\u017eia lengvai juos pasiekti.<\/li>\n<li>Vidinis skyrius: Viduje yra gerai organizuotas interjeras su keliais skyriais, kad j\u016bs\u0173 svarbiausi daiktai b\u016bt\u0173 tvarkingai sud\u0117ti.<\/li>\n<li>U\u017epakalin\u0117 u\u017etraukiama ki\u0161en\u0117: Krep\u0161io gale yra u\u017etraukiama ki\u0161en\u0117 papildomam daikt\u0173 laikymui, u\u017etikrinanti saugi\u0105 viet\u0105 vertingiems daiktams.<\/li>\n<li>Metalin\u0117 g\u0117l\u0117s dekoracija: \u017eavinga metalin\u0117 g\u0117l\u0117s dekoracija priekyje suteikia krep\u0161iui unikal\u0173 ir stiling\u0105 akcent\u0105.<\/li>\n<\/ul>\n<p>&nbsp;<\/p>\n<p><strong>Matmenys:<\/strong><\/p>\n<ul>\n<li>Ilgis: 24 cm<\/li>\n<li>Plotis: 15 cm<\/li>\n<li>Storis: 7 cm<\/li>\n<\/ul>","protected":false},"excerpt":{"rendered":"<p>J\u00e4tkusuutlik ja elegantne naiste korgist \u00f5lakott valge karikakra mustriga. See stiilne aksessuaar \u00fchendab funktsionaalsuse ja ajatu ilu, olles teie kollektsiooni asendamatu lisa.&hellip;<\/p>","protected":false},"featured_media":6371,"comment_status":"open","ping_status":"closed","template":"","meta":{"wprm-recipe-roundup-name":"","wprm-recipe-roundup-description":""},"product_brand":[],"product_cat":[242],"product_tag":[202],"class_list":{"0":"post-6370","1":"product","2":"type-product","3":"status-publish","4":"has-post-thumbnail","6":"product_cat-kotid","7":"product_tag-kott","9":"first","10":"instock","11":"taxable","12":"shipping-taxable","13":"purchasable","14":"product-type-simple"},"supplier_id":9159,"supplier_sku":"","barcode":null,"atum_controlled":true,"out_stock_date":null,"out_stock_threshold":null,"inheritable":false,"inbound_stock":0,"stock_on_hold":0,"sold_today":0,"sales_last_days":0,"reserved_stock":0,"customer_returns":0,"warehouse_damage":0,"lost_in_post":0,"other_logs":0,"out_stock_days":0,"lost_sales":0,"has_location":false,"update_date":"2026-03-07T01:16:09","atum_locations":[],"atum_stock_status":"instock","restock_status":false,"low_stock_amount":"","sales_update_date":"2026-03-07T01:16:09","calc_backorders":null,"aioseo_notices":[],"_links":{"self":[{"href":"https:\/\/ecoshop.ee\/lt\/wp-json\/wp\/v2\/product\/6370","targetHints":{"allow":["GET"]}}],"collection":[{"href":"https:\/\/ecoshop.ee\/lt\/wp-json\/wp\/v2\/product"}],"about":[{"href":"https:\/\/ecoshop.ee\/lt\/wp-json\/wp\/v2\/types\/product"}],"replies":[{"embeddable":true,"href":"https:\/\/ecoshop.ee\/lt\/wp-json\/wp\/v2\/comments?post=6370"}],"version-history":[{"count":0,"href":"https:\/\/ecoshop.ee\/lt\/wp-json\/wp\/v2\/product\/6370\/revisions"}],"wp:featuredmedia":[{"embeddable":true,"href":"https:\/\/ecoshop.ee\/lt\/wp-json\/wp\/v2\/media\/6371"}],"wp:attachment":[{"href":"https:\/\/ecoshop.ee\/lt\/wp-json\/wp\/v2\/media?parent=6370"}],"wp:term":[{"taxonomy":"product_brand","embeddable":true,"href":"https:\/\/ecoshop.ee\/lt\/wp-json\/wp\/v2\/product_brand?post=6370"},{"taxonomy":"product_cat","embeddable":true,"href":"https:\/\/ecoshop.ee\/lt\/wp-json\/wp\/v2\/product_cat?post=6370"},{"taxonomy":"product_tag","embeddable":true,"href":"https:\/\/ecoshop.ee\/lt\/wp-json\/wp\/v2\/product_tag?post=6370"}],"curies":[{"name":"wp","href":"https:\/\/api.w.org\/{rel}","templated":true}]}}