{"id":6488,"date":"2024-07-27T15:13:15","date_gmt":"2024-07-27T12:13:15","guid":{"rendered":"https:\/\/ecoshop.ee\/?post_type=product&#038;p=6488"},"modified":"2026-04-14T00:40:30","modified_gmt":"2026-04-13T21:40:30","slug":"naturalus-muilas-su-laimu-ir-juros-druska","status":"publish","type":"product","link":"https:\/\/ecoshop.ee\/lt\/hugieenitarbed\/laimi-ja-meresoolaga-looduslik-seep\/","title":{"rendered":"Nat\u016bralus muilas su laimu ir j\u016bros druska"},"content":{"rendered":"<p>\u0160is unikalus nat\u016bralus muilas sukurtas atnaujinti, gaivinti ir atgaivinti J\u016bs\u0173 od\u0105 bei pagerinti nuotaik\u0105! Valomosios \u017ealiosios citrinos savyb\u0117s pa\u017eadina J\u016bs\u0173 poj\u016b\u010dius ir suteikia odai spindesio, o j\u016bros druskos gr\u016bdeliai pa\u0161alina sausas ir negyvas odos l\u0105steles. M\u016bs\u0173 muilai yra \u0161alto spaudimo, tod\u0117l i\u0161saugomos naudingos augalin\u0117s kilm\u0117s ingredient\u0173 savyb\u0117s.<\/p>\n<p>\u201eJungle Culture\u201c nat\u016bral\u016bs muilai be atliek\u0173 tarnauja ilgiau nei \u012fprasti, nes juose yra ma\u017eesnis vandens ir didesnis aliejaus kiekis. Laikykite v\u0117sioje, sausoje vietoje, kad muilo tarnavimo laikas b\u016bt\u0173 dar ilgesnis.<\/p>","protected":false},"excerpt":{"rendered":"<p>See ainulaadne looduslik seep on loodud sinu naha ja meeleolu uuendamiseks, elavdamiseks ja v\u00e4rskendamiseks! Laimi puhastavad omadused \u00e4ratavad su meeled ja j\u00e4tavad&hellip;<\/p>","protected":false},"featured_media":6490,"comment_status":"open","ping_status":"closed","template":"","meta":{"wprm-recipe-roundup-name":"","wprm-recipe-roundup-description":""},"product_brand":[12064],"product_cat":[246],"product_tag":[193],"class_list":{"0":"post-6488","1":"product","2":"type-product","3":"status-publish","4":"has-post-thumbnail","6":"product_brand-jungle-culture","7":"product_cat-hugieenitarbed","8":"product_tag-seep","10":"first","11":"instock","12":"taxable","13":"shipping-taxable","14":"purchasable","15":"product-type-simple"},"supplier_id":9133,"supplier_sku":"","barcode":null,"atum_controlled":true,"out_stock_date":null,"out_stock_threshold":null,"inheritable":false,"inbound_stock":0,"stock_on_hold":0,"sold_today":0,"sales_last_days":0,"reserved_stock":0,"customer_returns":0,"warehouse_damage":0,"lost_in_post":0,"other_logs":0,"out_stock_days":0,"lost_sales":0,"has_location":false,"update_date":"2026-04-13T21:40:31","atum_locations":[],"atum_stock_status":"instock","restock_status":false,"low_stock_amount":"","sales_update_date":"2026-03-07T01:16:10","calc_backorders":null,"aioseo_notices":[],"_links":{"self":[{"href":"https:\/\/ecoshop.ee\/lt\/wp-json\/wp\/v2\/product\/6488","targetHints":{"allow":["GET"]}}],"collection":[{"href":"https:\/\/ecoshop.ee\/lt\/wp-json\/wp\/v2\/product"}],"about":[{"href":"https:\/\/ecoshop.ee\/lt\/wp-json\/wp\/v2\/types\/product"}],"replies":[{"embeddable":true,"href":"https:\/\/ecoshop.ee\/lt\/wp-json\/wp\/v2\/comments?post=6488"}],"version-history":[{"count":0,"href":"https:\/\/ecoshop.ee\/lt\/wp-json\/wp\/v2\/product\/6488\/revisions"}],"wp:featuredmedia":[{"embeddable":true,"href":"https:\/\/ecoshop.ee\/lt\/wp-json\/wp\/v2\/media\/6490"}],"wp:attachment":[{"href":"https:\/\/ecoshop.ee\/lt\/wp-json\/wp\/v2\/media?parent=6488"}],"wp:term":[{"taxonomy":"product_brand","embeddable":true,"href":"https:\/\/ecoshop.ee\/lt\/wp-json\/wp\/v2\/product_brand?post=6488"},{"taxonomy":"product_cat","embeddable":true,"href":"https:\/\/ecoshop.ee\/lt\/wp-json\/wp\/v2\/product_cat?post=6488"},{"taxonomy":"product_tag","embeddable":true,"href":"https:\/\/ecoshop.ee\/lt\/wp-json\/wp\/v2\/product_tag?post=6488"}],"curies":[{"name":"wp","href":"https:\/\/api.w.org\/{rel}","templated":true}]}}