{"id":6491,"date":"2024-07-27T15:22:05","date_gmt":"2024-07-27T12:22:05","guid":{"rendered":"https:\/\/ecoshop.ee\/?post_type=product&#038;p=6491"},"modified":"2026-04-14T00:40:26","modified_gmt":"2026-04-13T21:40:26","slug":"naturalus-sveiciamasis-muilas-su-kava","status":"publish","type":"product","link":"https:\/\/ecoshop.ee\/lt\/hugieenitarbed\/kohviga-looduslik-kooriv-seep\/","title":{"rendered":"Nat\u016bralus \u0161vei\u010diamasis muilas su kava"},"content":{"rendered":"<p>\u201eJungle Culture\u201c nat\u016bral\u016bs \u0161vei\u010diamieji kavos muilai yra praturtinti aromatingomis maltos ekologi\u0161kos kavos pupel\u0117mis. Kava yra svarbus ir gausus antioksidant\u0173 \u0161altinis, tod\u0117l \u0161is \u0161vei\u010diamasis muilas veiksmingai skaistina od\u0105 ir gerina bendr\u0105 sveikat\u0105 bei i\u0161vaizd\u0105.<\/p>\n<p>M\u016bs\u0173 kavos \u0161veitimo muilai sukurti \u0161velniai pa\u0161alinti sausas ir negyvas odos l\u0105steles, pa\u017eadinti od\u0105 ir pakelti nuotaik\u0105.<\/p>\n<p>Puikiai tinka: odos atjauninimui, nat\u016braliam spuog\u0173 gydymui, veido odos spalvos gerinimui ir kraujotakos gerinimui.<\/p>","protected":false},"excerpt":{"rendered":"<p>Jungle Culture&#8217;i looduslikud kohvikoorija seebid on t\u00e4idetud aromaatsete jahvatatud orgaaniliste kohviubadega. Kohv on oluline ja rikkalik antioks\u00fcdantide allikas, mist\u00f5ttu on see kooriv&hellip;<\/p>","protected":false},"featured_media":6492,"comment_status":"open","ping_status":"closed","template":"","meta":{"wprm-recipe-roundup-name":"","wprm-recipe-roundup-description":""},"product_brand":[12064],"product_cat":[246],"product_tag":[193],"class_list":{"0":"post-6491","1":"product","2":"type-product","3":"status-publish","4":"has-post-thumbnail","6":"product_brand-jungle-culture","7":"product_cat-hugieenitarbed","8":"product_tag-seep","10":"first","11":"instock","12":"taxable","13":"shipping-taxable","14":"purchasable","15":"product-type-simple"},"supplier_id":9133,"supplier_sku":"","barcode":null,"atum_controlled":true,"out_stock_date":null,"out_stock_threshold":null,"inheritable":false,"inbound_stock":0,"stock_on_hold":0,"sold_today":0,"sales_last_days":0,"reserved_stock":0,"customer_returns":0,"warehouse_damage":0,"lost_in_post":0,"other_logs":0,"out_stock_days":0,"lost_sales":0,"has_location":false,"update_date":"2026-04-13T21:40:30","atum_locations":[],"atum_stock_status":"instock","restock_status":false,"low_stock_amount":"","sales_update_date":"2026-03-07T01:16:10","calc_backorders":null,"aioseo_notices":[],"_links":{"self":[{"href":"https:\/\/ecoshop.ee\/lt\/wp-json\/wp\/v2\/product\/6491","targetHints":{"allow":["GET"]}}],"collection":[{"href":"https:\/\/ecoshop.ee\/lt\/wp-json\/wp\/v2\/product"}],"about":[{"href":"https:\/\/ecoshop.ee\/lt\/wp-json\/wp\/v2\/types\/product"}],"replies":[{"embeddable":true,"href":"https:\/\/ecoshop.ee\/lt\/wp-json\/wp\/v2\/comments?post=6491"}],"version-history":[{"count":0,"href":"https:\/\/ecoshop.ee\/lt\/wp-json\/wp\/v2\/product\/6491\/revisions"}],"wp:featuredmedia":[{"embeddable":true,"href":"https:\/\/ecoshop.ee\/lt\/wp-json\/wp\/v2\/media\/6492"}],"wp:attachment":[{"href":"https:\/\/ecoshop.ee\/lt\/wp-json\/wp\/v2\/media?parent=6491"}],"wp:term":[{"taxonomy":"product_brand","embeddable":true,"href":"https:\/\/ecoshop.ee\/lt\/wp-json\/wp\/v2\/product_brand?post=6491"},{"taxonomy":"product_cat","embeddable":true,"href":"https:\/\/ecoshop.ee\/lt\/wp-json\/wp\/v2\/product_cat?post=6491"},{"taxonomy":"product_tag","embeddable":true,"href":"https:\/\/ecoshop.ee\/lt\/wp-json\/wp\/v2\/product_tag?post=6491"}],"curies":[{"name":"wp","href":"https:\/\/api.w.org\/{rel}","templated":true}]}}