{"id":6511,"date":"2024-07-27T16:20:33","date_gmt":"2024-07-27T13:20:33","guid":{"rendered":"https:\/\/ecoshop.ee\/?post_type=product&#038;p=6511"},"modified":"2026-04-14T00:40:21","modified_gmt":"2026-04-13T21:40:21","slug":"naturalaus-dziuto-batai","status":"publish","type":"product","link":"https:\/\/ecoshop.ee\/lt\/korduvkasutus\/looduslikud-dzuudist-korrekotid\/","title":{"rendered":"Nat\u016bralaus d\u017eiuto \u0161iaud\u0173 mai\u0161eliai"},"content":{"rendered":"<p>Nat\u016bralus ir rank\u0173 darbo mink\u0161tas d\u017eiuto mai\u0161elis \u0161iaudams laikyti, \u012fvairi\u0173 spalv\u0173. \u201eJungle Culture\u201c \u0161iaudiniai mai\u0161eliai puikiai tinka \u0161iaudeli\u0173 sutvarkymui ir pasi\u0117mimui su savimi \u012f i\u0161kyl\u0105. Viename mai\u0161elyje telpa 2\u20133 \u0161iaudeliai.<\/p>\n<p>&nbsp;<\/p>\n<p><strong>\u012eskai\u010diuota:<\/strong><\/p>\n<ul>\n<li>1 d\u017eiuto mai\u0161as<\/li>\n<\/ul>","protected":false},"excerpt":{"rendered":"<p>Looduslik ja k\u00e4sit\u00f6\u00f6na valmistatud pehme d\u017euutkotike k\u00f5rte hoiustamiseks, saadaval erinevates v\u00e4rvitoonides. Jungle Culture k\u00f5rrekotid sobivad ideaalselt teie k\u00f5rte organiseerimiseks ja piknikule kaasav\u00f5tmiseks.&hellip;<\/p>","protected":false},"featured_media":6512,"comment_status":"open","ping_status":"closed","template":"","meta":{"wprm-recipe-roundup-name":"","wprm-recipe-roundup-description":""},"product_brand":[12064],"product_cat":[248,247],"product_tag":[],"class_list":{"0":"post-6511","1":"product","2":"type-product","3":"status-publish","4":"has-post-thumbnail","6":"product_brand-jungle-culture","7":"product_cat-korduvkasutus","8":"product_cat-noud-ja-koogitarbed","10":"first","11":"instock","12":"taxable","13":"shipping-taxable","14":"purchasable","15":"product-type-variable"},"supplier_id":null,"supplier_sku":"","barcode":null,"atum_controlled":true,"out_stock_date":null,"out_stock_threshold":null,"inheritable":true,"inbound_stock":0,"stock_on_hold":0,"sold_today":0,"sales_last_days":0,"reserved_stock":0,"customer_returns":0,"warehouse_damage":0,"lost_in_post":0,"other_logs":0,"out_stock_days":0,"lost_sales":0,"has_location":false,"update_date":"2026-04-13T21:40:22","atum_locations":[],"atum_stock_status":"instock","restock_status":false,"low_stock_amount":"","sales_update_date":"2026-03-07T01:16:10","calc_backorders":null,"aioseo_notices":[],"_links":{"self":[{"href":"https:\/\/ecoshop.ee\/lt\/wp-json\/wp\/v2\/product\/6511","targetHints":{"allow":["GET"]}}],"collection":[{"href":"https:\/\/ecoshop.ee\/lt\/wp-json\/wp\/v2\/product"}],"about":[{"href":"https:\/\/ecoshop.ee\/lt\/wp-json\/wp\/v2\/types\/product"}],"replies":[{"embeddable":true,"href":"https:\/\/ecoshop.ee\/lt\/wp-json\/wp\/v2\/comments?post=6511"}],"version-history":[{"count":0,"href":"https:\/\/ecoshop.ee\/lt\/wp-json\/wp\/v2\/product\/6511\/revisions"}],"wp:featuredmedia":[{"embeddable":true,"href":"https:\/\/ecoshop.ee\/lt\/wp-json\/wp\/v2\/media\/6512"}],"wp:attachment":[{"href":"https:\/\/ecoshop.ee\/lt\/wp-json\/wp\/v2\/media?parent=6511"}],"wp:term":[{"taxonomy":"product_brand","embeddable":true,"href":"https:\/\/ecoshop.ee\/lt\/wp-json\/wp\/v2\/product_brand?post=6511"},{"taxonomy":"product_cat","embeddable":true,"href":"https:\/\/ecoshop.ee\/lt\/wp-json\/wp\/v2\/product_cat?post=6511"},{"taxonomy":"product_tag","embeddable":true,"href":"https:\/\/ecoshop.ee\/lt\/wp-json\/wp\/v2\/product_tag?post=6511"}],"curies":[{"name":"wp","href":"https:\/\/api.w.org\/{rel}","templated":true}]}}