{"id":6549,"date":"2024-07-27T20:58:57","date_gmt":"2024-07-27T17:58:57","guid":{"rendered":"https:\/\/ecoshop.ee\/?post_type=product&#038;p=6549"},"modified":"2026-04-14T00:49:35","modified_gmt":"2026-04-13T21:49:35","slug":"1tp204-keiciamos-sepeteliu-galvutes-4-vnt","status":"publish","type":"product","link":"https:\/\/ecoshop.ee\/lt\/noud-ja-koogitarbed\/noudepesuharja-vahetuspead-4tk\/","title":{"rendered":"Indaplovi\u0173 \u0161epet\u0117li\u0173 pakaitin\u0117s galvut\u0117s, 4 vnt."},"content":{"rendered":"<p>\u0160is produktas yra visi\u0161kai nat\u016bralus ir be plastiko. Galvut\u0117s pagamintos i\u0161 bambuko, o \u0161ereliai \u2013 i\u0161 sizalio pluo\u0161to.<\/p>\n<p>M\u016bs\u0173 kei\u010diamos \u0161epet\u0117li\u0173 galvut\u0117s yra su mink\u0161tais \u0161ereliais, kurie tinka valyti keramik\u0105, stiklinius indus ar teflonu dengtas keptuves.<\/p>\n<p>Rinkinyje yra 4 kei\u010diamos galvut\u0117s su mink\u0161tais \u0161ereliais. \u0160is gaminys nepridedamas prie \u0161epet\u0117lio rankenos. Nor\u0117dami \u012fsigyti \u0161epet\u0117l\u012f su rankena <a href=\"https:\/\/ecoshop.ee\/lt\/torto-reikmenys\/daugkartinio-naudojimo-bambukinis-dantu-sepetelis-1tp204\/\" target=\"_blank\" rel=\"noopener\">spustel\u0117kite \u010dia.<\/a><\/p>","protected":false},"excerpt":{"rendered":"<p>See toode on t\u00e4iesti looduslik ja plastikuvaba. Pead on valmistatud bambusest ning harjased sisalkiududest. Meie asendusharjapead on saadaval pehmete harjastega mis sobivad&hellip;<\/p>","protected":false},"featured_media":6550,"comment_status":"open","ping_status":"closed","template":"","meta":{"wprm-recipe-roundup-name":"","wprm-recipe-roundup-description":""},"product_brand":[12064],"product_cat":[247],"product_tag":[187],"class_list":{"0":"post-6549","1":"product","2":"type-product","3":"status-publish","4":"has-post-thumbnail","6":"product_brand-jungle-culture","7":"product_cat-noud-ja-koogitarbed","8":"product_tag-noudepesuharjad","10":"first","11":"outofstock","12":"taxable","13":"shipping-taxable","14":"purchasable","15":"product-type-simple"},"supplier_id":9133,"supplier_sku":"","barcode":null,"atum_controlled":true,"out_stock_date":"2025-10-20 12:06:17","out_stock_threshold":null,"inheritable":false,"inbound_stock":0,"stock_on_hold":0,"sold_today":0,"sales_last_days":0,"reserved_stock":0,"customer_returns":0,"warehouse_damage":0,"lost_in_post":0,"other_logs":0,"out_stock_days":175,"lost_sales":232,"has_location":false,"update_date":"2026-04-13T21:49:36","atum_locations":[],"atum_stock_status":"outofstock","restock_status":false,"low_stock_amount":"","sales_update_date":"2026-03-07T01:16:13","calc_backorders":null,"aioseo_notices":[],"_links":{"self":[{"href":"https:\/\/ecoshop.ee\/lt\/wp-json\/wp\/v2\/product\/6549","targetHints":{"allow":["GET"]}}],"collection":[{"href":"https:\/\/ecoshop.ee\/lt\/wp-json\/wp\/v2\/product"}],"about":[{"href":"https:\/\/ecoshop.ee\/lt\/wp-json\/wp\/v2\/types\/product"}],"replies":[{"embeddable":true,"href":"https:\/\/ecoshop.ee\/lt\/wp-json\/wp\/v2\/comments?post=6549"}],"version-history":[{"count":0,"href":"https:\/\/ecoshop.ee\/lt\/wp-json\/wp\/v2\/product\/6549\/revisions"}],"wp:featuredmedia":[{"embeddable":true,"href":"https:\/\/ecoshop.ee\/lt\/wp-json\/wp\/v2\/media\/6550"}],"wp:attachment":[{"href":"https:\/\/ecoshop.ee\/lt\/wp-json\/wp\/v2\/media?parent=6549"}],"wp:term":[{"taxonomy":"product_brand","embeddable":true,"href":"https:\/\/ecoshop.ee\/lt\/wp-json\/wp\/v2\/product_brand?post=6549"},{"taxonomy":"product_cat","embeddable":true,"href":"https:\/\/ecoshop.ee\/lt\/wp-json\/wp\/v2\/product_cat?post=6549"},{"taxonomy":"product_tag","embeddable":true,"href":"https:\/\/ecoshop.ee\/lt\/wp-json\/wp\/v2\/product_tag?post=6549"}],"curies":[{"name":"wp","href":"https:\/\/api.w.org\/{rel}","templated":true}]}}