{"id":6566,"date":"2024-07-27T22:12:28","date_gmt":"2024-07-27T19:12:28","guid":{"rendered":"https:\/\/ecoshop.ee\/?post_type=product&#038;p=6566"},"modified":"2024-11-09T02:49:00","modified_gmt":"2024-11-08T23:49:00","slug":"shark-aukstos-kokybes-skutimosi-peiliukai-5-vnt","status":"publish","type":"product","link":"https:\/\/ecoshop.ee\/lt\/raseerimistarvikud\/shark-korge-kvaliteediga-raseerija-terad-5tk\/","title":{"rendered":"Shark auk\u0161tos kokyb\u0117s skutimosi peiliukai, 5 vnt."},"content":{"rendered":"<p>Shark dvipusiai skutimosi peiliukai pagaminti i\u0161 auk\u0161tos kokyb\u0117s ner\u016bdijan\u010dio plieno, u\u017etikrinan\u010dio profesional\u0173 skutim\u0105si.<\/p>\n<p>Suderinamas su visais daugkartinio naudojimo skustuvais.<\/p>\n<p>Viename rinkinyje yra 5 peiliukai.<\/p>","protected":false},"excerpt":{"rendered":"<p>Shark dvipusiai skutimosi peiliukai pagaminti i\u0161 auk\u0161tos kokyb\u0117s ner\u016bdijan\u010dio plieno, u\u017etikrinan\u010dio profesional\u0173 skutim\u0105si. Suderinami su visais daugkartinio naudojimo skustuvais. rimis 5 peiliuk\u0173 rinkinys.<\/p>","protected":false},"featured_media":6567,"comment_status":"open","ping_status":"closed","template":"","meta":{"wprm-recipe-roundup-name":"","wprm-recipe-roundup-description":""},"product_brand":[12019],"product_cat":[281],"product_tag":[191],"class_list":{"0":"post-6566","1":"product","2":"type-product","3":"status-publish","4":"has-post-thumbnail","6":"product_brand-shark","7":"product_cat-raseerimistarvikud","8":"product_tag-terad","10":"first","11":"instock","12":"taxable","13":"shipping-taxable","14":"purchasable","15":"product-type-simple"},"supplier_id":9133,"supplier_sku":"","barcode":null,"atum_controlled":true,"out_stock_date":null,"out_stock_threshold":null,"inheritable":false,"inbound_stock":0,"stock_on_hold":0,"sold_today":0,"sales_last_days":0,"reserved_stock":0,"customer_returns":0,"warehouse_damage":0,"lost_in_post":0,"other_logs":0,"out_stock_days":0,"lost_sales":0,"has_location":false,"update_date":"2026-03-07T01:16:13","atum_locations":[],"atum_stock_status":"instock","restock_status":false,"low_stock_amount":"","sales_update_date":"2026-03-07T01:16:13","calc_backorders":null,"aioseo_notices":[],"_links":{"self":[{"href":"https:\/\/ecoshop.ee\/lt\/wp-json\/wp\/v2\/product\/6566","targetHints":{"allow":["GET"]}}],"collection":[{"href":"https:\/\/ecoshop.ee\/lt\/wp-json\/wp\/v2\/product"}],"about":[{"href":"https:\/\/ecoshop.ee\/lt\/wp-json\/wp\/v2\/types\/product"}],"replies":[{"embeddable":true,"href":"https:\/\/ecoshop.ee\/lt\/wp-json\/wp\/v2\/comments?post=6566"}],"version-history":[{"count":0,"href":"https:\/\/ecoshop.ee\/lt\/wp-json\/wp\/v2\/product\/6566\/revisions"}],"wp:featuredmedia":[{"embeddable":true,"href":"https:\/\/ecoshop.ee\/lt\/wp-json\/wp\/v2\/media\/6567"}],"wp:attachment":[{"href":"https:\/\/ecoshop.ee\/lt\/wp-json\/wp\/v2\/media?parent=6566"}],"wp:term":[{"taxonomy":"product_brand","embeddable":true,"href":"https:\/\/ecoshop.ee\/lt\/wp-json\/wp\/v2\/product_brand?post=6566"},{"taxonomy":"product_cat","embeddable":true,"href":"https:\/\/ecoshop.ee\/lt\/wp-json\/wp\/v2\/product_cat?post=6566"},{"taxonomy":"product_tag","embeddable":true,"href":"https:\/\/ecoshop.ee\/lt\/wp-json\/wp\/v2\/product_tag?post=6566"}],"curies":[{"name":"wp","href":"https:\/\/api.w.org\/{rel}","templated":true}]}}