{"id":6569,"date":"2024-07-27T22:24:39","date_gmt":"2024-07-27T19:24:39","guid":{"rendered":"https:\/\/ecoshop.ee\/?post_type=product&#038;p=6569"},"modified":"2026-04-14T00:49:26","modified_gmt":"2026-04-13T21:49:26","slug":"bambuko-salotu-porcija-1tp-18-3tse-saukstai","status":"publish","type":"product","link":"https:\/\/ecoshop.ee\/lt\/noud-ja-koogitarbed\/bambusest-salatiserveerimise-lusikad\/","title":{"rendered":"Bambukinis salot\u0173 servizas rimise \u0161auk\u0161tai"},"content":{"rendered":"<p>M\u016bs\u0173 teraco ra\u0161to bambuko salot\u0173 pad\u0117klas 1TP183. \u0160auk\u0161tai yra rank\u0173 darbo i\u0161 vientiso ekologi\u0161ko bambuko gabalo.<\/p>\n<p>Derinkite m\u016bs\u0173 bambukines salot\u0173 \u017enyples su bambukiniu salot\u0173 dubeniu ar kitu mediniu mai\u0161ymo dubeniu, kad sukurtum\u0117te kaimi\u0161k\u0105 ir minimalistin\u012f patiekimo rinkin\u012f.<\/p>\n<p>&nbsp;<\/p>\n<p><strong>\u012eskai\u010diuota:<\/strong><\/p>\n<ul>\n<li>1 x bambukin\u0117 salot\u0173 \u0161akut\u0117<\/li>\n<li>1 x bambukinis salot\u0173 \u0161auk\u0161tas<\/li>\n<\/ul>","protected":false},"excerpt":{"rendered":"<p>Meie terrazzo mustriga bambusest salatiserveerimise lusikad on k\u00e4sitsi valmistatud \u00fchest orgaanilise bambuse t\u00fckist. Sobita meie bambusest salatikangid bambusest salatikausi v\u00f5i m\u00f5ne muu&hellip;<\/p>","protected":false},"featured_media":6574,"comment_status":"open","ping_status":"closed","template":"","meta":{"wprm-recipe-roundup-name":"","wprm-recipe-roundup-description":""},"product_brand":[12064],"product_cat":[247],"product_tag":[192],"class_list":{"0":"post-6569","1":"product","2":"type-product","3":"status-publish","4":"has-post-thumbnail","6":"product_brand-jungle-culture","7":"product_cat-noud-ja-koogitarbed","8":"product_tag-soogiriistad","10":"first","11":"instock","12":"taxable","13":"shipping-taxable","14":"purchasable","15":"product-type-variable"},"supplier_id":null,"supplier_sku":"","barcode":null,"atum_controlled":true,"out_stock_date":null,"out_stock_threshold":null,"inheritable":true,"inbound_stock":0,"stock_on_hold":0,"sold_today":0,"sales_last_days":0,"reserved_stock":0,"customer_returns":0,"warehouse_damage":0,"lost_in_post":0,"other_logs":0,"out_stock_days":0,"lost_sales":0,"has_location":false,"update_date":"2026-04-13T21:49:26","atum_locations":[],"atum_stock_status":"instock","restock_status":false,"low_stock_amount":"","sales_update_date":"2026-03-07T01:16:13","calc_backorders":null,"aioseo_notices":[],"_links":{"self":[{"href":"https:\/\/ecoshop.ee\/lt\/wp-json\/wp\/v2\/product\/6569","targetHints":{"allow":["GET"]}}],"collection":[{"href":"https:\/\/ecoshop.ee\/lt\/wp-json\/wp\/v2\/product"}],"about":[{"href":"https:\/\/ecoshop.ee\/lt\/wp-json\/wp\/v2\/types\/product"}],"replies":[{"embeddable":true,"href":"https:\/\/ecoshop.ee\/lt\/wp-json\/wp\/v2\/comments?post=6569"}],"version-history":[{"count":0,"href":"https:\/\/ecoshop.ee\/lt\/wp-json\/wp\/v2\/product\/6569\/revisions"}],"wp:featuredmedia":[{"embeddable":true,"href":"https:\/\/ecoshop.ee\/lt\/wp-json\/wp\/v2\/media\/6574"}],"wp:attachment":[{"href":"https:\/\/ecoshop.ee\/lt\/wp-json\/wp\/v2\/media?parent=6569"}],"wp:term":[{"taxonomy":"product_brand","embeddable":true,"href":"https:\/\/ecoshop.ee\/lt\/wp-json\/wp\/v2\/product_brand?post=6569"},{"taxonomy":"product_cat","embeddable":true,"href":"https:\/\/ecoshop.ee\/lt\/wp-json\/wp\/v2\/product_cat?post=6569"},{"taxonomy":"product_tag","embeddable":true,"href":"https:\/\/ecoshop.ee\/lt\/wp-json\/wp\/v2\/product_tag?post=6569"}],"curies":[{"name":"wp","href":"https:\/\/api.w.org\/{rel}","templated":true}]}}