{"id":6892,"date":"2024-08-09T20:49:26","date_gmt":"2024-08-09T17:49:26","guid":{"rendered":"https:\/\/ecoshop.ee\/?post_type=product&#038;p=6892"},"modified":"2026-04-14T00:37:05","modified_gmt":"2026-04-13T21:37:05","slug":"himalaju-rozines-druskos-dzemas-500-g","status":"publish","type":"product","link":"https:\/\/ecoshop.ee\/lt\/kupsetussegud-ja-kuivained\/himaalaja-roosa-sool-jame-500g\/","title":{"rendered":"Himalaj\u0173 ro\u017ein\u0117 druska, rupi, 500 g"},"content":{"rendered":"<p>\u201eDragon Superfoods Himalayan Pink Salt\u201c \u2013 tai unikali nat\u016brali akmens druska, rankomis i\u0161gaunama Himalaj\u0173 kaln\u0173 pap\u0117d\u0117je. \u0160ios druskos kristalai susiformavo prie\u0161 milijonus met\u0173, kai \u012f pavir\u0161i\u0173 i\u0161kilo s\u016brios senov\u0117s j\u016br\u0173 nuos\u0117dos. Himalaj\u0173 druska, kurioje yra daugiau nei 95% natrio chlorido, taip pat suteikia verting\u0173 mineral\u0173, toki\u0173 kaip kalis, kalcis, magnis, fosforas ir gele\u017eis, kuriuos organizmas lengvai pasisavina. Kristal\u0173 spalva svyruoja nuo \u0161viesiai rausvos iki tamsiai rausvos, suteikdama bet kokiam patiekalui vizualinio gro\u017eio ir ypatingo skonio.<\/p>\n<p>Naudojimas: Tinka bet kokiam maistui, kuriam tinka \u012fprasta druska.<\/p>\n<p>Laikyti sausoje ir v\u0117sioje vietoje.<\/p>","protected":false},"excerpt":{"rendered":"<p>Dragon Superfoods Himaalaja roosa sool on ainulaadne looduslik kivisool, mis on kaevandatud k\u00e4sitsi Himaalaja m\u00e4gede jalamil. Selle soola kristallid on kujunenud miljoneid&hellip;<\/p>","protected":false},"featured_media":6893,"comment_status":"open","ping_status":"closed","template":"","meta":{"wprm-recipe-roundup-name":"","wprm-recipe-roundup-description":""},"product_brand":[12065],"product_cat":[323,388,161],"product_tag":[275],"class_list":{"0":"post-6892","1":"product","2":"type-product","3":"status-publish","4":"has-post-thumbnail","6":"product_brand-dragon-superfoods","7":"product_cat-kupsetussegud-ja-kuivained","8":"product_cat-maitseained","9":"product_cat-sahvrikaubad","10":"product_tag-sool","11":"j79_wcxd_expiry_type-expiry-date","13":"first","14":"instock","15":"taxable","16":"shipping-taxable","17":"purchasable","18":"product-type-simple"},"supplier_id":9165,"supplier_sku":"","barcode":null,"atum_controlled":true,"out_stock_date":null,"out_stock_threshold":null,"inheritable":false,"inbound_stock":0,"stock_on_hold":0,"sold_today":0,"sales_last_days":0,"reserved_stock":0,"customer_returns":0,"warehouse_damage":0,"lost_in_post":0,"other_logs":0,"out_stock_days":0,"lost_sales":0,"has_location":false,"update_date":"2026-04-13T21:37:06","atum_locations":[],"atum_stock_status":"instock","restock_status":false,"low_stock_amount":"","sales_update_date":"2026-04-06T20:22:20","calc_backorders":null,"aioseo_notices":[],"_links":{"self":[{"href":"https:\/\/ecoshop.ee\/lt\/wp-json\/wp\/v2\/product\/6892","targetHints":{"allow":["GET"]}}],"collection":[{"href":"https:\/\/ecoshop.ee\/lt\/wp-json\/wp\/v2\/product"}],"about":[{"href":"https:\/\/ecoshop.ee\/lt\/wp-json\/wp\/v2\/types\/product"}],"replies":[{"embeddable":true,"href":"https:\/\/ecoshop.ee\/lt\/wp-json\/wp\/v2\/comments?post=6892"}],"version-history":[{"count":0,"href":"https:\/\/ecoshop.ee\/lt\/wp-json\/wp\/v2\/product\/6892\/revisions"}],"wp:featuredmedia":[{"embeddable":true,"href":"https:\/\/ecoshop.ee\/lt\/wp-json\/wp\/v2\/media\/6893"}],"wp:attachment":[{"href":"https:\/\/ecoshop.ee\/lt\/wp-json\/wp\/v2\/media?parent=6892"}],"wp:term":[{"taxonomy":"product_brand","embeddable":true,"href":"https:\/\/ecoshop.ee\/lt\/wp-json\/wp\/v2\/product_brand?post=6892"},{"taxonomy":"product_cat","embeddable":true,"href":"https:\/\/ecoshop.ee\/lt\/wp-json\/wp\/v2\/product_cat?post=6892"},{"taxonomy":"product_tag","embeddable":true,"href":"https:\/\/ecoshop.ee\/lt\/wp-json\/wp\/v2\/product_tag?post=6892"}],"curies":[{"name":"wp","href":"https:\/\/api.w.org\/{rel}","templated":true}]}}