{"id":6895,"date":"2024-08-09T21:07:15","date_gmt":"2024-08-09T18:07:15","guid":{"rendered":"https:\/\/ecoshop.ee\/?post_type=product&#038;p=6895"},"modified":"2026-05-10T19:34:47","modified_gmt":"2026-05-10T16:34:47","slug":"himalaju-juodoji-druska-smulki-250-g","status":"publish","type":"product","link":"https:\/\/ecoshop.ee\/lt\/kupsetussegud-ja-kuivained\/himaalaja-must-sool-peen-250g\/","title":{"rendered":"Himalaj\u0173 juodoji druska, smulki, 250 g"},"content":{"rendered":"<p>\u201eDragon Superfoods Himalayan Black Salt\u201c yra nat\u016brali akmens druska, rankomis i\u0161gaunama druskos kasyklose Himalaj\u0173 pap\u0117d\u0117je. Ji susidar\u0117 prie\u0161 milijonus met\u0173, kai vandenyno druskos nuos\u0117das pak\u0117l\u0117 \u017dem\u0117s plutos jud\u0117jimas ir kar\u0161tos magmos \u012ftaka. Juodojoje Himalaj\u0173 druskoje yra daugiau kaip 95% natrio chlorido ir keletas b\u016btin\u0173 mineral\u0173, kuriuos organizmas lengvai pasisavina jonine forma. Tai kalis, kalcis, magnis, fosforas ir gele\u017eis. Druskos kristal\u0173 spalva svyruoja nuo pilk\u0161vai baltos iki juodos ir gali b\u016bti \u0161iek tiek rausva. Ji turi silpn\u0105 sieros kvap\u0105.<\/p>\n<p>Rekomenduojamas naudojimas: \u012eberkite \u012f visus patiekalus, \u012f kuriuos paprastai bertum\u0117te druskos.<\/p>\n<p>Laikyti sausoje ir v\u0117sioje vietoje.<\/p>","protected":false},"excerpt":{"rendered":"<p>Dragon Superfoods Himaalaja must sool on looduslik kivisool, mis on k\u00e4sitsi kaevandatud Himaalaja jalamil asuvatest soolakaevandustest. See on tekkinud miljoneid aastaid tagasi&hellip;<\/p>","protected":false},"featured_media":6896,"comment_status":"open","ping_status":"closed","template":"","meta":{"wprm-recipe-roundup-name":"","wprm-recipe-roundup-description":""},"product_brand":[12065],"product_cat":[323,388,161],"product_tag":[275],"class_list":{"0":"post-6895","1":"product","2":"type-product","3":"status-publish","4":"has-post-thumbnail","6":"product_brand-dragon-superfoods","7":"product_cat-kupsetussegud-ja-kuivained","8":"product_cat-maitseained","9":"product_cat-sahvrikaubad","10":"product_tag-sool","11":"j79_wcxd_expiry_type-expiry-date","13":"first","14":"instock","15":"taxable","16":"shipping-taxable","17":"purchasable","18":"product-type-simple"},"supplier_id":9165,"supplier_sku":"","barcode":"3800225473125","atum_controlled":true,"out_stock_date":null,"out_stock_threshold":null,"inheritable":false,"inbound_stock":0,"stock_on_hold":0,"sold_today":0,"sales_last_days":1,"reserved_stock":0,"customer_returns":0,"warehouse_damage":0,"lost_in_post":0,"other_logs":0,"out_stock_days":0,"lost_sales":0,"has_location":false,"update_date":"2026-05-12T12:37:21","atum_locations":[],"atum_stock_status":"instock","restock_status":false,"low_stock_amount":"","sales_update_date":"2026-05-12T12:37:21","calc_backorders":null,"aioseo_notices":[],"_links":{"self":[{"href":"https:\/\/ecoshop.ee\/lt\/wp-json\/wp\/v2\/product\/6895","targetHints":{"allow":["GET"]}}],"collection":[{"href":"https:\/\/ecoshop.ee\/lt\/wp-json\/wp\/v2\/product"}],"about":[{"href":"https:\/\/ecoshop.ee\/lt\/wp-json\/wp\/v2\/types\/product"}],"replies":[{"embeddable":true,"href":"https:\/\/ecoshop.ee\/lt\/wp-json\/wp\/v2\/comments?post=6895"}],"version-history":[{"count":0,"href":"https:\/\/ecoshop.ee\/lt\/wp-json\/wp\/v2\/product\/6895\/revisions"}],"wp:featuredmedia":[{"embeddable":true,"href":"https:\/\/ecoshop.ee\/lt\/wp-json\/wp\/v2\/media\/6896"}],"wp:attachment":[{"href":"https:\/\/ecoshop.ee\/lt\/wp-json\/wp\/v2\/media?parent=6895"}],"wp:term":[{"taxonomy":"product_brand","embeddable":true,"href":"https:\/\/ecoshop.ee\/lt\/wp-json\/wp\/v2\/product_brand?post=6895"},{"taxonomy":"product_cat","embeddable":true,"href":"https:\/\/ecoshop.ee\/lt\/wp-json\/wp\/v2\/product_cat?post=6895"},{"taxonomy":"product_tag","embeddable":true,"href":"https:\/\/ecoshop.ee\/lt\/wp-json\/wp\/v2\/product_tag?post=6895"}],"curies":[{"name":"wp","href":"https:\/\/api.w.org\/{rel}","templated":true}]}}