{"id":6901,"date":"2024-08-09T22:50:35","date_gmt":"2024-08-09T19:50:35","guid":{"rendered":"https:\/\/ecoshop.ee\/?post_type=product&#038;p=6901"},"modified":"2026-04-14T00:36:55","modified_gmt":"2026-04-13T21:36:55","slug":"ekologiskas-kokosu-cukrus-250-g","status":"publish","type":"product","link":"https:\/\/ecoshop.ee\/lt\/kupsetussegud-ja-kuivained\/orgaaniline-kookossuhkur-250g\/","title":{"rendered":"Ekologi\u0161kas kokos\u0173 cukrus, 250 g"},"content":{"rendered":"<p>\u201eDragon Superfoods Organic Coconut Sugar\u201c yra gardus nat\u016bralus saldiklis, pagamintas i\u0161 kokos\u0173 palmi\u0173 \u017eied\u0173 nektaro. Jis pasi\u017eymi subtiliu karamel\u0117s skoniu, puikiai tinkan\u010diu bet kokiam desertui ar kasdienei arbatai ir kavai.<\/p>","protected":false},"excerpt":{"rendered":"<p>Dragon Superfoods orgaaniline kookossuhkur on maitsev looduslik magusaine, mis on valmistatud kookospalmi\u00f5ite nektarist. Sellel on \u00f5rn karamelline maitse, mis sobib suurep\u00e4raselt iga&hellip;<\/p>","protected":false},"featured_media":6904,"comment_status":"open","ping_status":"closed","template":"","meta":{"wprm-recipe-roundup-name":"","wprm-recipe-roundup-description":""},"product_brand":[12065],"product_cat":[323,161,303],"product_tag":[297,276],"class_list":{"0":"post-6901","1":"product","2":"type-product","3":"status-publish","4":"has-post-thumbnail","6":"product_brand-dragon-superfoods","7":"product_cat-kupsetussegud-ja-kuivained","8":"product_cat-sahvrikaubad","9":"product_cat-mahetooted","10":"product_tag-mahe","11":"product_tag-suhkur","12":"j79_wcxd_expiry_type-best-before","14":"first","15":"instock","16":"taxable","17":"shipping-taxable","18":"purchasable","19":"product-type-simple"},"supplier_id":9165,"supplier_sku":"","barcode":"3800225478885","atum_controlled":true,"out_stock_date":null,"out_stock_threshold":null,"inheritable":false,"inbound_stock":0,"stock_on_hold":0,"sold_today":0,"sales_last_days":0,"reserved_stock":0,"customer_returns":0,"warehouse_damage":0,"lost_in_post":0,"other_logs":0,"out_stock_days":0,"lost_sales":0,"has_location":false,"update_date":"2026-04-13T21:36:56","atum_locations":[],"atum_stock_status":"instock","restock_status":false,"low_stock_amount":"","sales_update_date":"2026-04-06T20:22:20","calc_backorders":null,"aioseo_notices":[],"_links":{"self":[{"href":"https:\/\/ecoshop.ee\/lt\/wp-json\/wp\/v2\/product\/6901","targetHints":{"allow":["GET"]}}],"collection":[{"href":"https:\/\/ecoshop.ee\/lt\/wp-json\/wp\/v2\/product"}],"about":[{"href":"https:\/\/ecoshop.ee\/lt\/wp-json\/wp\/v2\/types\/product"}],"replies":[{"embeddable":true,"href":"https:\/\/ecoshop.ee\/lt\/wp-json\/wp\/v2\/comments?post=6901"}],"version-history":[{"count":0,"href":"https:\/\/ecoshop.ee\/lt\/wp-json\/wp\/v2\/product\/6901\/revisions"}],"wp:featuredmedia":[{"embeddable":true,"href":"https:\/\/ecoshop.ee\/lt\/wp-json\/wp\/v2\/media\/6904"}],"wp:attachment":[{"href":"https:\/\/ecoshop.ee\/lt\/wp-json\/wp\/v2\/media?parent=6901"}],"wp:term":[{"taxonomy":"product_brand","embeddable":true,"href":"https:\/\/ecoshop.ee\/lt\/wp-json\/wp\/v2\/product_brand?post=6901"},{"taxonomy":"product_cat","embeddable":true,"href":"https:\/\/ecoshop.ee\/lt\/wp-json\/wp\/v2\/product_cat?post=6901"},{"taxonomy":"product_tag","embeddable":true,"href":"https:\/\/ecoshop.ee\/lt\/wp-json\/wp\/v2\/product_tag?post=6901"}],"curies":[{"name":"wp","href":"https:\/\/api.w.org\/{rel}","templated":true}]}}