{"id":6986,"date":"2024-08-11T23:18:32","date_gmt":"2024-08-11T20:18:32","guid":{"rendered":"https:\/\/ecoshop.ee\/?post_type=product&#038;p=6986"},"modified":"2026-05-05T15:59:42","modified_gmt":"2026-05-05T12:59:42","slug":"bettr-veganiskas-begliutenis-pyrageliu-kepimo-misinys-400-g","status":"publish","type":"product","link":"https:\/\/ecoshop.ee\/lt\/kupsetussegud-ja-kuivained\/bettr-gluteenivaba-vegan-brownie-kupsetussegu-400g\/","title":{"rendered":"Bett&#039;r vegani\u0161kas begliutenis pyrag\u0117li\u0173 mi\u0161inys, 400 g"},"content":{"rendered":"<p>Greitas, paprastas ir be s\u0105\u017ein\u0117s grau\u017eaties pagamintas saldumynas su m\u016bs\u0173 ekologi\u0161ku vegani\u0161ku brauni\u0173 kepimo mi\u0161iniu. M\u0117gaukit\u0117s m\u0117gstamiausiais brauniais, pagamintais i\u0161 supermaisto milt\u0173 ir ingredient\u0173 be glitimo.<\/p>\n<p>\u2013 \u0160okoladiniai pyragai\u010diai su sodriu kakavos skoniu<br \/>\n\u2013 Greita ir lengva paruo\u0161ti<br \/>\n\u2013 Ekologi\u0161ka, vegani\u0161ka ir be glitimo<\/p>\n<p>Ar m\u0117gstate \u0161okoladinius saldainius?<\/p>\n<p>Dabar galite be r\u016bpes\u010di\u0173 pasigaminti savo desert\u0105 su m\u016bs\u0173 ekologi\u0161ku brauni\u0173 kepimo mi\u0161iniu. Greitas, paprastas ir be s\u0105\u017ein\u0117s grau\u017eaties skan\u0117stas!<\/p>\n<p>Tiesiog \u012f mi\u0161in\u012f \u012fpilkite pieno ir aliejaus arba i\u0161tirpinto sviesto ir virkite, kol i\u0161keps.<\/p>\n<p>Dar geriau, \u0161vie\u017eiai i\u0161 orkait\u0117s i\u0161keptos bandel\u0117s yra be glitimo, be rafinuoto cukraus ir ekologi\u0161kos.<\/p>\n<p>15 porcij\u0173 vienoje pakuot\u0117je.<\/p>","protected":false},"excerpt":{"rendered":"<p>Kiire, lihtne ja s\u00fc\u00fctundeta fudgy maius kasutades meie mahedat vegan brownie k\u00fcpsetussegu. Naudi oma lemmik brownie&#8217;sid, mis on valmistatud supertoitude jahudest ja&hellip;<\/p>","protected":false},"featured_media":6987,"comment_status":"open","ping_status":"closed","template":"","meta":{"wprm-recipe-roundup-name":"","wprm-recipe-roundup-description":""},"product_brand":[11995],"product_cat":[323,240,161,303,302],"product_tag":[287,296,297],"class_list":{"0":"post-6986","1":"product","2":"type-product","3":"status-publish","4":"has-post-thumbnail","6":"product_brand-bettr","7":"product_cat-kupsetussegud-ja-kuivained","8":"product_cat-allahinnatud","9":"product_cat-sahvrikaubad","10":"product_cat-mahetooted","11":"product_cat-gluteenivaba","12":"product_tag-brownie-segu","13":"product_tag-gluteenivaba","14":"product_tag-mahe","15":"j79_wcxd_expiry_type-best-before","17":"first","18":"instock","19":"sale","20":"taxable","21":"shipping-taxable","22":"purchasable","23":"product-type-simple"},"supplier_id":9165,"supplier_sku":"","barcode":"3800233687040","atum_controlled":true,"out_stock_date":null,"out_stock_threshold":null,"inheritable":false,"inbound_stock":0,"stock_on_hold":0,"sold_today":0,"sales_last_days":4,"reserved_stock":0,"customer_returns":0,"warehouse_damage":0,"lost_in_post":0,"other_logs":0,"out_stock_days":0,"lost_sales":0,"has_location":false,"update_date":"2026-05-07T13:09:48","atum_locations":[],"atum_stock_status":"instock","restock_status":true,"low_stock_amount":"","sales_update_date":"2026-05-07T13:09:48","calc_backorders":null,"aioseo_notices":[],"_links":{"self":[{"href":"https:\/\/ecoshop.ee\/lt\/wp-json\/wp\/v2\/product\/6986","targetHints":{"allow":["GET"]}}],"collection":[{"href":"https:\/\/ecoshop.ee\/lt\/wp-json\/wp\/v2\/product"}],"about":[{"href":"https:\/\/ecoshop.ee\/lt\/wp-json\/wp\/v2\/types\/product"}],"replies":[{"embeddable":true,"href":"https:\/\/ecoshop.ee\/lt\/wp-json\/wp\/v2\/comments?post=6986"}],"version-history":[{"count":0,"href":"https:\/\/ecoshop.ee\/lt\/wp-json\/wp\/v2\/product\/6986\/revisions"}],"wp:featuredmedia":[{"embeddable":true,"href":"https:\/\/ecoshop.ee\/lt\/wp-json\/wp\/v2\/media\/6987"}],"wp:attachment":[{"href":"https:\/\/ecoshop.ee\/lt\/wp-json\/wp\/v2\/media?parent=6986"}],"wp:term":[{"taxonomy":"product_brand","embeddable":true,"href":"https:\/\/ecoshop.ee\/lt\/wp-json\/wp\/v2\/product_brand?post=6986"},{"taxonomy":"product_cat","embeddable":true,"href":"https:\/\/ecoshop.ee\/lt\/wp-json\/wp\/v2\/product_cat?post=6986"},{"taxonomy":"product_tag","embeddable":true,"href":"https:\/\/ecoshop.ee\/lt\/wp-json\/wp\/v2\/product_tag?post=6986"}],"curies":[{"name":"wp","href":"https:\/\/api.w.org\/{rel}","templated":true}]}}