{"id":7003,"date":"2024-08-13T00:26:11","date_gmt":"2024-08-12T21:26:11","guid":{"rendered":"https:\/\/ecoshop.ee\/?post_type=product&#038;p=7003"},"modified":"2026-03-14T18:15:45","modified_gmt":"2026-03-14T15:15:45","slug":"naughty-nuts-avieciu-idaryti-graikiniu-riesutu-sviesto-dubeneliai-39-g","status":"publish","type":"product","link":"https:\/\/ecoshop.ee\/lt\/kommid\/naughty-nuts-vaarika-taidisega-pahklivoikausid-39g\/","title":{"rendered":"Naughty Nuts avie\u010di\u0173 \u012fdaryti rie\u0161ut\u0173 sviesto duben\u0117liai, 39 g"},"content":{"rendered":"<p>Naughty Nuts aviet\u0117mis \u012fdaryti rie\u0161ut\u0173 sviesto duben\u0117liai si\u016blo nepamir\u0161tam\u0105 skonio potyr\u012f su ma\u017eiau cukraus. Puikus u\u017ekandis ir malonumas.<\/p>\n<p>Pasinerkite \u012f nuod\u0117ming\u0173 pagund\u0173 pasaul\u012f ir patirkite nenugalim\u0105 kremin\u012f avie\u010di\u0173 ir graikini\u0173 rie\u0161ut\u0173 \u012fdar\u0105. \u0160is burnoje tirpstantis potyris si\u016blo gryn\u0105 palaim\u0105 ir tobul\u0105 vaisi\u0173 bei sald\u017ei\u0173 skoni\u0173 derin\u012f.<\/p>\n<p>Maloniai mink\u0161tas avie\u010di\u0173 ir graikini\u0173 rie\u0161ut\u0173 \u012fdaras<br \/>\nKreminis ir tirpstantis burnoje<br \/>\n53% ma\u017eiau cukraus, palyginti su tradiciniais rie\u0161ut\u0173 sviesto puodeliais<br \/>\nBe palmi\u0173 aliejaus ir 100% vegani\u0161kas<\/p>","protected":false},"excerpt":{"rendered":"<p>Naughty Nuts vaarika t\u00e4idisega p\u00e4hkliv\u00f5ikausid pakuvad unustamatut maitseelamust, sisaldades v\u00e4hem suhkrut. T\u00e4iuslik suupiste ja nauding. Sukeldu patuse kiusatuse maailma ja koge vastupandamatult&hellip;<\/p>","protected":false},"featured_media":7004,"comment_status":"open","ping_status":"closed","template":"","meta":{"wprm-recipe-roundup-name":"","wprm-recipe-roundup-description":""},"product_brand":[12000],"product_cat":[160,303],"product_tag":[288],"class_list":{"0":"post-7003","1":"product","2":"type-product","3":"status-publish","4":"has-post-thumbnail","6":"product_brand-naughty-nuts","7":"product_cat-kommid","8":"product_cat-mahetooted","9":"product_tag-pahklivoikausid","10":"j79_wcxd_expiry_type-expiry-date","12":"first","13":"instock","14":"taxable","15":"shipping-taxable","16":"purchasable","17":"product-type-simple"},"supplier_id":9165,"supplier_sku":"","barcode":"4260737541634","atum_controlled":true,"out_stock_date":null,"out_stock_threshold":null,"inheritable":false,"inbound_stock":0,"stock_on_hold":0,"sold_today":0,"sales_last_days":0,"reserved_stock":0,"customer_returns":0,"warehouse_damage":0,"lost_in_post":0,"other_logs":0,"out_stock_days":0,"lost_sales":0,"has_location":false,"update_date":"2026-04-06T20:23:10","atum_locations":[],"atum_stock_status":"instock","restock_status":false,"low_stock_amount":"","sales_update_date":"2026-04-06T20:23:10","calc_backorders":null,"aioseo_notices":[],"_links":{"self":[{"href":"https:\/\/ecoshop.ee\/lt\/wp-json\/wp\/v2\/product\/7003","targetHints":{"allow":["GET"]}}],"collection":[{"href":"https:\/\/ecoshop.ee\/lt\/wp-json\/wp\/v2\/product"}],"about":[{"href":"https:\/\/ecoshop.ee\/lt\/wp-json\/wp\/v2\/types\/product"}],"replies":[{"embeddable":true,"href":"https:\/\/ecoshop.ee\/lt\/wp-json\/wp\/v2\/comments?post=7003"}],"version-history":[{"count":0,"href":"https:\/\/ecoshop.ee\/lt\/wp-json\/wp\/v2\/product\/7003\/revisions"}],"wp:featuredmedia":[{"embeddable":true,"href":"https:\/\/ecoshop.ee\/lt\/wp-json\/wp\/v2\/media\/7004"}],"wp:attachment":[{"href":"https:\/\/ecoshop.ee\/lt\/wp-json\/wp\/v2\/media?parent=7003"}],"wp:term":[{"taxonomy":"product_brand","embeddable":true,"href":"https:\/\/ecoshop.ee\/lt\/wp-json\/wp\/v2\/product_brand?post=7003"},{"taxonomy":"product_cat","embeddable":true,"href":"https:\/\/ecoshop.ee\/lt\/wp-json\/wp\/v2\/product_cat?post=7003"},{"taxonomy":"product_tag","embeddable":true,"href":"https:\/\/ecoshop.ee\/lt\/wp-json\/wp\/v2\/product_tag?post=7003"}],"curies":[{"name":"wp","href":"https:\/\/api.w.org\/{rel}","templated":true}]}}