{"id":7017,"date":"2024-08-13T23:40:27","date_gmt":"2024-08-13T20:40:27","guid":{"rendered":"https:\/\/ecoshop.ee\/?post_type=product&#038;p=7017"},"modified":"2026-03-16T13:00:52","modified_gmt":"2026-03-16T10:00:52","slug":"paprastas-medinis-skustuvas-su-2-asmenimis","status":"publish","type":"product","link":"https:\/\/ecoshop.ee\/lt\/raseerijad\/lihtne-puidust-raseerija-2-tera\/","title":{"rendered":"Paprastas medinis skustuvas + 2 a\u0161menys"},"content":{"rendered":"<p>\u0160is paprastas ir ekologi\u0161kas medinis skustuvas \u2013 puikus pasirinkimas skland\u017eiam ir efektyviam skutimuisi. Jis tiekiamas su 2 a\u0161menimis, u\u017etikrinan\u010diais tikslius rezultatus ir ilgalaik\u012f naudojim\u0105. Daugkartinio naudojimo skustuvas pagamintas i\u0161 auk\u0161tos kokyb\u0117s medienos, tod\u0117l skutimasis patogus ir saugus. Skustuvas supakuotas paprastoje kartonin\u0117je d\u0117\u017eut\u0117je, kuri suma\u017eina plastiko sunaudojim\u0105 ir apsaugo aplink\u0105. Puikiai tinka kasdieniam naudojimui.<\/p>\n<p>Ilgis: 11 cm<\/p>","protected":false},"excerpt":{"rendered":"<p>See lihtne ja keskkonnas\u00f5bralik puidust raseerija on ideaalne valik sujuvaks ja t\u00f5husaks raseerimiseks. Komplektis on 2 tera, mis tagavad t\u00e4pse tulemuse ja&hellip;<\/p>","protected":false},"featured_media":7018,"comment_status":"open","ping_status":"closed","template":"","meta":{"wprm-recipe-roundup-name":"","wprm-recipe-roundup-description":""},"product_brand":[],"product_cat":[280],"product_tag":[190],"class_list":{"0":"post-7017","1":"product","2":"type-product","3":"status-publish","4":"has-post-thumbnail","6":"product_cat-raseerijad","7":"product_tag-raseerija","9":"first","10":"instock","11":"sale","12":"taxable","13":"shipping-taxable","14":"purchasable","15":"product-type-simple"},"supplier_id":9164,"supplier_sku":"","barcode":null,"atum_controlled":true,"out_stock_date":null,"out_stock_threshold":null,"inheritable":false,"inbound_stock":0,"stock_on_hold":0,"sold_today":0,"sales_last_days":1,"reserved_stock":0,"customer_returns":0,"warehouse_damage":0,"lost_in_post":0,"other_logs":0,"out_stock_days":0,"lost_sales":0,"has_location":false,"update_date":"2026-03-18T17:07:10","atum_locations":[],"atum_stock_status":"instock","restock_status":false,"low_stock_amount":"","sales_update_date":"2026-03-18T17:07:10","calc_backorders":null,"aioseo_notices":[],"_links":{"self":[{"href":"https:\/\/ecoshop.ee\/lt\/wp-json\/wp\/v2\/product\/7017","targetHints":{"allow":["GET"]}}],"collection":[{"href":"https:\/\/ecoshop.ee\/lt\/wp-json\/wp\/v2\/product"}],"about":[{"href":"https:\/\/ecoshop.ee\/lt\/wp-json\/wp\/v2\/types\/product"}],"replies":[{"embeddable":true,"href":"https:\/\/ecoshop.ee\/lt\/wp-json\/wp\/v2\/comments?post=7017"}],"version-history":[{"count":0,"href":"https:\/\/ecoshop.ee\/lt\/wp-json\/wp\/v2\/product\/7017\/revisions"}],"wp:featuredmedia":[{"embeddable":true,"href":"https:\/\/ecoshop.ee\/lt\/wp-json\/wp\/v2\/media\/7018"}],"wp:attachment":[{"href":"https:\/\/ecoshop.ee\/lt\/wp-json\/wp\/v2\/media?parent=7017"}],"wp:term":[{"taxonomy":"product_brand","embeddable":true,"href":"https:\/\/ecoshop.ee\/lt\/wp-json\/wp\/v2\/product_brand?post=7017"},{"taxonomy":"product_cat","embeddable":true,"href":"https:\/\/ecoshop.ee\/lt\/wp-json\/wp\/v2\/product_cat?post=7017"},{"taxonomy":"product_tag","embeddable":true,"href":"https:\/\/ecoshop.ee\/lt\/wp-json\/wp\/v2\/product_tag?post=7017"}],"curies":[{"name":"wp","href":"https:\/\/api.w.org\/{rel}","templated":true}]}}