{"id":7023,"date":"2024-08-14T00:36:25","date_gmt":"2024-08-13T21:36:25","guid":{"rendered":"https:\/\/ecoshop.ee\/?post_type=product&#038;p=7023"},"modified":"2026-02-03T12:17:10","modified_gmt":"2026-02-03T09:17:10","slug":"roobar-sokoladu-glaistytas-zemes-riesutu-batonelis-30-g","status":"publish","type":"product","link":"https:\/\/ecoshop.ee\/lt\/mahetooted\/roobar-sokolaadiga-kaetud-maapahklibatoon-30g\/","title":{"rendered":"Roobar \u0160okoladu glaistytas \u017eem\u0117s rie\u0161ut\u0173 baton\u0117lis, 30 g"},"content":{"rendered":"<p>Verta paragauti Roobar vegani\u0161ko pieninio \u0161okolado ir \u017eem\u0117s rie\u0161ut\u0173 baton\u0117lio. M\u0117gaukit\u0117s gard\u017eiu sald\u017ei\u0173 datuli\u0173 ir tra\u0161ki\u0173 skrudint\u0173 \u017eem\u0117s rie\u0161ut\u0173 deriniu, padengtu \u0161velniu \u0161okoladu.<\/p>\n<p>Naujasis Roobar \u0161okolado ir \u017eem\u0117s rie\u0161ut\u0173 baton\u0117lis yra be glitimo skan\u0117stas, pagamintas i\u0161 vegani\u0161k\u0173 ir ekologi\u0161k\u0173 ingredient\u0173. Nesvarbu, ar tai \u017eygis p\u0117s\u010diomis, pasivaik\u0161\u010diojimas ar tiesiog atsigavimas po ilgos darbo dienos, \u0161is baton\u0117lis visada bus puikus kompanionas.<\/p>\n<p>Smulkiu \u0161okoladu dengtas vegani\u0161kas Roobar si\u016blo subtil\u0173 \u0161okolado ir \u017eem\u0117s rie\u0161ut\u0173 skon\u012f, kuris nukels j\u016bs\u0173 skonio receptorius \u012f kelion\u0119.<\/p>\n<p>\u2013 vegani\u0161kas pieninis \u0161okoladas<br \/>\n\u2013 ekologi\u0161ki ir be glitimo ingredientai<br \/>\n\u2013 pasaldinta kokos\u0173 cukrumi<br \/>\n\u2013 remiantis sald\u017eiomis datul\u0117mis<\/p>","protected":false},"excerpt":{"rendered":"<p>Roobar vegan piima\u0161okolaadiga maap\u00e4hklibatoon on v\u00e4\u00e4rt proovimist. Nautides magusate datlite ja kr\u00f5mpsuvate r\u00f6stitud maap\u00e4hklite isu\u00e4ratavat kombinatsiooni, mis on kaetud maheda \u0161okolaadiga. Uus&hellip;<\/p>","protected":false},"featured_media":7024,"comment_status":"open","ping_status":"closed","template":"","meta":{"wprm-recipe-roundup-name":"","wprm-recipe-roundup-description":""},"product_brand":[12010],"product_cat":[240,160,303],"product_tag":[296,297,289],"class_list":{"0":"post-7023","1":"product","2":"type-product","3":"status-publish","4":"has-post-thumbnail","6":"product_brand-roobar","7":"product_cat-allahinnatud","8":"product_cat-kommid","9":"product_cat-mahetooted","10":"product_tag-gluteenivaba","11":"product_tag-mahe","12":"product_tag-toorbatoon","13":"j79_wcxd_expiry_type-expiry-date","15":"first","16":"instock","17":"sale","18":"taxable","19":"shipping-taxable","20":"purchasable","21":"product-type-simple"},"supplier_id":9165,"supplier_sku":"","barcode":"3800233687415","atum_controlled":true,"out_stock_date":null,"out_stock_threshold":null,"inheritable":false,"inbound_stock":0,"stock_on_hold":0,"sold_today":0,"sales_last_days":0,"reserved_stock":0,"customer_returns":0,"warehouse_damage":0,"lost_in_post":0,"other_logs":0,"out_stock_days":0,"lost_sales":0,"has_location":false,"update_date":"2026-04-06T20:23:10","atum_locations":[],"atum_stock_status":"instock","restock_status":false,"low_stock_amount":"","sales_update_date":"2026-04-06T20:23:10","calc_backorders":null,"aioseo_notices":[],"_links":{"self":[{"href":"https:\/\/ecoshop.ee\/lt\/wp-json\/wp\/v2\/product\/7023","targetHints":{"allow":["GET"]}}],"collection":[{"href":"https:\/\/ecoshop.ee\/lt\/wp-json\/wp\/v2\/product"}],"about":[{"href":"https:\/\/ecoshop.ee\/lt\/wp-json\/wp\/v2\/types\/product"}],"replies":[{"embeddable":true,"href":"https:\/\/ecoshop.ee\/lt\/wp-json\/wp\/v2\/comments?post=7023"}],"version-history":[{"count":0,"href":"https:\/\/ecoshop.ee\/lt\/wp-json\/wp\/v2\/product\/7023\/revisions"}],"wp:featuredmedia":[{"embeddable":true,"href":"https:\/\/ecoshop.ee\/lt\/wp-json\/wp\/v2\/media\/7024"}],"wp:attachment":[{"href":"https:\/\/ecoshop.ee\/lt\/wp-json\/wp\/v2\/media?parent=7023"}],"wp:term":[{"taxonomy":"product_brand","embeddable":true,"href":"https:\/\/ecoshop.ee\/lt\/wp-json\/wp\/v2\/product_brand?post=7023"},{"taxonomy":"product_cat","embeddable":true,"href":"https:\/\/ecoshop.ee\/lt\/wp-json\/wp\/v2\/product_cat?post=7023"},{"taxonomy":"product_tag","embeddable":true,"href":"https:\/\/ecoshop.ee\/lt\/wp-json\/wp\/v2\/product_tag?post=7023"}],"curies":[{"name":"wp","href":"https:\/\/api.w.org\/{rel}","templated":true}]}}