{"id":7040,"date":"2024-08-14T14:27:12","date_gmt":"2024-08-14T11:27:12","guid":{"rendered":"https:\/\/ecoshop.ee\/?post_type=product&#038;p=7040"},"modified":"2025-05-19T10:35:54","modified_gmt":"2025-05-19T07:35:54","slug":"nerudijancio-plieno-skustuvo-laikiklis","status":"publish","type":"product","link":"https:\/\/ecoshop.ee\/lt\/raseerimistarvikud\/roostevabast-terasest-raseerija-hoidik\/","title":{"rendered":"Ner\u016bdijan\u010dio plieno skustuvo laikiklis"},"content":{"rendered":"<p>Eleganti\u0161kas ir patvarus skustuvo laikiklis, pagamintas i\u0161 auk\u0161tos kokyb\u0117s ner\u016bdijan\u010dio plieno. \u0160is prakti\u0161kas stovas skirtas ir skustuvui, ir skutimosi \u0161epet\u0117liui, tod\u0117l jie i\u0161lieka tvarkingi ir lengvai pasiekiami. Stilingas ir funkcionalus dizainas tinka bet kokiam vonios kambariui, u\u017etikrinant, kad j\u016bs\u0173 prie\u017ei\u016bros priemon\u0117s visada bus paruo\u0161tos naudoti. Idealiai tinka tiems, kurie vertina tvarking\u0105 skutimosi proces\u0105 ir nori prailginti savo pried\u0173 tarnavimo laik\u0105.<\/p>","protected":false},"excerpt":{"rendered":"<p>Eleganti\u0161kas ir patvarus skustuvo laikiklis, pagamintas i\u0161 auk\u0161tos kokyb\u0117s ner\u016bdijan\u010dio plieno. \u0160is prakti\u0161kas stovas skirtas ir skustuvui, ir skutimosi \u0161epet\u0117liui, tod\u0117l jie i\u0161lieka...<\/p>","protected":false},"featured_media":7041,"comment_status":"open","ping_status":"closed","template":"","meta":{"wprm-recipe-roundup-name":"","wprm-recipe-roundup-description":""},"product_brand":[],"product_cat":[281],"product_tag":[290],"class_list":{"0":"post-7040","1":"product","2":"type-product","3":"status-publish","4":"has-post-thumbnail","6":"product_cat-raseerimistarvikud","7":"product_tag-raseerija-alus","9":"first","10":"instock","11":"taxable","12":"shipping-taxable","13":"purchasable","14":"product-type-simple"},"supplier_id":9163,"supplier_sku":"","barcode":null,"atum_controlled":true,"out_stock_date":null,"out_stock_threshold":null,"inheritable":false,"inbound_stock":0,"stock_on_hold":0,"sold_today":0,"sales_last_days":0,"reserved_stock":0,"customer_returns":0,"warehouse_damage":0,"lost_in_post":0,"other_logs":0,"out_stock_days":0,"lost_sales":0,"has_location":false,"update_date":"2026-03-07T01:16:01","atum_locations":[],"atum_stock_status":"instock","restock_status":false,"low_stock_amount":"","sales_update_date":"2026-03-07T01:16:01","calc_backorders":null,"aioseo_notices":[],"_links":{"self":[{"href":"https:\/\/ecoshop.ee\/lt\/wp-json\/wp\/v2\/product\/7040","targetHints":{"allow":["GET"]}}],"collection":[{"href":"https:\/\/ecoshop.ee\/lt\/wp-json\/wp\/v2\/product"}],"about":[{"href":"https:\/\/ecoshop.ee\/lt\/wp-json\/wp\/v2\/types\/product"}],"replies":[{"embeddable":true,"href":"https:\/\/ecoshop.ee\/lt\/wp-json\/wp\/v2\/comments?post=7040"}],"version-history":[{"count":0,"href":"https:\/\/ecoshop.ee\/lt\/wp-json\/wp\/v2\/product\/7040\/revisions"}],"wp:featuredmedia":[{"embeddable":true,"href":"https:\/\/ecoshop.ee\/lt\/wp-json\/wp\/v2\/media\/7041"}],"wp:attachment":[{"href":"https:\/\/ecoshop.ee\/lt\/wp-json\/wp\/v2\/media?parent=7040"}],"wp:term":[{"taxonomy":"product_brand","embeddable":true,"href":"https:\/\/ecoshop.ee\/lt\/wp-json\/wp\/v2\/product_brand?post=7040"},{"taxonomy":"product_cat","embeddable":true,"href":"https:\/\/ecoshop.ee\/lt\/wp-json\/wp\/v2\/product_cat?post=7040"},{"taxonomy":"product_tag","embeddable":true,"href":"https:\/\/ecoshop.ee\/lt\/wp-json\/wp\/v2\/product_tag?post=7040"}],"curies":[{"name":"wp","href":"https:\/\/api.w.org\/{rel}","templated":true}]}}