{"id":7047,"date":"2024-08-14T15:42:14","date_gmt":"2024-08-14T12:42:14","guid":{"rendered":"https:\/\/ecoshop.ee\/?post_type=product&#038;p=7047"},"modified":"2025-11-13T17:14:29","modified_gmt":"2025-11-13T14:14:29","slug":"elegantiskas-daugkartinio-naudojimo-alyvuogiu-medienos-skustuvas-10-asmenu","status":"publish","type":"product","link":"https:\/\/ecoshop.ee\/lt\/raseerijad\/elegantne-oliivipuust-korduvkasutatav-raseerija-10-tera\/","title":{"rendered":"Eleganti\u0161kas daugkartinio naudojimo alyvuogi\u0173 medienos skustuvas + 10 peiliuk\u0173"},"content":{"rendered":"<p>Prabangus daugkartinio naudojimo skustuvas, pagamintas i\u0161 alyvmed\u017eio ir pagamintas naudojant auk\u0161\u010diausios kokyb\u0117s detales. \u0160is eleganti\u0161kas skustuvas kaskart u\u017etikrina \u0161var\u0173 ir glotn\u0173 skutim\u0105si. Rinkin\u012f sudaro 10 ner\u016bdijan\u010dio plieno peiliuk\u0173 ir ma\u017eas valymo \u0161epet\u0117lis, kad j\u016bs\u0173 skustuvas b\u016bt\u0173 nepriekai\u0161tingos b\u016bkl\u0117s. Puikiai tinka tiems, kurie vertina kokyb\u0119 ir nori papildyti savo gro\u017eio proced\u016bromis tikrai stilingu ir patvariu aksesuaru. Puiki dovana arba investicija \u012f j\u016bs\u0173 kasdien\u0119 gro\u017eio proced\u016broms skirt\u0105 rutin\u0105.<\/p>\n<p>Ilgis 12 cm<\/p>","protected":false},"excerpt":{"rendered":"<p>Prabangus daugkartinio naudojimo skustuvas, pagamintas i\u0161 alyvmed\u017eio ir pagamintas naudojant auk\u0161\u010diausios kokyb\u0117s detales. \u0160is eleganti\u0161kas skustuvas u\u017etikrina \u0161var\u0173 ir glotn\u0173 skutim\u0105si kiekvien\u0105 kart\u0105.\u2026<\/p>","protected":false},"featured_media":7048,"comment_status":"open","ping_status":"closed","template":"","meta":{"wprm-recipe-roundup-name":"","wprm-recipe-roundup-description":""},"product_brand":[],"product_cat":[280],"product_tag":[190],"class_list":{"0":"post-7047","1":"product","2":"type-product","3":"status-publish","4":"has-post-thumbnail","6":"product_cat-raseerijad","7":"product_tag-raseerija","9":"first","10":"instock","11":"sale","12":"taxable","13":"shipping-taxable","14":"purchasable","15":"product-type-simple"},"supplier_id":9163,"supplier_sku":"","barcode":null,"atum_controlled":true,"out_stock_date":null,"out_stock_threshold":null,"inheritable":false,"inbound_stock":0,"stock_on_hold":0,"sold_today":0,"sales_last_days":0,"reserved_stock":0,"customer_returns":0,"warehouse_damage":0,"lost_in_post":0,"other_logs":0,"out_stock_days":0,"lost_sales":0,"has_location":false,"update_date":"2026-03-07T01:16:01","atum_locations":[],"atum_stock_status":"instock","restock_status":false,"low_stock_amount":"","sales_update_date":"2026-03-07T01:16:01","calc_backorders":null,"aioseo_notices":[],"_links":{"self":[{"href":"https:\/\/ecoshop.ee\/lt\/wp-json\/wp\/v2\/product\/7047","targetHints":{"allow":["GET"]}}],"collection":[{"href":"https:\/\/ecoshop.ee\/lt\/wp-json\/wp\/v2\/product"}],"about":[{"href":"https:\/\/ecoshop.ee\/lt\/wp-json\/wp\/v2\/types\/product"}],"replies":[{"embeddable":true,"href":"https:\/\/ecoshop.ee\/lt\/wp-json\/wp\/v2\/comments?post=7047"}],"version-history":[{"count":0,"href":"https:\/\/ecoshop.ee\/lt\/wp-json\/wp\/v2\/product\/7047\/revisions"}],"wp:featuredmedia":[{"embeddable":true,"href":"https:\/\/ecoshop.ee\/lt\/wp-json\/wp\/v2\/media\/7048"}],"wp:attachment":[{"href":"https:\/\/ecoshop.ee\/lt\/wp-json\/wp\/v2\/media?parent=7047"}],"wp:term":[{"taxonomy":"product_brand","embeddable":true,"href":"https:\/\/ecoshop.ee\/lt\/wp-json\/wp\/v2\/product_brand?post=7047"},{"taxonomy":"product_cat","embeddable":true,"href":"https:\/\/ecoshop.ee\/lt\/wp-json\/wp\/v2\/product_cat?post=7047"},{"taxonomy":"product_tag","embeddable":true,"href":"https:\/\/ecoshop.ee\/lt\/wp-json\/wp\/v2\/product_tag?post=7047"}],"curies":[{"name":"wp","href":"https:\/\/api.w.org\/{rel}","templated":true}]}}