{"id":7062,"date":"2024-08-14T18:41:11","date_gmt":"2024-08-14T15:41:11","guid":{"rendered":"https:\/\/ecoshop.ee\/?post_type=product&#038;p=7062"},"modified":"2026-05-11T04:26:27","modified_gmt":"2026-05-11T01:26:27","slug":"chromuotas-metalinis-daugkartinio-naudojimo-skustuvas-5-asmenys","status":"publish","type":"product","link":"https:\/\/ecoshop.ee\/lt\/raseerijad\/kroomitud-metallist-korduvkasutatav-raseerija-5-tera\/","title":{"rendered":"Chromuotas metalinis daugkartinio naudojimo skustuvas + 5 a\u0161menys"},"content":{"rendered":"<p>Metalinis daugkartinio naudojimo skustuvas yra viskas, ko reikia tobulam skutimuisi: atviro tipo skustuvas pagamintas i\u0161 korozijai atsparaus chromuoto metalo. Tekst\u016bruota rankena suteikia jums reikiam\u0105 kontrol\u0119, kad u\u017etikrintum\u0117te saug\u0173, patog\u0173 ir tiksl\u0173 skutim\u0105si kiekvienoje k\u016bno vietoje.<\/p>\n<p>Naudojimas: Prie\u0161 naudojim\u0105 sukamaisiais judesiais u\u017etepkite skutimosi put\u0173 arba kremo ant veido. Tada m\u0117gaukit\u0117s \u0161variu ir kruop\u0161\u010diu skutimu su m\u016bs\u0173 auk\u0161tos kokyb\u0117s skustuvu.<\/p>\n<p>Prie\u017ei\u016bra: kruop\u0161\u010diai nuplaukite skustuv\u0105 \u0161variu, ne per kar\u0161tu vandeniu ir pakabinkite j\u012f laikiklyje, kad i\u0161d\u017ei\u016bt\u0173. Taip skustuvas i\u0161d\u017eius iki kito naudojimo.<\/p>\n<p>Ilgis 9,8 cm<br \/>\nRinkinyje yra 10 peiliuk\u0173 ir valymo \u0161epet\u0117lis<br \/>\nSupakuota kartonin\u0117je d\u0117\u017eut\u0117je<\/p>","protected":false},"excerpt":{"rendered":"<p>Metalinis daugkartinio naudojimo skustuvas yra viskas, ko reikia tobulam skutimuisi: atviro tipo skustuvas pagamintas i\u0161 korozijai atsparaus chromuoto metalo. Tekst\u016bruota rankena suteikia reikiam\u0105 kontrol\u0119,\u2026<\/p>","protected":false},"featured_media":7066,"comment_status":"open","ping_status":"closed","template":"","meta":{"wprm-recipe-roundup-name":"","wprm-recipe-roundup-description":""},"product_brand":[],"product_cat":[280],"product_tag":[190],"class_list":{"0":"post-7062","1":"product","2":"type-product","3":"status-publish","4":"has-post-thumbnail","6":"product_cat-raseerijad","7":"product_tag-raseerija","9":"first","10":"instock","11":"sale","12":"taxable","13":"shipping-taxable","14":"purchasable","15":"product-type-variable"},"supplier_id":null,"supplier_sku":"","barcode":null,"atum_controlled":true,"out_stock_date":null,"out_stock_threshold":null,"inheritable":false,"inbound_stock":0,"stock_on_hold":0,"sold_today":0,"sales_last_days":1,"reserved_stock":0,"customer_returns":0,"warehouse_damage":0,"lost_in_post":0,"other_logs":0,"out_stock_days":0,"lost_sales":0,"has_location":false,"update_date":"2026-05-12T05:57:35","atum_locations":[],"atum_stock_status":"instock","restock_status":false,"low_stock_amount":"","sales_update_date":"2026-03-07T01:16:01","calc_backorders":null,"aioseo_notices":[],"_links":{"self":[{"href":"https:\/\/ecoshop.ee\/lt\/wp-json\/wp\/v2\/product\/7062","targetHints":{"allow":["GET"]}}],"collection":[{"href":"https:\/\/ecoshop.ee\/lt\/wp-json\/wp\/v2\/product"}],"about":[{"href":"https:\/\/ecoshop.ee\/lt\/wp-json\/wp\/v2\/types\/product"}],"replies":[{"embeddable":true,"href":"https:\/\/ecoshop.ee\/lt\/wp-json\/wp\/v2\/comments?post=7062"}],"version-history":[{"count":0,"href":"https:\/\/ecoshop.ee\/lt\/wp-json\/wp\/v2\/product\/7062\/revisions"}],"wp:featuredmedia":[{"embeddable":true,"href":"https:\/\/ecoshop.ee\/lt\/wp-json\/wp\/v2\/media\/7066"}],"wp:attachment":[{"href":"https:\/\/ecoshop.ee\/lt\/wp-json\/wp\/v2\/media?parent=7062"}],"wp:term":[{"taxonomy":"product_brand","embeddable":true,"href":"https:\/\/ecoshop.ee\/lt\/wp-json\/wp\/v2\/product_brand?post=7062"},{"taxonomy":"product_cat","embeddable":true,"href":"https:\/\/ecoshop.ee\/lt\/wp-json\/wp\/v2\/product_cat?post=7062"},{"taxonomy":"product_tag","embeddable":true,"href":"https:\/\/ecoshop.ee\/lt\/wp-json\/wp\/v2\/product_tag?post=7062"}],"curies":[{"name":"wp","href":"https:\/\/api.w.org\/{rel}","templated":true}]}}