{"id":7078,"date":"2024-08-14T19:38:20","date_gmt":"2024-08-14T16:38:20","guid":{"rendered":"https:\/\/ecoshop.ee\/?post_type=product&#038;p=7078"},"modified":"2025-06-04T10:11:30","modified_gmt":"2025-06-04T07:11:30","slug":"daugkartinio-naudojimo-metalinis-drugelio-formos-skustuvas-su-5-asmenimis","status":"publish","type":"product","link":"https:\/\/ecoshop.ee\/lt\/raseerijad\/korduvkasutatav-metallist-liblikraseerija-5-tera\/","title":{"rendered":"Daugkartinio naudojimo metalinis drugelio formos skustuvas + 5 a\u0161menys"},"content":{"rendered":"<p>Paprastas ir prakti\u0161kas metalinis skustuvas su drugelio formos mechanizmu. Lengvai atidaromas mechanizmas u\u017etikrina greit\u0105 ir patog\u0173 peiliuk\u0173 keitim\u0105. Rinkinyje taip pat yra kelioninis d\u0117klas, penki peiliukai ir ma\u017eas valymo \u0161epet\u0117lis, kuris visada palaiko skustuv\u0105 nepriekai\u0161tingos b\u016bkl\u0117s. Idealus pasirinkimas tiems, kurie vertina tiksl\u0173 ir glotn\u0173 skutim\u0105si bet kuriuo metu, nepriklausomai nuo vietos. Drugelio formos skustuvas sujungia patogum\u0105 ir prakti\u0161kum\u0105, u\u017etikrindamas puiki\u0105 prie\u017ei\u016bros patirt\u012f.<\/p>","protected":false},"excerpt":{"rendered":"<p>Paprastas ir prakti\u0161kas metalinis skustuvas su drugelio formos mechanizmu. Lengvai atidaromas mechanizmas u\u017etikrina greit\u0105 ir patog\u0173 peiliuk\u0173 keitim\u0105. Rinkinyje taip pat yra kelioninis d\u0117klas, penki peiliukai ir ma\u017eas\u2026<\/p>","protected":false},"featured_media":7079,"comment_status":"open","ping_status":"closed","template":"","meta":{"wprm-recipe-roundup-name":"","wprm-recipe-roundup-description":""},"product_brand":[],"product_cat":[280],"product_tag":[190],"class_list":{"0":"post-7078","1":"product","2":"type-product","3":"status-publish","4":"has-post-thumbnail","6":"product_cat-raseerijad","7":"product_tag-raseerija","9":"first","10":"instock","11":"sale","12":"taxable","13":"shipping-taxable","14":"purchasable","15":"product-type-simple"},"supplier_id":9163,"supplier_sku":"","barcode":null,"atum_controlled":true,"out_stock_date":null,"out_stock_threshold":null,"inheritable":false,"inbound_stock":0,"stock_on_hold":0,"sold_today":0,"sales_last_days":0,"reserved_stock":0,"customer_returns":0,"warehouse_damage":0,"lost_in_post":0,"other_logs":0,"out_stock_days":0,"lost_sales":0,"has_location":false,"update_date":"2026-03-07T01:16:02","atum_locations":[],"atum_stock_status":"instock","restock_status":false,"low_stock_amount":"","sales_update_date":"2026-03-07T01:16:02","calc_backorders":null,"aioseo_notices":[],"_links":{"self":[{"href":"https:\/\/ecoshop.ee\/lt\/wp-json\/wp\/v2\/product\/7078","targetHints":{"allow":["GET"]}}],"collection":[{"href":"https:\/\/ecoshop.ee\/lt\/wp-json\/wp\/v2\/product"}],"about":[{"href":"https:\/\/ecoshop.ee\/lt\/wp-json\/wp\/v2\/types\/product"}],"replies":[{"embeddable":true,"href":"https:\/\/ecoshop.ee\/lt\/wp-json\/wp\/v2\/comments?post=7078"}],"version-history":[{"count":0,"href":"https:\/\/ecoshop.ee\/lt\/wp-json\/wp\/v2\/product\/7078\/revisions"}],"wp:featuredmedia":[{"embeddable":true,"href":"https:\/\/ecoshop.ee\/lt\/wp-json\/wp\/v2\/media\/7079"}],"wp:attachment":[{"href":"https:\/\/ecoshop.ee\/lt\/wp-json\/wp\/v2\/media?parent=7078"}],"wp:term":[{"taxonomy":"product_brand","embeddable":true,"href":"https:\/\/ecoshop.ee\/lt\/wp-json\/wp\/v2\/product_brand?post=7078"},{"taxonomy":"product_cat","embeddable":true,"href":"https:\/\/ecoshop.ee\/lt\/wp-json\/wp\/v2\/product_cat?post=7078"},{"taxonomy":"product_tag","embeddable":true,"href":"https:\/\/ecoshop.ee\/lt\/wp-json\/wp\/v2\/product_tag?post=7078"}],"curies":[{"name":"wp","href":"https:\/\/api.w.org\/{rel}","templated":true}]}}