{"id":7088,"date":"2024-08-14T20:09:53","date_gmt":"2024-08-14T17:09:53","guid":{"rendered":"https:\/\/ecoshop.ee\/?post_type=product&#038;p=7088"},"modified":"2025-10-27T23:01:55","modified_gmt":"2025-10-27T20:01:55","slug":"minkstu-sereliu-medinis-sepetys-raseerimi","status":"publish","type":"product","link":"https:\/\/ecoshop.ee\/lt\/raseerimistarvikud\/pehmete-harjastega-puidust-raseerimispintsel\/","title":{"rendered":"Mink\u0161tais \u0161ereliais medinis \u0161epetys \u201eraseerimi\u201c"},"content":{"rendered":"<p>Medinis skutimosi \u0161epet\u0117lis su mink\u0161tais nailono \u0161ereliais, sukurtas u\u017etikrinti geriausi\u0105 skutimosi patirt\u012f ir odos prie\u017ei\u016br\u0105. \u0160io ne\u0161iojamo \u0161epet\u0117lio mink\u0161ti \u0161ereliai idealiai tinka tiek skutimosi putoms suputoti, tiek dulk\u0117ms \u0161alinti. \u0160epet\u0117lis \u0161velniai nu\u0161vei\u010dia od\u0105, paruo\u0161damas j\u0105 intymiam ir patogiam skutimuisi. Tankiai i\u0161d\u0117styta \u0161epet\u0117lio galvut\u0117 sulaiko ir tolygiai paskirsto putas, pad\u0117dama sumink\u0161tinti barzd\u0105 ir paruo\u0161ti od\u0105.<\/p>\n<p>&nbsp;<\/p>\n<p><strong>Ownused:<\/strong><\/p>\n<ul>\n<li>Idealiai tinka valymui ir dulki\u0173 \u0161alinimui.<\/li>\n<li>\u0160velniai nu\u0161vei\u010dia od\u0105.<\/li>\n<li>Auk\u0161tos kokyb\u0117s ir patvar\u016bs.<\/li>\n<li>Vegani\u0161kas. Sud\u0117tyje n\u0117ra gyv\u016bn\u0173 plauk\u0173.<\/li>\n<li>Tankiai i\u0161d\u0117stytas \u0161epet\u0117lis u\u017etikrina tolyg\u0173 putojim\u0105 ir sumink\u0161tina barzd\u0105.<\/li>\n<li>Ilgis 10,5 cm; plotis 3,5 cm<\/li>\n<\/ul>","protected":false},"excerpt":{"rendered":"<p>Medinis makia\u017eo \u0161epet\u0117lis su mink\u0161tais nailono \u0161ereliais, skirtas u\u017etikrinti geriausi\u0105 makia\u017eo patirt\u012f ir odos prie\u017ei\u016br\u0105. \u0160io ne\u0161iojamo \u0161epet\u0117lio mink\u0161ti \u0161ereliai puikiai tinka tiek makia\u017eui, tiek kremui...<\/p>","protected":false},"featured_media":7089,"comment_status":"open","ping_status":"closed","template":"","meta":{"wprm-recipe-roundup-name":"","wprm-recipe-roundup-description":""},"product_brand":[],"product_cat":[281],"product_tag":[291],"class_list":{"0":"post-7088","1":"product","2":"type-product","3":"status-publish","4":"has-post-thumbnail","6":"product_cat-raseerimistarvikud","7":"product_tag-raseerimispintsel","9":"first","10":"instock","11":"taxable","12":"shipping-taxable","13":"purchasable","14":"product-type-simple"},"supplier_id":9163,"supplier_sku":"","barcode":null,"atum_controlled":true,"out_stock_date":null,"out_stock_threshold":null,"inheritable":false,"inbound_stock":0,"stock_on_hold":0,"sold_today":0,"sales_last_days":0,"reserved_stock":0,"customer_returns":0,"warehouse_damage":0,"lost_in_post":0,"other_logs":0,"out_stock_days":0,"lost_sales":0,"has_location":false,"update_date":"2026-03-07T01:16:02","atum_locations":[],"atum_stock_status":"instock","restock_status":false,"low_stock_amount":"","sales_update_date":"2026-03-07T01:16:02","calc_backorders":null,"aioseo_notices":[],"_links":{"self":[{"href":"https:\/\/ecoshop.ee\/lt\/wp-json\/wp\/v2\/product\/7088","targetHints":{"allow":["GET"]}}],"collection":[{"href":"https:\/\/ecoshop.ee\/lt\/wp-json\/wp\/v2\/product"}],"about":[{"href":"https:\/\/ecoshop.ee\/lt\/wp-json\/wp\/v2\/types\/product"}],"replies":[{"embeddable":true,"href":"https:\/\/ecoshop.ee\/lt\/wp-json\/wp\/v2\/comments?post=7088"}],"version-history":[{"count":0,"href":"https:\/\/ecoshop.ee\/lt\/wp-json\/wp\/v2\/product\/7088\/revisions"}],"wp:featuredmedia":[{"embeddable":true,"href":"https:\/\/ecoshop.ee\/lt\/wp-json\/wp\/v2\/media\/7089"}],"wp:attachment":[{"href":"https:\/\/ecoshop.ee\/lt\/wp-json\/wp\/v2\/media?parent=7088"}],"wp:term":[{"taxonomy":"product_brand","embeddable":true,"href":"https:\/\/ecoshop.ee\/lt\/wp-json\/wp\/v2\/product_brand?post=7088"},{"taxonomy":"product_cat","embeddable":true,"href":"https:\/\/ecoshop.ee\/lt\/wp-json\/wp\/v2\/product_cat?post=7088"},{"taxonomy":"product_tag","embeddable":true,"href":"https:\/\/ecoshop.ee\/lt\/wp-json\/wp\/v2\/product_tag?post=7088"}],"curies":[{"name":"wp","href":"https:\/\/api.w.org\/{rel}","templated":true}]}}