{"id":7103,"date":"2024-08-14T21:40:49","date_gmt":"2024-08-14T18:40:49","guid":{"rendered":"https:\/\/ecoshop.ee\/?post_type=product&#038;p=7103"},"modified":"2026-05-08T21:32:49","modified_gmt":"2026-05-08T18:32:49","slug":"bettr-ekologiskas-kreminis-zemes-riesutu-sviestas-250-g","status":"publish","type":"product","link":"https:\/\/ecoshop.ee\/lt\/piimad-ja-maarded\/bettr-mahe-kreemine-maapahklivoi-250g\/","title":{"rendered":"Bett&#039;r ekologi\u0161kas kreminis \u017eem\u0117s rie\u0161ut\u0173 sviestas, 250 g"},"content":{"rendered":"<p>Mes visi m\u0117gstame \u017eem\u0117s rie\u0161ut\u0173 sviest\u0105! Bet kiek kart\u0173 esate atsid\u016br\u0119 situacijoje, kai teko mai\u0161yti itin kiet\u0105 ir stand\u0173 \u017eem\u0117s rie\u0161ut\u0173 sviest\u0105?<\/p>\n<p>Mes turime sprendim\u0105! \u201eBett&#039;r\u201c ekologi\u0161kas \u017eem\u0117s rie\u0161ut\u0173 sviestas yra toks mink\u0161tas ir kreminis, kad juo galite m\u0117gautis vos \u0161auk\u0161teliu. U\u017etepkite \u0161\u012f gard\u0173 ir \u0161veln\u0173 \u017eem\u0117s rie\u0161ut\u0173 sviest\u0105 ant duonos riek\u0117s ir m\u0117gaukit\u0117s nenugalimu skoniu arba i\u0161bandykite j\u012f amerikieti\u0161ku stiliumi su uogiene. Jei norite dar daugiau, \u012fd\u0117kite banano grie\u017ein\u0117li\u0173!<\/p>\n<p>Bett&#039;r \u017eem\u0117s rie\u0161ut\u0173 sviestas n\u0117ra kietas!<\/p>\n<p>&nbsp;<\/p>\n<ul>\n<li>100% Nat\u016bralus ir ekologi\u0161kas<\/li>\n<li>Pagaminta i\u0161 auk\u0161tos kokyb\u0117s \u017eem\u0117s rie\u0161ut\u0173<\/li>\n<li>Itin lygus d\u0117l naujos smulkaus malimo technologijos<\/li>\n<li>Be pried\u0173 \u2013 100% \u017eem\u0117s rie\u0161utai<\/li>\n<li>Nuostabiai kreminis ir gardus<\/li>\n<\/ul>","protected":false},"excerpt":{"rendered":"<p>Me k\u00f5ik armastame maap\u00e4hkliv\u00f5id! Kuid kui palju kordi oled sattunud olukorda, kus pead segama \u00fclik\u00f5va ja j\u00e4ika p\u00e4hkliv\u00f5id? Meil on lahendus! Bett\u2019r&hellip;<\/p>","protected":false},"featured_media":7104,"comment_status":"open","ping_status":"closed","template":"","meta":{"wprm-recipe-roundup-name":"","wprm-recipe-roundup-description":""},"product_brand":[11995],"product_cat":[325,161,303],"product_tag":[295,297],"class_list":{"0":"post-7103","1":"product","2":"type-product","3":"status-publish","4":"has-post-thumbnail","6":"product_brand-bettr","7":"product_cat-piimad-ja-maarded","8":"product_cat-sahvrikaubad","9":"product_cat-mahetooted","10":"product_tag-maapahklivoi","11":"product_tag-mahe","12":"j79_wcxd_expiry_type-expiry-date","14":"first","15":"instock","16":"taxable","17":"shipping-taxable","18":"purchasable","19":"product-type-simple"},"supplier_id":9165,"supplier_sku":"","barcode":"3800233688467","atum_controlled":true,"out_stock_date":null,"out_stock_threshold":null,"inheritable":false,"inbound_stock":0,"stock_on_hold":0,"sold_today":0,"sales_last_days":0,"reserved_stock":0,"customer_returns":0,"warehouse_damage":0,"lost_in_post":0,"other_logs":0,"out_stock_days":111,"lost_sales":69,"has_location":false,"update_date":"2026-05-08T18:32:51","atum_locations":[],"atum_stock_status":"instock","restock_status":false,"low_stock_amount":"","sales_update_date":"2026-04-06T20:01:18","calc_backorders":null,"aioseo_notices":[],"_links":{"self":[{"href":"https:\/\/ecoshop.ee\/lt\/wp-json\/wp\/v2\/product\/7103","targetHints":{"allow":["GET"]}}],"collection":[{"href":"https:\/\/ecoshop.ee\/lt\/wp-json\/wp\/v2\/product"}],"about":[{"href":"https:\/\/ecoshop.ee\/lt\/wp-json\/wp\/v2\/types\/product"}],"replies":[{"embeddable":true,"href":"https:\/\/ecoshop.ee\/lt\/wp-json\/wp\/v2\/comments?post=7103"}],"version-history":[{"count":1,"href":"https:\/\/ecoshop.ee\/lt\/wp-json\/wp\/v2\/product\/7103\/revisions"}],"predecessor-version":[{"id":396142,"href":"https:\/\/ecoshop.ee\/lt\/wp-json\/wp\/v2\/product\/7103\/revisions\/396142"}],"wp:featuredmedia":[{"embeddable":true,"href":"https:\/\/ecoshop.ee\/lt\/wp-json\/wp\/v2\/media\/7104"}],"wp:attachment":[{"href":"https:\/\/ecoshop.ee\/lt\/wp-json\/wp\/v2\/media?parent=7103"}],"wp:term":[{"taxonomy":"product_brand","embeddable":true,"href":"https:\/\/ecoshop.ee\/lt\/wp-json\/wp\/v2\/product_brand?post=7103"},{"taxonomy":"product_cat","embeddable":true,"href":"https:\/\/ecoshop.ee\/lt\/wp-json\/wp\/v2\/product_cat?post=7103"},{"taxonomy":"product_tag","embeddable":true,"href":"https:\/\/ecoshop.ee\/lt\/wp-json\/wp\/v2\/product_tag?post=7103"}],"curies":[{"name":"wp","href":"https:\/\/api.w.org\/{rel}","templated":true}]}}