{"id":7361,"date":"2024-08-20T22:24:29","date_gmt":"2024-08-20T19:24:29","guid":{"rendered":"https:\/\/ecoshop.ee\/?post_type=product&#038;p=7361"},"modified":"2024-11-07T23:19:05","modified_gmt":"2024-11-07T20:19:05","slug":"skustuvo-peiliuku-laikymo-dezute-balta","status":"publish","type":"product","link":"https:\/\/ecoshop.ee\/lt\/raseerimistarvikud\/raseerija-terade-hoiukarp-valge\/","title":{"rendered":"Skustuvo peiliuk\u0173 laikymo d\u0117\u017eut\u0117, balta"},"content":{"rendered":"<p>M\u016bs\u0173 skutimosi peiliuk\u0173 laikymo d\u0117\u017e\u0117 puikiai tinka vonios kambario sutvarkymui ir pavojing\u0173 panaudot\u0173 peiliuk\u0173 laikymui nepasiekiamoje vietoje.<\/p>\n<p>\u0160ie patvar\u016bs ma\u017ei konteineriai patogiai talpina iki 100 skutimosi peiliuk\u0173, kol b\u016bsite pasiruo\u0161\u0119 juos perdirbti.<\/p>\n<p>M\u016bs\u0173 ner\u016bdijan\u010dio plieno laikymo puodeliai yra ilgaam\u017eiai, atspar\u016bs sm\u016bgiams, diskreti\u0161ki ir kompakti\u0161ki, tod\u0117l galite juos pasl\u0117pti vonios kambaryje arba pasiimti su savimi \u012f keliones.<\/p>","protected":false},"excerpt":{"rendered":"<p>M\u016bs\u0173 skustuvo peiliuk\u0173 laikymo d\u0117\u017eut\u0117 puikiai tinka vonios kambario sutvarkymui ir pavojing\u0173 panaudot\u0173 peiliuk\u0173 laikymui nepasiekiamoje vietoje. \u0160ios patvarios ma\u017eos d\u0117\u017eut\u0117s patogiai talpina iki\u2026<\/p>","protected":false},"featured_media":7362,"comment_status":"open","ping_status":"closed","template":"","meta":{"wprm-recipe-roundup-name":"","wprm-recipe-roundup-description":""},"product_brand":[],"product_cat":[281],"product_tag":[260],"class_list":{"0":"post-7361","1":"product","2":"type-product","3":"status-publish","4":"has-post-thumbnail","6":"product_cat-raseerimistarvikud","7":"product_tag-karp","9":"first","10":"instock","11":"taxable","12":"shipping-taxable","13":"purchasable","14":"product-type-simple"},"supplier_id":9163,"supplier_sku":"","barcode":null,"atum_controlled":true,"out_stock_date":null,"out_stock_threshold":null,"inheritable":false,"inbound_stock":0,"stock_on_hold":0,"sold_today":0,"sales_last_days":0,"reserved_stock":0,"customer_returns":0,"warehouse_damage":0,"lost_in_post":0,"other_logs":0,"out_stock_days":0,"lost_sales":0,"has_location":false,"update_date":"2026-03-07T01:16:02","atum_locations":[],"atum_stock_status":"instock","restock_status":false,"low_stock_amount":"","sales_update_date":"2026-03-07T01:16:02","calc_backorders":null,"aioseo_notices":[],"_links":{"self":[{"href":"https:\/\/ecoshop.ee\/lt\/wp-json\/wp\/v2\/product\/7361","targetHints":{"allow":["GET"]}}],"collection":[{"href":"https:\/\/ecoshop.ee\/lt\/wp-json\/wp\/v2\/product"}],"about":[{"href":"https:\/\/ecoshop.ee\/lt\/wp-json\/wp\/v2\/types\/product"}],"replies":[{"embeddable":true,"href":"https:\/\/ecoshop.ee\/lt\/wp-json\/wp\/v2\/comments?post=7361"}],"version-history":[{"count":0,"href":"https:\/\/ecoshop.ee\/lt\/wp-json\/wp\/v2\/product\/7361\/revisions"}],"wp:featuredmedia":[{"embeddable":true,"href":"https:\/\/ecoshop.ee\/lt\/wp-json\/wp\/v2\/media\/7362"}],"wp:attachment":[{"href":"https:\/\/ecoshop.ee\/lt\/wp-json\/wp\/v2\/media?parent=7361"}],"wp:term":[{"taxonomy":"product_brand","embeddable":true,"href":"https:\/\/ecoshop.ee\/lt\/wp-json\/wp\/v2\/product_brand?post=7361"},{"taxonomy":"product_cat","embeddable":true,"href":"https:\/\/ecoshop.ee\/lt\/wp-json\/wp\/v2\/product_cat?post=7361"},{"taxonomy":"product_tag","embeddable":true,"href":"https:\/\/ecoshop.ee\/lt\/wp-json\/wp\/v2\/product_tag?post=7361"}],"curies":[{"name":"wp","href":"https:\/\/api.w.org\/{rel}","templated":true}]}}