{"id":7365,"date":"2024-08-20T22:42:17","date_gmt":"2024-08-20T19:42:17","guid":{"rendered":"https:\/\/ecoshop.ee\/?post_type=product&#038;p=7365"},"modified":"2025-08-12T13:46:08","modified_gmt":"2025-08-12T10:46:08","slug":"reguliuojamas-metalinis-skustuvas-su-5-asmenimis","status":"publish","type":"product","link":"https:\/\/ecoshop.ee\/lt\/raseerijad\/reguleeritav-metallist-raseerija-5-tera\/","title":{"rendered":"Reguliuojamas metalinis skustuvas + 5 a\u0161menys"},"content":{"rendered":"<p>Reguliuojamas chromuotas metalinis skustuvas su penkiais a\u0161menimis. Auk\u0161tos kokyb\u0117s metalinis skustuvas yra chromuotas, kad b\u016bt\u0173 patvarus ir stilingas. Reguliuojamas peiliuk\u0173 auk\u0161tis leid\u017eia reguliuoti skutimosi intensyvum\u0105 pagal savo pageidavimus, u\u017etikrinant skland\u0173 ir tiksl\u0173 skutim\u0105si kiekvien\u0105 kart\u0105. Rinkin\u012f sudaro penki kei\u010diami peiliukai, u\u017etikrinantys ilgalaik\u012f naudojim\u0105 ir maksimal\u0173 a\u0161trum\u0105. \u0160is daugkartinio naudojimo skustuvas gali pakeisti j\u016bs\u0173 plauk\u0173 \u0161alinimo patirt\u012f d\u0117l savo patogaus dizaino ir patvarios konstrukcijos. Kokyb\u0117 neb\u016btinai turi b\u016bti brangi!<\/p>\n<p>Ilgis: 10,8 cm<\/p>","protected":false},"excerpt":{"rendered":"<p>Reguliuojamas chromuotas metalinis skustuvas su penkiais a\u0161menimis. Auk\u0161tos kokyb\u0117s metalinis skustuvas yra chromuotas, kad b\u016bt\u0173 patvarus ir stilingas. Reguliuojamas\u2026<\/p>","protected":false},"featured_media":7366,"comment_status":"open","ping_status":"closed","template":"","meta":{"wprm-recipe-roundup-name":"","wprm-recipe-roundup-description":""},"product_brand":[],"product_cat":[280],"product_tag":[190],"class_list":{"0":"post-7365","1":"product","2":"type-product","3":"status-publish","4":"has-post-thumbnail","6":"product_cat-raseerijad","7":"product_tag-raseerija","9":"first","10":"instock","11":"sale","12":"taxable","13":"shipping-taxable","14":"purchasable","15":"product-type-simple"},"supplier_id":9163,"supplier_sku":"","barcode":null,"atum_controlled":true,"out_stock_date":null,"out_stock_threshold":null,"inheritable":false,"inbound_stock":0,"stock_on_hold":0,"sold_today":0,"sales_last_days":0,"reserved_stock":0,"customer_returns":0,"warehouse_damage":0,"lost_in_post":0,"other_logs":0,"out_stock_days":0,"lost_sales":0,"has_location":false,"update_date":"2026-03-28T20:41:37","atum_locations":[],"atum_stock_status":"instock","restock_status":false,"low_stock_amount":"","sales_update_date":"2026-03-28T20:41:37","calc_backorders":null,"aioseo_notices":[],"_links":{"self":[{"href":"https:\/\/ecoshop.ee\/lt\/wp-json\/wp\/v2\/product\/7365","targetHints":{"allow":["GET"]}}],"collection":[{"href":"https:\/\/ecoshop.ee\/lt\/wp-json\/wp\/v2\/product"}],"about":[{"href":"https:\/\/ecoshop.ee\/lt\/wp-json\/wp\/v2\/types\/product"}],"replies":[{"embeddable":true,"href":"https:\/\/ecoshop.ee\/lt\/wp-json\/wp\/v2\/comments?post=7365"}],"version-history":[{"count":0,"href":"https:\/\/ecoshop.ee\/lt\/wp-json\/wp\/v2\/product\/7365\/revisions"}],"wp:featuredmedia":[{"embeddable":true,"href":"https:\/\/ecoshop.ee\/lt\/wp-json\/wp\/v2\/media\/7366"}],"wp:attachment":[{"href":"https:\/\/ecoshop.ee\/lt\/wp-json\/wp\/v2\/media?parent=7365"}],"wp:term":[{"taxonomy":"product_brand","embeddable":true,"href":"https:\/\/ecoshop.ee\/lt\/wp-json\/wp\/v2\/product_brand?post=7365"},{"taxonomy":"product_cat","embeddable":true,"href":"https:\/\/ecoshop.ee\/lt\/wp-json\/wp\/v2\/product_cat?post=7365"},{"taxonomy":"product_tag","embeddable":true,"href":"https:\/\/ecoshop.ee\/lt\/wp-json\/wp\/v2\/product_tag?post=7365"}],"curies":[{"name":"wp","href":"https:\/\/api.w.org\/{rel}","templated":true}]}}