{"id":7370,"date":"2024-08-20T23:11:39","date_gmt":"2024-08-20T20:11:39","guid":{"rendered":"https:\/\/ecoshop.ee\/?post_type=product&#038;p=7370"},"modified":"2024-11-07T23:19:05","modified_gmt":"2024-11-07T20:19:05","slug":"nerudijancio-plieno-drugelio-formos-skustuvas-10-asmenu","status":"publish","type":"product","link":"https:\/\/ecoshop.ee\/lt\/raseerijad\/roostevabast-terasest-liblikraseerija-10-tera\/","title":{"rendered":"Ner\u016bdijan\u010dio plieno skustuvas \u201eDrugelis\u201c + 10 peiliuk\u0173"},"content":{"rendered":"<p>Ner\u016bdijan\u010dio plieno skustuvas \u201eDrugelis\u201c su auk\u0161tos kokyb\u0117s apdaila ir \u201eDrugelio\u201c mechanizmu, leid\u017eian\u010diu greitai ir patogiai pakeisti peiliukus. Ilga skustuvo rankena u\u017etikrina tvirt\u0105 sukibim\u0105 ir puiki\u0105 kontrol\u0119, kaskart u\u017etikrindama tiksl\u0173 ir patog\u0173 skutim\u0105si. Rinkin\u012f sudaro 10 peiliuk\u0173, kurie u\u017etikrina skland\u0173 ir tiksl\u0173 skutim\u0105si ilg\u0105 laik\u0105. Idealus pasirinkimas tiems, kurie vertina tradicin\u0119 ir auk\u0161tos kokyb\u0117s prie\u017ei\u016br\u0105. \u0160is daugkartinis skustuvas si\u016blo ekonomi\u0161k\u0105, patogi\u0105 ir auk\u0161tos kokyb\u0117s k\u016bno prie\u017ei\u016br\u0105.<\/p>\n<p>Ilgis: 12 cm<\/p>","protected":false},"excerpt":{"rendered":"<p>Roostevabast terasest liblikraseerija, millel on k\u00f5rgekvaliteediline viimistlus ja liblikmehhanism, mis v\u00f5imaldab terade vahetamist kiiresti ja mugavalt. Raseerija pikk k\u00e4epide tagab kindla haarde&hellip;<\/p>","protected":false},"featured_media":7371,"comment_status":"open","ping_status":"closed","template":"","meta":{"wprm-recipe-roundup-name":"","wprm-recipe-roundup-description":""},"product_brand":[],"product_cat":[280],"product_tag":[190],"class_list":{"0":"post-7370","1":"product","2":"type-product","3":"status-publish","4":"has-post-thumbnail","6":"product_cat-raseerijad","7":"product_tag-raseerija","9":"first","10":"instock","11":"sale","12":"taxable","13":"shipping-taxable","14":"purchasable","15":"product-type-simple"},"supplier_id":9163,"supplier_sku":"","barcode":null,"atum_controlled":true,"out_stock_date":null,"out_stock_threshold":null,"inheritable":false,"inbound_stock":0,"stock_on_hold":0,"sold_today":0,"sales_last_days":0,"reserved_stock":0,"customer_returns":0,"warehouse_damage":0,"lost_in_post":0,"other_logs":0,"out_stock_days":0,"lost_sales":0,"has_location":false,"update_date":"2026-03-07T01:16:03","atum_locations":[],"atum_stock_status":"instock","restock_status":false,"low_stock_amount":"","sales_update_date":"2026-03-07T01:16:03","calc_backorders":null,"aioseo_notices":[],"_links":{"self":[{"href":"https:\/\/ecoshop.ee\/lt\/wp-json\/wp\/v2\/product\/7370","targetHints":{"allow":["GET"]}}],"collection":[{"href":"https:\/\/ecoshop.ee\/lt\/wp-json\/wp\/v2\/product"}],"about":[{"href":"https:\/\/ecoshop.ee\/lt\/wp-json\/wp\/v2\/types\/product"}],"replies":[{"embeddable":true,"href":"https:\/\/ecoshop.ee\/lt\/wp-json\/wp\/v2\/comments?post=7370"}],"version-history":[{"count":0,"href":"https:\/\/ecoshop.ee\/lt\/wp-json\/wp\/v2\/product\/7370\/revisions"}],"wp:featuredmedia":[{"embeddable":true,"href":"https:\/\/ecoshop.ee\/lt\/wp-json\/wp\/v2\/media\/7371"}],"wp:attachment":[{"href":"https:\/\/ecoshop.ee\/lt\/wp-json\/wp\/v2\/media?parent=7370"}],"wp:term":[{"taxonomy":"product_brand","embeddable":true,"href":"https:\/\/ecoshop.ee\/lt\/wp-json\/wp\/v2\/product_brand?post=7370"},{"taxonomy":"product_cat","embeddable":true,"href":"https:\/\/ecoshop.ee\/lt\/wp-json\/wp\/v2\/product_cat?post=7370"},{"taxonomy":"product_tag","embeddable":true,"href":"https:\/\/ecoshop.ee\/lt\/wp-json\/wp\/v2\/product_tag?post=7370"}],"curies":[{"name":"wp","href":"https:\/\/api.w.org\/{rel}","templated":true}]}}