{"id":7604,"date":"2024-08-30T14:54:05","date_gmt":"2024-08-30T11:54:05","guid":{"rendered":"https:\/\/ecoshop.ee\/?post_type=product&#038;p=7604"},"modified":"2024-11-07T23:06:27","modified_gmt":"2024-11-07T20:06:27","slug":"bambuko-matcha-saukstas-chashaku","status":"publish","type":"product","link":"https:\/\/ecoshop.ee\/lt\/noud-ja-koogitarbed\/bambusest-matcha-lusikas-chashaku\/","title":{"rendered":"Bambuko degtuk\u0173 \u0161auk\u0161tas (Chashaku)"},"content":{"rendered":"<p>Tradicinis ma\u010dios \u0161auk\u0161telis, arba \u010da\u0161aku, yra rank\u0173 darbo bambukinis \u0161auk\u0161telis, b\u016btinas kiekvienam ma\u010dios m\u0117g\u0117jui. Jis naudojamas tiksliai i\u0161matuoti reikiam\u0105 ma\u010dios milteli\u0173 kiek\u012f, kad b\u016bt\u0173 pagamintas tobulas puodelis ma\u010dios. Eleganti\u0161kas ir minimalistinis \u010da\u0161aku dizainas atspindi japoni\u0161kos arbatos ceremonijos tradicijas, suteikiant autenti\u0161kumo ir ramyb\u0117s kiekvienam ma\u010dios ruo\u0161imo procesui. Ideali dovana arbatos m\u0117g\u0117jams arba puikus priedas prie bet kokio ma\u010dios rinkinio.<\/p>","protected":false},"excerpt":{"rendered":"<p>Traditsiooniline matcha lusikas ehk chashaku on k\u00e4sit\u00f6\u00f6na valminud bambusest lusikas, mis on h\u00e4davajalik igale matcha armastajale. Selle abil m\u00f5\u00f5detakse t\u00e4pselt \u00f5ige kogus&hellip;<\/p>","protected":false},"featured_media":7605,"comment_status":"open","ping_status":"closed","template":"","meta":{"wprm-recipe-roundup-name":"","wprm-recipe-roundup-description":""},"product_brand":[],"product_cat":[247],"product_tag":[317],"class_list":{"0":"post-7604","1":"product","2":"type-product","3":"status-publish","4":"has-post-thumbnail","6":"product_cat-noud-ja-koogitarbed","7":"product_tag-lusikas","9":"first","10":"instock","11":"taxable","12":"shipping-taxable","13":"purchasable","14":"product-type-simple"},"supplier_id":9163,"supplier_sku":"","barcode":null,"atum_controlled":true,"out_stock_date":null,"out_stock_threshold":null,"inheritable":false,"inbound_stock":0,"stock_on_hold":0,"sold_today":0,"sales_last_days":0,"reserved_stock":0,"customer_returns":0,"warehouse_damage":0,"lost_in_post":0,"other_logs":0,"out_stock_days":0,"lost_sales":0,"has_location":false,"update_date":"2026-03-07T01:16:03","atum_locations":[],"atum_stock_status":"instock","restock_status":false,"low_stock_amount":"","sales_update_date":"2026-03-07T01:16:03","calc_backorders":null,"aioseo_notices":[],"_links":{"self":[{"href":"https:\/\/ecoshop.ee\/lt\/wp-json\/wp\/v2\/product\/7604","targetHints":{"allow":["GET"]}}],"collection":[{"href":"https:\/\/ecoshop.ee\/lt\/wp-json\/wp\/v2\/product"}],"about":[{"href":"https:\/\/ecoshop.ee\/lt\/wp-json\/wp\/v2\/types\/product"}],"replies":[{"embeddable":true,"href":"https:\/\/ecoshop.ee\/lt\/wp-json\/wp\/v2\/comments?post=7604"}],"version-history":[{"count":0,"href":"https:\/\/ecoshop.ee\/lt\/wp-json\/wp\/v2\/product\/7604\/revisions"}],"wp:featuredmedia":[{"embeddable":true,"href":"https:\/\/ecoshop.ee\/lt\/wp-json\/wp\/v2\/media\/7605"}],"wp:attachment":[{"href":"https:\/\/ecoshop.ee\/lt\/wp-json\/wp\/v2\/media?parent=7604"}],"wp:term":[{"taxonomy":"product_brand","embeddable":true,"href":"https:\/\/ecoshop.ee\/lt\/wp-json\/wp\/v2\/product_brand?post=7604"},{"taxonomy":"product_cat","embeddable":true,"href":"https:\/\/ecoshop.ee\/lt\/wp-json\/wp\/v2\/product_cat?post=7604"},{"taxonomy":"product_tag","embeddable":true,"href":"https:\/\/ecoshop.ee\/lt\/wp-json\/wp\/v2\/product_tag?post=7604"}],"curies":[{"name":"wp","href":"https:\/\/api.w.org\/{rel}","templated":true}]}}