{"id":7875,"date":"2024-09-14T17:39:42","date_gmt":"2024-09-14T14:39:42","guid":{"rendered":"https:\/\/ecoshop.ee\/?post_type=product&#038;p=7875"},"modified":"2026-05-08T19:17:53","modified_gmt":"2026-05-08T16:17:53","slug":"veganiskas-omega-3","status":"publish","type":"product","link":"https:\/\/ecoshop.ee\/lt\/vegan-toidulisandid\/vegan-omega-3\/","title":{"rendered":"Vegani\u0161kas Omega-3, N60"},"content":{"rendered":"<p>Vegetology 100% nat\u016bralus vegani\u0161kas Omega-3 gaunamas tiesiai i\u0161 specialiame gamybos centre auginam\u0173 mikrodumbli\u0173. Jame yra <strong>300 mg EPA<\/strong> ir <strong>500 mg DHR<\/strong> su prid\u0117tu vitamiin D3, suteikian\u010diu visas \u017euv\u0173 tauk\u0173 teikiamas omega-3 riebal\u0173 r\u016bg\u0161\u010di\u0173 teikiamas savybes. Gamybos metodas leid\u017eia \u017euvims i\u0161likti vandenynuose, taip u\u017etikrinant tvarum\u0105.<\/p>\n<p><strong>Svarb\u016bs privalumai:<\/strong><\/p>\n<ul>\n<li><strong>Smegen\u0173 sveikata:<\/strong> Prisideda prie normalios smegen\u0173 veiklos.<\/li>\n<li><strong>Reg\u0117jimo palaikymas:<\/strong> Palaiko aki\u0173 sveikat\u0105.<\/li>\n<li><strong>\u0160irdies sveikata:<\/strong> Skatina \u0161irdies veikl\u0105 1TP204\u0160ilumin\u0117 funkcijarimist.<\/li>\n<\/ul>\n<p>Skirtingai nuo daugumos omega-3 papild\u0173, pagamint\u0173 i\u0161 \u017euv\u0173, m\u016bs\u0173 omega-3 gaunamos tiesiai i\u0161 dumbli\u0173 \u2013 \u0161varesn\u0117 ir tvaresn\u0117 alternatyva. Be to, Vegetology omega-3 yra veiksmingesn\u0117s nei daugelis \u017euv\u0173 tauk\u0173 pagrindu pagamint\u0173 produkt\u0173!<\/p>\n<p>&nbsp;<\/p>\n<p><iframe title=\"Atskleiskite dumbli\u0173 gali\u0105: kod\u0117l @vegetologyuk Omega-3 kei\u010dia smegen\u0173, \u0161irdies ir Eyes veikl\u0105!\" width=\"1160\" height=\"653\" src=\"https:\/\/www.youtube.com\/embed\/nzoS4FpDii8?start=1&#038;feature=oembed\" frameborder=\"0\" allow=\"accelerometer; autoplay; clipboard-write; encrypted-media; gyroscope; picture-in-picture; web-share\" referrerpolicy=\"strict-origin-when-cross-origin\" allowfullscreen><\/iframe><\/p>","protected":false},"excerpt":{"rendered":"<p>Vegetology 100% looduslik vegan Omega-3 on saadud otse mikrovetikatest, mida kasvatatakse spetsiaalses tootmiskeskuses. See sisaldab 300mg EPA-d ja 500mg DHA-d koos lisatud&hellip;<\/p>","protected":false},"featured_media":8005,"comment_status":"open","ping_status":"closed","template":"","meta":{"wprm-recipe-roundup-name":"","wprm-recipe-roundup-description":""},"product_brand":[12063],"product_cat":[318],"product_tag":[319,320,321],"class_list":{"0":"post-7875","1":"product","2":"type-product","3":"status-publish","4":"has-post-thumbnail","6":"product_brand-vegetology","7":"product_cat-vegan-toidulisandid","8":"product_tag-omega-3","9":"product_tag-toidulisand","10":"product_tag-vitamiinid","11":"j79_wcxd_expiry_type-best-before","13":"first","14":"instock","15":"taxable","16":"shipping-taxable","17":"purchasable","18":"product-type-simple"},"supplier_id":9147,"supplier_sku":"","barcode":"5060351380119","atum_controlled":true,"out_stock_date":null,"out_stock_threshold":null,"inheritable":false,"inbound_stock":0,"stock_on_hold":0,"sold_today":0,"sales_last_days":3,"reserved_stock":0,"customer_returns":0,"warehouse_damage":0,"lost_in_post":0,"other_logs":0,"out_stock_days":0,"lost_sales":0,"has_location":false,"update_date":"2026-05-12T10:48:13","atum_locations":[],"atum_stock_status":"instock","restock_status":false,"low_stock_amount":"","sales_update_date":"2026-05-12T10:48:13","calc_backorders":null,"aioseo_notices":[],"_links":{"self":[{"href":"https:\/\/ecoshop.ee\/lt\/wp-json\/wp\/v2\/product\/7875","targetHints":{"allow":["GET"]}}],"collection":[{"href":"https:\/\/ecoshop.ee\/lt\/wp-json\/wp\/v2\/product"}],"about":[{"href":"https:\/\/ecoshop.ee\/lt\/wp-json\/wp\/v2\/types\/product"}],"replies":[{"embeddable":true,"href":"https:\/\/ecoshop.ee\/lt\/wp-json\/wp\/v2\/comments?post=7875"}],"version-history":[{"count":0,"href":"https:\/\/ecoshop.ee\/lt\/wp-json\/wp\/v2\/product\/7875\/revisions"}],"wp:featuredmedia":[{"embeddable":true,"href":"https:\/\/ecoshop.ee\/lt\/wp-json\/wp\/v2\/media\/8005"}],"wp:attachment":[{"href":"https:\/\/ecoshop.ee\/lt\/wp-json\/wp\/v2\/media?parent=7875"}],"wp:term":[{"taxonomy":"product_brand","embeddable":true,"href":"https:\/\/ecoshop.ee\/lt\/wp-json\/wp\/v2\/product_brand?post=7875"},{"taxonomy":"product_cat","embeddable":true,"href":"https:\/\/ecoshop.ee\/lt\/wp-json\/wp\/v2\/product_cat?post=7875"},{"taxonomy":"product_tag","embeddable":true,"href":"https:\/\/ecoshop.ee\/lt\/wp-json\/wp\/v2\/product_tag?post=7875"}],"curies":[{"name":"wp","href":"https:\/\/api.w.org\/{rel}","templated":true}]}}